{"id":25123,"date":"2024-12-19T18:33:34","date_gmt":"2024-12-19T17:33:34","guid":{"rendered":"https:\/\/greenkingdom.ch\/product\/la-salade-serum-au-cbd-100-biologique\/"},"modified":"2025-01-02T14:20:22","modified_gmt":"2025-01-02T13:20:22","slug":"la-salade-serum-au-cbd-100-biologique","status":"publish","type":"product","link":"https:\/\/greenkingdom.ch\/it\/prodotto\/la-salade-serum-au-cbd-100-biologique\/","title":{"rendered":"L&#8217;insalata | Siero al CBD | 100% Biologico"},"content":{"rendered":"<p style=\"font-weight: 400;\">\n            <b><br \/>\n              <strong>Il nostro siero al CBD rafforza naturalmente la tua pelle<\/strong><br \/>\n            <\/b>\n          <\/p>\n<p style=\"font-weight: 400;\">In questa formula unica a spettro completo, l&#8217;acido ialuronico e la vitamina C sono combinati con il nostro estratto di canapa per una combinazione perfetta.<\/p>\n<p style=\"font-weight: 400;\">\n            <b><br \/>\n              <strong>Acido ialuronico<\/strong><br \/>\n            <\/b>\n          <\/p>\n<p style=\"font-weight: 400;\">Grazie alla sua consistenza, il siero si assorbe rapidamente ed \u00e8 adatto a tutti i tipi di pelle. \u00c8 un ottimo alleato nella cura quotidiana della pelle. <\/p>\n<p style=\"font-weight: 400;\">\n            <b><br \/>\n              <strong>Suggerimenti per l&#8217;utilizzo del nostro siero al CBD:<\/strong><br \/>\n            <\/b>\n          <\/p>\n<p style=\"font-weight: 400;\">Mattina e sera dopo la detersione per una sferzata di energia naturale. Si adatta perfettamente come prima dell&#8217;applicazione della Crema Viso Giorno e Notte. <\/p>\n<p style=\"font-weight: 400;\">Ingredienti: CBD, aloe vera, acido ialuronico, vitamina C<\/p>\n<p style=\"font-weight: 400;\">\n            <b><br \/>\n              <strong>Rinfresca la tua pelle con il nostro siero al CBD e acido ialuronico<\/strong><br \/>\n            <\/b>\n          <\/p>\n<p style=\"font-weight: 400;\">Il nostro siero all&#8217;acido ialuronico al CBD \u00e8 progettato per fornire un&#8217;idratazione intensa alla pelle. Con i suoi ingredienti naturali di prima qualit\u00e0, questo siero \u00e8 la scelta perfetta per migliorare l&#8217;aspetto della tua pelle e lasciarla morbida e luminosa. <\/p>\n<p style=\"font-weight: 400;\">\n            <b><br \/>\n              <strong>Estratto di canapa a spettro completo e acido ialuronico per un effetto ottimale<\/strong><br \/>\n            <\/b>\n          <\/p>\n<p style=\"font-weight: 400;\">Il nostro siero contiene estratto di canapa a spettro completo e acido ialuronico per la massima efficacia. L&#8217;acido ialuronico agisce in profondit\u00e0 per idratare la pelle, mentre la miscela completa di componenti della canapa offre un aiuto extra per migliorare l&#8217;aspetto della pelle. <\/p>\n<p style=\"font-weight: 400;\">\n            <b><br \/>\n              <strong>Ingredienti biologici per un uso sicuro<\/strong><br \/>\n            <\/b>\n          <\/p>\n<p style=\"font-weight: 400;\">Ci siamo sforzati di scegliere gli ingredienti biologici della migliore qualit\u00e0 per creare questo siero al CBD e acido ialuronico. Crediamo nell&#8217;importanza di fornire ai nostri clienti prodotti sicuri e affidabili per l&#8217;uso quotidiano. Quindi puoi usare il nostro siero con fiducia, sapendo che stai ottenendo la migliore qualit\u00e0 disponibile.  <\/p>\n<p style=\"font-weight: 400;\">In conclusione, se stai cercando un prodotto per idratare la tua pelle e farla sembrare pi\u00f9 giovane e luminosa, il nostro siero all&#8217;acido ialuronico al CBD \u00e8 la soluzione perfetta. Con i suoi ingredienti biologici di qualit\u00e0, l&#8217;estratto di canapa a spettro completo e l&#8217;acido ialuronico, puoi rinfrescare la tua pelle in sicurezza per risultati ottimali. Provalo oggi per vedere la differenza.  <\/p>\n","protected":false},"excerpt":{"rendered":"<p>Il nostro siero al CBD rafforza naturalmente la tua pelle In questa formula unica a spettro completo, l&#8217;acido ialuronico e la vitamina C sono combinati con il nostro estratto di canapa per una combinazione perfetta. Acido ialuronico Grazie alla sua consistenza, il siero si assorbe rapidamente ed \u00e8 adatto a tutti i tipi di pelle. [&hellip;]<\/p>\n","protected":false},"featured_media":25115,"comment_status":"open","ping_status":"closed","template":"","meta":{"_seopress_robots_primary_cat":"none","_seopress_titles_title":"","_seopress_titles_desc":"","_seopress_robots_index":""},"product_brand":[],"product_cat":[709],"product_tag":[],"class_list":{"0":"post-25123","1":"product","2":"type-product","3":"status-publish","4":"has-post-thumbnail","6":"product_cat-bien-etre-it","9":"instock","10":"taxable","11":"shipping-taxable","12":"purchasable","13":"product-type-simple","14":"product-grid-view"},"_links":{"self":[{"href":"https:\/\/greenkingdom.ch\/it\/wp-json\/wp\/v2\/product\/25123","targetHints":{"allow":["GET"]}}],"collection":[{"href":"https:\/\/greenkingdom.ch\/it\/wp-json\/wp\/v2\/product"}],"about":[{"href":"https:\/\/greenkingdom.ch\/it\/wp-json\/wp\/v2\/types\/product"}],"replies":[{"embeddable":true,"href":"https:\/\/greenkingdom.ch\/it\/wp-json\/wp\/v2\/comments?post=25123"}],"version-history":[{"count":2,"href":"https:\/\/greenkingdom.ch\/it\/wp-json\/wp\/v2\/product\/25123\/revisions"}],"predecessor-version":[{"id":27113,"href":"https:\/\/greenkingdom.ch\/it\/wp-json\/wp\/v2\/product\/25123\/revisions\/27113"}],"wp:featuredmedia":[{"embeddable":true,"href":"https:\/\/greenkingdom.ch\/it\/wp-json\/wp\/v2\/media\/25115"}],"wp:attachment":[{"href":"https:\/\/greenkingdom.ch\/it\/wp-json\/wp\/v2\/media?parent=25123"}],"wp:term":[{"taxonomy":"product_brand","embeddable":true,"href":"https:\/\/greenkingdom.ch\/it\/wp-json\/wp\/v2\/product_brand?post=25123"},{"taxonomy":"product_cat","embeddable":true,"href":"https:\/\/greenkingdom.ch\/it\/wp-json\/wp\/v2\/product_cat?post=25123"},{"taxonomy":"product_tag","embeddable":true,"href":"https:\/\/greenkingdom.ch\/it\/wp-json\/wp\/v2\/product_tag?post=25123"}],"curies":[{"name":"wp","href":"https:\/\/api.w.org\/{rel}","templated":true}]}}