{"id":25131,"date":"2024-12-19T18:34:00","date_gmt":"2024-12-19T17:34:00","guid":{"rendered":"https:\/\/greenkingdom.ch\/?post_type=product&#038;p=25131"},"modified":"2025-01-02T14:20:25","modified_gmt":"2025-01-02T13:20:25","slug":"la-salade-creme-au-cbd-100-biologique","status":"publish","type":"product","link":"https:\/\/greenkingdom.ch\/it\/prodotto\/la-salade-creme-au-cbd-100-biologique\/","title":{"rendered":"L&#8217;insalata | Crema Viso al CBD | 100% Biologico"},"content":{"rendered":"<h2 style=\"font-weight: 500;\">\n            <b><br \/>\n              <strong>La nostra crema viso al CBD<\/strong><br \/>\n            <\/b><br \/>\n          <\/h2>\n<p style=\"font-weight: 400;\">Due principi attivi puri e naturali, Aloe Vera e CBD (cannabidiolo) combinati in una formulazione perfettamente adattata alle esigenze di tutti i tipi di pelle.<\/p>\n<p style=\"font-weight: 400;\">Lo ialuronato di sodio e la vitamina E forniscono un supporto specifico giorno e notte.<\/p>\n<p style=\"font-weight: 400;\">\n<h2 style=\"font-weight: 500;\"><b><strong>Uso<\/strong><\/b><b><strong>della nostra crema<\/strong><\/b> <b><strong><\/strong> viso al CBD<\/b><\/h2>\n<p style=\"font-weight: 400;\">Mattina e sera, applicare sul viso deterso dopo il siero.<\/p>\n<p style=\"font-weight: 400;\">Ingredienti: CBD, aloe vera, ialuronato di sodio, vitamina E<\/p>\n<h2 style=\"font-weight: 500;\">\n            <b><br \/>\n              <strong>Adotta una routine di cura della pelle naturale con la nostra crema viso biologica al CBD e aloe vera<\/strong><br \/>\n            <\/b><br \/>\n          <\/h2>\n<p style=\"font-weight: 400;\">La nostra crema per il viso biologica al CBD e aloe vera \u00e8 progettata per darti un&#8217;idratazione profonda e una pelle pi\u00f9 luminosa. Con i suoi ingredienti naturali di prima qualit\u00e0, questa crema \u00e8 la scelta perfetta per migliorare l&#8217;aspetto della tua pelle in modo naturale. <\/p>\n<p style=\"font-weight: 400;\">\n<h2 style=\"font-weight: 500;\">\n            <b><br \/>\n              <strong>Estratto di canapa a spettro completo e aloe vera per una pelle nutrita e idratata<\/strong><br \/>\n            <\/b><br \/>\n          <\/h2>\n<p style=\"font-weight: 400;\">La nostra crema per il viso contiene estratto di canapa a spettro completo e aloe vera biologica per la massima efficacia. L&#8217;aloe vera idrata in profondit\u00e0 la pelle, mentre la miscela completa di componenti della canapa offre un aiuto extra per migliorare l&#8217;aspetto della pelle. <\/p>\n<p style=\"font-weight: 400;\">\n<h3 style=\"font-weight: 500;\">\n            <b><br \/>\n              <strong>Ingredienti biologici per un utilizzo senza preoccupazioni<\/strong><br \/>\n            <\/b><br \/>\n          <\/h3>\n<p style=\"font-weight: 400;\">Abbiamo scelto gli ingredienti biologici della migliore qualit\u00e0 per creare la nostra crema viso al CBD e aloe vera. Crediamo nell&#8217;importanza di fornire ai nostri clienti prodotti sicuri e affidabili per l&#8217;uso quotidiano. Quindi puoi usare la nostra crema con fiducia, sapendo che stai ottenendo la migliore qualit\u00e0 disponibile.  <\/p>\n<p style=\"font-weight: 400;\">In conclusione, se stai cercando un prodotto naturale per idratare e migliorare l&#8217;aspetto della tua pelle, la nostra crema viso biologica al CBD e aloe vera \u00e8 la soluzione perfetta. Con il suo estratto di canapa a spettro completo e l&#8217;aloe vera biologica, puoi nutrire in sicurezza la tua pelle per risultati ottimali. Provalo oggi per vedere la differenza.  <\/p>\n","protected":false},"excerpt":{"rendered":"<p>La nostra crema viso al CBD Due principi attivi puri e naturali, Aloe Vera e CBD (cannabidiolo) combinati in una formulazione perfettamente adattata alle esigenze di tutti i tipi di pelle. Lo ialuronato di sodio e la vitamina E forniscono un supporto specifico giorno e notte. Usodella nostra crema viso al CBD Mattina e sera, [&hellip;]<\/p>\n","protected":false},"featured_media":25135,"comment_status":"open","ping_status":"closed","template":"","meta":{"_seopress_robots_primary_cat":"none","_seopress_titles_title":"","_seopress_titles_desc":"","_seopress_robots_index":""},"product_brand":[],"product_cat":[709],"product_tag":[],"class_list":{"0":"post-25131","1":"product","2":"type-product","3":"status-publish","4":"has-post-thumbnail","6":"product_cat-bien-etre-it","9":"instock","10":"taxable","11":"shipping-taxable","12":"purchasable","13":"product-type-simple","14":"product-grid-view"},"_links":{"self":[{"href":"https:\/\/greenkingdom.ch\/it\/wp-json\/wp\/v2\/product\/25131","targetHints":{"allow":["GET"]}}],"collection":[{"href":"https:\/\/greenkingdom.ch\/it\/wp-json\/wp\/v2\/product"}],"about":[{"href":"https:\/\/greenkingdom.ch\/it\/wp-json\/wp\/v2\/types\/product"}],"replies":[{"embeddable":true,"href":"https:\/\/greenkingdom.ch\/it\/wp-json\/wp\/v2\/comments?post=25131"}],"version-history":[{"count":2,"href":"https:\/\/greenkingdom.ch\/it\/wp-json\/wp\/v2\/product\/25131\/revisions"}],"predecessor-version":[{"id":27119,"href":"https:\/\/greenkingdom.ch\/it\/wp-json\/wp\/v2\/product\/25131\/revisions\/27119"}],"wp:featuredmedia":[{"embeddable":true,"href":"https:\/\/greenkingdom.ch\/it\/wp-json\/wp\/v2\/media\/25135"}],"wp:attachment":[{"href":"https:\/\/greenkingdom.ch\/it\/wp-json\/wp\/v2\/media?parent=25131"}],"wp:term":[{"taxonomy":"product_brand","embeddable":true,"href":"https:\/\/greenkingdom.ch\/it\/wp-json\/wp\/v2\/product_brand?post=25131"},{"taxonomy":"product_cat","embeddable":true,"href":"https:\/\/greenkingdom.ch\/it\/wp-json\/wp\/v2\/product_cat?post=25131"},{"taxonomy":"product_tag","embeddable":true,"href":"https:\/\/greenkingdom.ch\/it\/wp-json\/wp\/v2\/product_tag?post=25131"}],"curies":[{"name":"wp","href":"https:\/\/api.w.org\/{rel}","templated":true}]}}