{"id":25147,"date":"2024-12-19T18:35:50","date_gmt":"2024-12-19T17:35:50","guid":{"rendered":"https:\/\/greenkingdom.ch\/?post_type=product&#038;p=25147"},"modified":"2025-01-02T14:20:23","modified_gmt":"2025-01-02T13:20:23","slug":"la-salade-gel-sport-au-cbd-100-biologique","status":"publish","type":"product","link":"https:\/\/greenkingdom.ch\/it\/prodotto\/la-salade-gel-sport-au-cbd-100-biologique\/","title":{"rendered":"L&#8217;insalata | Gel sportivo al CBD | 100% Biologico"},"content":{"rendered":"<h2 style=\"font-weight: 500;\">\n            <b><br \/>\n              <strong>Il nostro gel sportivo al CBD<\/strong><br \/>\n            <\/b><br \/>\n          <\/h2>\n<p style=\"font-weight: 400;\">La sinergia dell&#8217;Aloe Vera e dell&#8217;estratto di CBD forma una sinergia perfetta per i tuoi muscoli.<\/p>\n<p style=\"font-weight: 400;\">\n<h2 style=\"font-weight: 500;\">\n            <b><br \/>\n              <strong>Gel sportivo con effetti rinfrescanti<\/strong><br \/>\n            <\/b><br \/>\n          <\/h2>\n<p style=\"font-weight: 400;\">Il gel viene rapidamente assorbito dalla pelle e crea una piacevole sensazione di freschezza durante e dopo l&#8217;uso.<\/p>\n<p style=\"font-weight: 400;\">\n<h2 style=\"font-weight: 500;\">\n            <b><br \/>\n              <strong>Suggerimenti per l&#8217;utilizzo del gel sportivo al CBD:<\/strong><br \/>\n            <\/b><br \/>\n          <\/h2>\n<p style=\"font-weight: 400;\">Dopo la sessione sportiva, massaggia le zone stressate, che si tratti di muscoli o articolazioni.<\/p>\n<p style=\"font-weight: 400;\">Ingredienti: CBD, Aloe Vera, Glucosamina<\/p>\n<h2 style=\"font-weight: 500;\">\n            <b><br \/>\n              <strong>Migliora le tue prestazioni sportive con il nostro gel di CBD biologico<\/strong><br \/>\n            <\/b><br \/>\n          <\/h2>\n<p style=\"font-weight: 400;\">Il nostro gel sportivo biologico al CBD \u00e8 un prodotto di qualit\u00e0 ottimizzato per aiutarti a raggiungere i tuoi obiettivi atletici. Progettato per atleti e sportivi di tutti i livelli, questo gel ti d\u00e0 un aiuto in pi\u00f9 per migliorare le tue prestazioni. <\/p>\n<p style=\"font-weight: 400;\">\n<h3 style=\"font-weight: 500;\">\n            <b><br \/>\n              <strong>Estratto di canapa a spettro completo per una migliore efficacia<\/strong><br \/>\n            <\/b><br \/>\n          <\/h3>\n<p style=\"font-weight: 400;\">Il nostro gel contiene un estratto di canapa a spettro completo, il che significa che ottieni tutti i benefici del CBD e degli altri componenti naturali della canapa. Questa miscela completa di componenti offre la massima efficienza per un aiuto extra nelle tue attivit\u00e0 sportive. <\/p>\n<p style=\"font-weight: 400;\">\n<h2 style=\"font-weight: 500;\">\n            <b><br \/>\n              <strong>Ingredienti biologici di qualit\u00e0 per un uso sicuro<\/strong><br \/>\n            <\/b><br \/>\n          <\/h2>\n<p style=\"font-weight: 400;\">Ci siamo sforzati di scegliere gli ingredienti biologici della migliore qualit\u00e0 per creare questo gel sportivo al CBD. Crediamo nell&#8217;importanza di fornire ai nostri clienti prodotti sicuri e affidabili per l&#8217;uso quotidiano. Quindi puoi usare il nostro gel con fiducia, sapendo che stai ottenendo la migliore qualit\u00e0 disponibile.  <\/p>\n<p style=\"font-weight: 400;\">In conclusione, se stai cercando un prodotto di qualit\u00e0 ottimizzato per migliorare le tue prestazioni sportive, il nostro gel sportivo al CBD biologico \u00e8 la soluzione ideale. Con ingredienti biologici di qualit\u00e0 ed estratto di canapa a spettro completo, ottieni un aiuto extra per raggiungere i tuoi obiettivi atletici in sicurezza. Provalo oggi per vedere la differenza.  <\/p>\n","protected":false},"excerpt":{"rendered":"<p>Il nostro gel sportivo al CBD La sinergia dell&#8217;Aloe Vera e dell&#8217;estratto di CBD forma una sinergia perfetta per i tuoi muscoli. Gel sportivo con effetti rinfrescanti Il gel viene rapidamente assorbito dalla pelle e crea una piacevole sensazione di freschezza durante e dopo l&#8217;uso. Suggerimenti per l&#8217;utilizzo del gel sportivo al CBD: Dopo la [&hellip;]<\/p>\n","protected":false},"featured_media":25151,"comment_status":"open","ping_status":"closed","template":"","meta":{"_seopress_robots_primary_cat":"none","_seopress_titles_title":"","_seopress_titles_desc":"","_seopress_robots_index":""},"product_brand":[],"product_cat":[709],"product_tag":[],"class_list":{"0":"post-25147","1":"product","2":"type-product","3":"status-publish","4":"has-post-thumbnail","6":"product_cat-bien-etre-it","9":"instock","10":"taxable","11":"shipping-taxable","12":"purchasable","13":"product-type-simple","14":"product-grid-view"},"_links":{"self":[{"href":"https:\/\/greenkingdom.ch\/it\/wp-json\/wp\/v2\/product\/25147","targetHints":{"allow":["GET"]}}],"collection":[{"href":"https:\/\/greenkingdom.ch\/it\/wp-json\/wp\/v2\/product"}],"about":[{"href":"https:\/\/greenkingdom.ch\/it\/wp-json\/wp\/v2\/types\/product"}],"replies":[{"embeddable":true,"href":"https:\/\/greenkingdom.ch\/it\/wp-json\/wp\/v2\/comments?post=25147"}],"version-history":[{"count":2,"href":"https:\/\/greenkingdom.ch\/it\/wp-json\/wp\/v2\/product\/25147\/revisions"}],"predecessor-version":[{"id":27116,"href":"https:\/\/greenkingdom.ch\/it\/wp-json\/wp\/v2\/product\/25147\/revisions\/27116"}],"wp:featuredmedia":[{"embeddable":true,"href":"https:\/\/greenkingdom.ch\/it\/wp-json\/wp\/v2\/media\/25151"}],"wp:attachment":[{"href":"https:\/\/greenkingdom.ch\/it\/wp-json\/wp\/v2\/media?parent=25147"}],"wp:term":[{"taxonomy":"product_brand","embeddable":true,"href":"https:\/\/greenkingdom.ch\/it\/wp-json\/wp\/v2\/product_brand?post=25147"},{"taxonomy":"product_cat","embeddable":true,"href":"https:\/\/greenkingdom.ch\/it\/wp-json\/wp\/v2\/product_cat?post=25147"},{"taxonomy":"product_tag","embeddable":true,"href":"https:\/\/greenkingdom.ch\/it\/wp-json\/wp\/v2\/product_tag?post=25147"}],"curies":[{"name":"wp","href":"https:\/\/api.w.org\/{rel}","templated":true}]}}