{"id":25201,"date":"2024-12-20T12:36:36","date_gmt":"2024-12-20T11:36:36","guid":{"rendered":"https:\/\/greenkingdom.ch\/?post_type=product&#038;p=25201"},"modified":"2025-01-02T12:10:12","modified_gmt":"2025-01-02T11:10:12","slug":"the-green-lab-sublime-huile-de-cbd-20-full-spectrum-10ml","status":"publish","type":"product","link":"https:\/\/greenkingdom.ch\/it\/prodotto\/the-green-lab-sublime-huile-de-cbd-20-full-spectrum-10ml\/","title":{"rendered":"The Green Lab &#8220;Sublime&#8221; Olio di CBD 20% Spettro Completo 10ml"},"content":{"rendered":"<p>L&#8217;olio SUBLIME di Green Lab si distingue per la sua eccezionale purezza. Distillato, offre un olio neutro e traslucido, senza profumo, ideale per chi cerca un&#8217;esperienza discreta ed efficace. Arricchito con olio di cocco C8 Bulletproof, amplifica gli estratti e consente agli utenti di beneficiare appieno dei benefici della cannabis. SUBLIME \u00e8 l&#8217;olio di CBD pi\u00f9 puro disponibile, perfetto per un consumo di qualit\u00e0.   <\/p>\n","protected":false},"excerpt":{"rendered":"<p>L&#8217;olio SUBLIME di Green Lab si distingue per la sua eccezionale purezza. Distillato, offre un olio neutro e traslucido, senza profumo, ideale per chi cerca un&#8217;esperienza discreta ed efficace. Arricchito con olio di cocco C8 Bulletproof, amplifica gli estratti e consente agli utenti di beneficiare appieno dei benefici della cannabis. SUBLIME \u00e8 l&#8217;olio di CBD [&hellip;]<\/p>\n","protected":false},"featured_media":25247,"comment_status":"open","ping_status":"closed","template":"","meta":{"_seopress_robots_primary_cat":"none","_seopress_titles_title":"","_seopress_titles_desc":"","_seopress_robots_index":""},"product_brand":[],"product_cat":[544],"product_tag":[],"class_list":{"0":"post-25201","1":"product","2":"type-product","3":"status-publish","4":"has-post-thumbnail","6":"product_cat-oli","9":"instock","10":"taxable","11":"shipping-taxable","12":"purchasable","13":"product-type-simple","14":"product-grid-view"},"_links":{"self":[{"href":"https:\/\/greenkingdom.ch\/it\/wp-json\/wp\/v2\/product\/25201","targetHints":{"allow":["GET"]}}],"collection":[{"href":"https:\/\/greenkingdom.ch\/it\/wp-json\/wp\/v2\/product"}],"about":[{"href":"https:\/\/greenkingdom.ch\/it\/wp-json\/wp\/v2\/types\/product"}],"replies":[{"embeddable":true,"href":"https:\/\/greenkingdom.ch\/it\/wp-json\/wp\/v2\/comments?post=25201"}],"version-history":[{"count":3,"href":"https:\/\/greenkingdom.ch\/it\/wp-json\/wp\/v2\/product\/25201\/revisions"}],"predecessor-version":[{"id":26889,"href":"https:\/\/greenkingdom.ch\/it\/wp-json\/wp\/v2\/product\/25201\/revisions\/26889"}],"wp:featuredmedia":[{"embeddable":true,"href":"https:\/\/greenkingdom.ch\/it\/wp-json\/wp\/v2\/media\/25247"}],"wp:attachment":[{"href":"https:\/\/greenkingdom.ch\/it\/wp-json\/wp\/v2\/media?parent=25201"}],"wp:term":[{"taxonomy":"product_brand","embeddable":true,"href":"https:\/\/greenkingdom.ch\/it\/wp-json\/wp\/v2\/product_brand?post=25201"},{"taxonomy":"product_cat","embeddable":true,"href":"https:\/\/greenkingdom.ch\/it\/wp-json\/wp\/v2\/product_cat?post=25201"},{"taxonomy":"product_tag","embeddable":true,"href":"https:\/\/greenkingdom.ch\/it\/wp-json\/wp\/v2\/product_tag?post=25201"}],"curies":[{"name":"wp","href":"https:\/\/api.w.org\/{rel}","templated":true}]}}