{"id":25368,"date":"2024-12-20T13:44:07","date_gmt":"2024-12-20T12:44:07","guid":{"rendered":"https:\/\/greenkingdom.ch\/?post_type=product&#038;p=25368"},"modified":"2025-01-02T12:10:41","modified_gmt":"2025-01-02T11:10:41","slug":"the-green-lab-olive-huile-de-cbd-10-full-spectrum-10ml","status":"publish","type":"product","link":"https:\/\/greenkingdom.ch\/it\/prodotto\/the-green-lab-olive-huile-de-cbd-10-full-spectrum-10ml\/","title":{"rendered":"The Green Lab &#8220;Olive&#8221; Olio di CBD 10% Spettro Completo 10ml"},"content":{"rendered":"<p>La nostra gamma <a href=\"https:\/\/thegreenlab.ch\/nos-gammes\/huile-cbd-suisse\/\">di olio d&#8217;oliva CBD<\/a> si caratterizza per la sua freschezza e cremosit\u00e0. Questo elisir \u00e8 a base di olio d&#8217;oliva e limone fresco di Oliviers&amp;Co. Questo <a href=\"https:\/\/shop.greenbee.eu\/26-huiles-cbd-bio\" target=\"_blank\" rel=\"noopener\">olio di CBD<\/a> \u00e8 stato selezionato per la sua qualit\u00e0 organolettica superiore. Si abbina perfettamente al nostro estratto di cannabis. L&#8217;olio fresco di oliva e limone \u00e8 un olio notevole e leggermente acidulo. I limoni vengono spremuti freschi e interi con le olive per mantenere tutta la sottigliezza degli aromi. Questa specialit\u00e0 rivela perfettamente il sapore del limone, un agrume emblematico del Mediterraneo, sottolineato dalla dolcezza dell&#8217;olio d&#8217;oliva. Questa gamma non contiene THC, il che la rende una cosiddetta gamma ad ampio spettro. Questi preparati contengono molti cannabinoidi, che favoriscono l&#8217;effetto entourage. Sono disponibili tre varianti: 10%, 20% e 30% di CBD.         <\/p>\n","protected":false},"excerpt":{"rendered":"<p>La nostra gamma di olio d&#8217;oliva CBD si caratterizza per la sua freschezza e cremosit\u00e0. Questo elisir \u00e8 a base di olio d&#8217;oliva e limone fresco di Oliviers&amp;Co. Questo olio di CBD \u00e8 stato selezionato per la sua qualit\u00e0 organolettica superiore. Si abbina perfettamente al nostro estratto di cannabis. L&#8217;olio fresco di oliva e limone [&hellip;]<\/p>\n","protected":false},"featured_media":25376,"comment_status":"open","ping_status":"closed","template":"","meta":{"_seopress_robots_primary_cat":"none","_seopress_titles_title":"","_seopress_titles_desc":"","_seopress_robots_index":""},"product_brand":[],"product_cat":[544],"product_tag":[],"class_list":{"0":"post-25368","1":"product","2":"type-product","3":"status-publish","4":"has-post-thumbnail","6":"product_cat-oli","9":"instock","10":"taxable","11":"shipping-taxable","12":"purchasable","13":"product-type-simple","14":"product-grid-view"},"_links":{"self":[{"href":"https:\/\/greenkingdom.ch\/it\/wp-json\/wp\/v2\/product\/25368","targetHints":{"allow":["GET"]}}],"collection":[{"href":"https:\/\/greenkingdom.ch\/it\/wp-json\/wp\/v2\/product"}],"about":[{"href":"https:\/\/greenkingdom.ch\/it\/wp-json\/wp\/v2\/types\/product"}],"replies":[{"embeddable":true,"href":"https:\/\/greenkingdom.ch\/it\/wp-json\/wp\/v2\/comments?post=25368"}],"version-history":[{"count":2,"href":"https:\/\/greenkingdom.ch\/it\/wp-json\/wp\/v2\/product\/25368\/revisions"}],"predecessor-version":[{"id":26928,"href":"https:\/\/greenkingdom.ch\/it\/wp-json\/wp\/v2\/product\/25368\/revisions\/26928"}],"wp:featuredmedia":[{"embeddable":true,"href":"https:\/\/greenkingdom.ch\/it\/wp-json\/wp\/v2\/media\/25376"}],"wp:attachment":[{"href":"https:\/\/greenkingdom.ch\/it\/wp-json\/wp\/v2\/media?parent=25368"}],"wp:term":[{"taxonomy":"product_brand","embeddable":true,"href":"https:\/\/greenkingdom.ch\/it\/wp-json\/wp\/v2\/product_brand?post=25368"},{"taxonomy":"product_cat","embeddable":true,"href":"https:\/\/greenkingdom.ch\/it\/wp-json\/wp\/v2\/product_cat?post=25368"},{"taxonomy":"product_tag","embeddable":true,"href":"https:\/\/greenkingdom.ch\/it\/wp-json\/wp\/v2\/product_tag?post=25368"}],"curies":[{"name":"wp","href":"https:\/\/api.w.org\/{rel}","templated":true}]}}