{"id":25582,"date":"2024-12-20T14:50:22","date_gmt":"2024-12-20T13:50:22","guid":{"rendered":"https:\/\/greenkingdom.ch\/product\/extract-lab-baume-cbd-full-spectrum-1000mg\/"},"modified":"2025-01-02T12:06:50","modified_gmt":"2025-01-02T11:06:50","slug":"extract-lab-baume-cbd-full-spectrum-1000mg","status":"publish","type":"product","link":"https:\/\/greenkingdom.ch\/it\/prodotto\/extract-lab-baume-cbd-full-spectrum-1000mg\/","title":{"rendered":"Estratto Lab Balsamo CBD a spettro completo 1000mg"},"content":{"rendered":"<h3><strong>Balsamo riparatore della pelle<\/strong><\/h3>\n<p>Questo balsamo riparatore \u00e8 formulato con ingredienti naturali di alta qualit\u00e0: burro di karit\u00e9 biologico, olio vegetale di jojoba, cera d&#8217;api ed estratto di cannabinoidi a spettro completo. \u00c8 un cosmetico svizzero al 100%, prodotto nel cantone di Friburgo. Grazie alla ricchezza di cannabinoidi, questo balsamo agisce efficacemente su vari problemi della pelle. \u00c8 particolarmente indicato per lenire e riparare piccole lesioni cutanee come graffi, screpolature, pelle secca o piccole rotture. Aiuta anche ad alleviare il prurito correlato a condizioni come l&#8217;eczema o la psoriasi e favorisce la guarigione. Oltre alle sue propriet\u00e0 riparatrici, questo balsamo \u00e8 anche efficace nell&#8217;alleviare i dolori muscolari, articolari e infiammatori, compresa la tendinite. Grazie alle sue propriet\u00e0 antinfiammatorie e anticongestionanti, aiuta a ridurre il dolore e la tensione corporea. \u00c8 ideale anche per prevenire la comparsa di lividi e reidrata in profondit\u00e0 la pelle. Altamente concentrato con 1000mg di cannabinoidi per barattolo, si rivela una soluzione naturale e potente. \u00c8 anche perfetto per la cura post-tatuaggio, aiutando a lenire la pelle indebolita e accelerare la guarigione. Da utilizzare in piccole quantit\u00e0, il balsamo \u00e8 paragonabile al famoso Balsamo di Tigre per i suoi potenti effetti. Agisce localmente, grazie all&#8217;assorbimento dei cannabinoidi da parte dei recettori della pelle, senza entrare nel flusso sanguigno. <\/p>\n","protected":false},"excerpt":{"rendered":"<p>Balsamo riparatore della pelle Questo balsamo riparatore \u00e8 formulato con ingredienti naturali di alta qualit\u00e0: burro di karit\u00e9 biologico, olio vegetale di jojoba, cera d&#8217;api ed estratto di cannabinoidi a spettro completo. \u00c8 un cosmetico svizzero al 100%, prodotto nel cantone di Friburgo. Grazie alla ricchezza di cannabinoidi, questo balsamo agisce efficacemente su vari problemi [&hellip;]<\/p>\n","protected":false},"featured_media":25578,"comment_status":"open","ping_status":"closed","template":"","meta":{"_seopress_robots_primary_cat":"none","_seopress_titles_title":"","_seopress_titles_desc":"","_seopress_robots_index":""},"product_brand":[],"product_cat":[709],"product_tag":[],"class_list":{"0":"post-25582","1":"product","2":"type-product","3":"status-publish","4":"has-post-thumbnail","6":"product_cat-bien-etre-it","9":"instock","10":"taxable","11":"shipping-taxable","12":"purchasable","13":"product-type-simple","14":"product-grid-view"},"_links":{"self":[{"href":"https:\/\/greenkingdom.ch\/it\/wp-json\/wp\/v2\/product\/25582","targetHints":{"allow":["GET"]}}],"collection":[{"href":"https:\/\/greenkingdom.ch\/it\/wp-json\/wp\/v2\/product"}],"about":[{"href":"https:\/\/greenkingdom.ch\/it\/wp-json\/wp\/v2\/types\/product"}],"replies":[{"embeddable":true,"href":"https:\/\/greenkingdom.ch\/it\/wp-json\/wp\/v2\/comments?post=25582"}],"version-history":[{"count":2,"href":"https:\/\/greenkingdom.ch\/it\/wp-json\/wp\/v2\/product\/25582\/revisions"}],"predecessor-version":[{"id":26866,"href":"https:\/\/greenkingdom.ch\/it\/wp-json\/wp\/v2\/product\/25582\/revisions\/26866"}],"wp:featuredmedia":[{"embeddable":true,"href":"https:\/\/greenkingdom.ch\/it\/wp-json\/wp\/v2\/media\/25578"}],"wp:attachment":[{"href":"https:\/\/greenkingdom.ch\/it\/wp-json\/wp\/v2\/media?parent=25582"}],"wp:term":[{"taxonomy":"product_brand","embeddable":true,"href":"https:\/\/greenkingdom.ch\/it\/wp-json\/wp\/v2\/product_brand?post=25582"},{"taxonomy":"product_cat","embeddable":true,"href":"https:\/\/greenkingdom.ch\/it\/wp-json\/wp\/v2\/product_cat?post=25582"},{"taxonomy":"product_tag","embeddable":true,"href":"https:\/\/greenkingdom.ch\/it\/wp-json\/wp\/v2\/product_tag?post=25582"}],"curies":[{"name":"wp","href":"https:\/\/api.w.org\/{rel}","templated":true}]}}