{"id":25939,"date":"2024-12-20T16:15:06","date_gmt":"2024-12-20T15:15:06","guid":{"rendered":"https:\/\/greenkingdom.ch\/?post_type=product&#038;p=25939"},"modified":"2025-01-02T10:49:09","modified_gmt":"2025-01-02T09:49:09","slug":"purize-filtres-charbon-actif-xtra-slim-coniques-42-pieces-white","status":"publish","type":"product","link":"https:\/\/greenkingdom.ch\/it\/prodotto\/purize-filtres-charbon-actif-xtra-slim-coniques-42-pieces-white\/","title":{"rendered":"Filtri a Carboni Attivi Conici PURIZE\u00ae Xtra Slim &#8211; 42 pezzi Bianco"},"content":{"rendered":"<h3><strong>Purize 42er Vetro Conico &#8211; Filtro a Carboni Attivi<\/strong><\/h3>\n<p><strong>Il primo filtro a carboni attivi conici di lunga durata per sigarette da arrotolare!<\/strong><br \/>\nDopo un lungo periodo di ricerca e sviluppo, <strong>PURIZE\u00ae<\/strong> \u00e8 lieta di presentare il suo <strong>filtro conico a carboni attivi<\/strong>. Con il suo design unico, \u00e8 pratico ed elegante. Inoltre, \u00e8 il filtro a carboni attivi <strong>PURIZE\u00ae<\/strong> pi\u00f9 corto di sempre, con una misura di soli <strong>25 mm<\/strong>. Ideale per creare <strong>giunzioni coniche<\/strong> dalla forma perfetta! Il <strong>carbone attivo a base di cocco<\/strong> riduce efficacemente l&#8217;assorbimento delle sostanze nocive, offrendoti un&#8217;esperienza di fumo <strong>fresca, secca e aromatica<\/strong> mantenendo i tuoi polmoni sani. Compatibile con tutti i tipi di <strong>sigarette arrotolate<\/strong>, questo filtro garantisce una <strong>filtrazione ottimale<\/strong> per un fumo pi\u00f9 morbido e piacevole.   <\/p>\n<h3><strong>Caratteristiche:<\/strong><\/h3>\n<ul>\n<li><strong>Dimensioni<\/strong> : \u00d8 5,4 mm x \u00d8 5,9 mm x 25,0 mm<\/li>\n<li><strong>Ripieno<\/strong> : Carbone attivo a base di cocco<\/li>\n<li><strong>Contenuto<\/strong> : 42 filtri <strong>conici XTRA Slim Size<\/strong><\/li>\n<\/ul>\n<h3><strong>Benefici:<\/strong><\/h3>\n<ul>\n<li><strong>Adatto a tutte le sigarette da arrotolare<\/strong><\/li>\n<li><strong>Fumo pi\u00f9 morbido<\/strong> : carbone attivo di alta qualit\u00e0 per un&#8217;esperienza di fumo pi\u00f9 piacevole<\/li>\n<li><strong>Filtrazione efficace<\/strong> : riduzione delle sostanze nocive e miglioramento della qualit\u00e0 del fumo<\/li>\n<li><strong>Sostenibilit\u00e0<\/strong> : realizzato con materie prime ecocompatibili e <strong>Made in Germany<\/strong><\/li>\n<li><strong>Conservazione ottimale<\/strong> : il vetro protegge perfettamente i filtri dagli agenti esterni e garantisce una lunga durata<\/li>\n<\/ul>\n<h3><strong>Un&#8217;esperienza di fumo ottimale<\/strong><\/h3>\n<p><strong>I filtri a carboni attivi PURIZE\u00ae<\/strong> sono realizzati con cura per garantire la migliore qualit\u00e0. Non solo stai facendo una scelta benefica per la tua salute, ma stai anche contribuendo alla salvaguardia dell&#8217;ambiente grazie a materiali sostenibili ed eco-responsabili. Goditi ogni momento del fumo con filtri di alta qualit\u00e0 <strong>Made in Germany<\/strong>.  <\/p>\n","protected":false},"excerpt":{"rendered":"<p>Purize 42er Vetro Conico &#8211; Filtro a Carboni Attivi Il primo filtro a carboni attivi conici di lunga durata per sigarette da arrotolare! Dopo un lungo periodo di ricerca e sviluppo, PURIZE\u00ae \u00e8 lieta di presentare il suo filtro conico a carboni attivi. Con il suo design unico, \u00e8 pratico ed elegante. Inoltre, \u00e8 il [&hellip;]<\/p>\n","protected":false},"featured_media":25943,"comment_status":"open","ping_status":"closed","template":"","meta":{"_seopress_robots_primary_cat":"none","_seopress_titles_title":"","_seopress_titles_desc":"","_seopress_robots_index":""},"product_brand":[],"product_cat":[713],"product_tag":[],"class_list":{"0":"post-25939","1":"product","2":"type-product","3":"status-publish","4":"has-post-thumbnail","6":"product_cat-filtres-a-charbon-actif-it","9":"instock","10":"taxable","11":"shipping-taxable","12":"purchasable","13":"product-type-simple","14":"product-grid-view"},"_links":{"self":[{"href":"https:\/\/greenkingdom.ch\/it\/wp-json\/wp\/v2\/product\/25939","targetHints":{"allow":["GET"]}}],"collection":[{"href":"https:\/\/greenkingdom.ch\/it\/wp-json\/wp\/v2\/product"}],"about":[{"href":"https:\/\/greenkingdom.ch\/it\/wp-json\/wp\/v2\/types\/product"}],"replies":[{"embeddable":true,"href":"https:\/\/greenkingdom.ch\/it\/wp-json\/wp\/v2\/comments?post=25939"}],"version-history":[{"count":2,"href":"https:\/\/greenkingdom.ch\/it\/wp-json\/wp\/v2\/product\/25939\/revisions"}],"predecessor-version":[{"id":26765,"href":"https:\/\/greenkingdom.ch\/it\/wp-json\/wp\/v2\/product\/25939\/revisions\/26765"}],"wp:featuredmedia":[{"embeddable":true,"href":"https:\/\/greenkingdom.ch\/it\/wp-json\/wp\/v2\/media\/25943"}],"wp:attachment":[{"href":"https:\/\/greenkingdom.ch\/it\/wp-json\/wp\/v2\/media?parent=25939"}],"wp:term":[{"taxonomy":"product_brand","embeddable":true,"href":"https:\/\/greenkingdom.ch\/it\/wp-json\/wp\/v2\/product_brand?post=25939"},{"taxonomy":"product_cat","embeddable":true,"href":"https:\/\/greenkingdom.ch\/it\/wp-json\/wp\/v2\/product_cat?post=25939"},{"taxonomy":"product_tag","embeddable":true,"href":"https:\/\/greenkingdom.ch\/it\/wp-json\/wp\/v2\/product_tag?post=25939"}],"curies":[{"name":"wp","href":"https:\/\/api.w.org\/{rel}","templated":true}]}}