{"id":25955,"date":"2024-12-20T16:18:46","date_gmt":"2024-12-20T15:18:46","guid":{"rendered":"https:\/\/greenkingdom.ch\/?post_type=product&#038;p=25955"},"modified":"2025-01-02T10:49:12","modified_gmt":"2025-01-02T09:49:12","slug":"purize-charbon-actif-coco-150g","status":"publish","type":"product","link":"https:\/\/greenkingdom.ch\/it\/prodotto\/purize-charbon-actif-coco-150g\/","title":{"rendered":"PURIZE\u00ae Carbone Attivo di Cocco 150g"},"content":{"rendered":"<h3><strong>Carbone attivo di cocco PURIZE\u00ae \u2013 Filtrazione di alta qualit\u00e0 per un fumo pi\u00f9 morbido<\/strong><\/h3>\n<p><strong>Un&#8217;esperienza di fumo liscia grazie al carbone di cocco<\/strong><br \/>\n<strong>Il carbone attivo di cocco PURIZE\u00ae<\/strong> \u00e8 la soluzione perfetta per chi cerca un fumo <strong>pi\u00f9 morbido<\/strong> e meno tossico. Realizzato con <strong>gusci di cocco puro<\/strong>, questo carbone \u00e8 <strong>completamente vegano<\/strong> e rispettoso dell&#8217;ambiente. Filtra efficacemente le <strong>sostanze nocive<\/strong> preservando gli aromi naturali delle tue erbe, fornendo un fumo <strong>pi\u00f9 morbido<\/strong> e piacevole ad ogni utilizzo.  <\/p>\n<hr>\n<h3><strong>Efficace riduzione delle tossine e neutralizzazione degli odori<\/strong><\/h3>\n<p><strong>Il carbone\u00ae di cocco PURIZE<\/strong> \u00e8 in grado <strong>di filtrare gran parte delle sostanze nocive<\/strong>, riducendo l&#8217;impatto sui polmoni. Assorbe anche <strong>gli odori sgradevoli<\/strong>, mantenendo lo <strong>scovolino<\/strong> riducendo i depositi. Ci\u00f2 semplifica la manutenzione e consente un&#8217;esperienza di fumo pi\u00f9 piacevole e pulita.  <\/p>\n<hr>\n<h3><strong>Pratica borsa per carbone fresco<\/strong><\/h3>\n<p>Il <strong>carbone attivo sfuso<\/strong> viene fornito in un <strong>sacchetto richiudibile in PE-ZIP<\/strong>, che facilita <strong>il dosaggio<\/strong> e garantisce che il carbone rimanga <strong>fresco<\/strong> pi\u00f9 a lungo. Con <strong>150 g<\/strong> di carbone a tua disposizione, hai molto spazio per goderti molte sessioni di fumo rilassanti e piacevoli. <\/p>\n<hr>\n<h3><strong>Naturale e sostenibile<\/strong><\/h3>\n<p><strong>PURIZE\u00ae<\/strong> utilizza <strong>carbone attivo<\/strong> proveniente dai <strong>gusci di cocco<\/strong>, una risorsa naturale e rinnovabile. Questo rende l&#8217;esperienza del fumo <strong>pi\u00f9 consapevole<\/strong>, supportando anche un <strong>consumo sostenibile<\/strong>. Una scelta perfetta per i fumatori attenti all&#8217;ambiente.  <\/p>\n<hr>\n<h3><strong>Benefici del carbone attivo di cocco PURIZE\u00ae:<\/strong><\/h3>\n<ul>\n<li><strong>Fumo pi\u00f9 morbido<\/strong> : filtra efficacemente le sostanze nocive e riduce l&#8217;intensit\u00e0 del fumo.<\/li>\n<li><strong>Assorbimento degli odori<\/strong> : Riduce i cattivi odori e mantiene la pipa pi\u00f9 fresca.<\/li>\n<li><strong>Ecologico<\/strong> : realizzato con carbone di guscio di cocco, vegano e naturale.<\/li>\n<li><strong>Brodo sostenibile<\/strong> : 150 g di carbone sfuso in busta richiudibile, per molte sedute.<\/li>\n<li><strong>Comoda conservazione<\/strong> : sacchetto in <strong>PE-ZIP<\/strong> per una facile manipolazione e una conservazione ottimale del carbone.<\/li>\n<\/ul>\n<hr>\n<h3><strong>Dettagli tecnici:<\/strong><\/h3>\n<ul>\n<li><strong>Materiale<\/strong> : Carbone attivo a base di cocco di alta qualit\u00e0<\/li>\n<li><strong>Contenuto:<\/strong> 150 g di carbone sfuso<\/li>\n<li><strong>Confezione<\/strong> : Busta richiudibile PE-ZIP<\/li>\n<li><strong>Caratteristiche<\/strong> : Vegano, ecologico, efficace nel ridurre le tossine<\/li>\n<\/ul>\n<hr>\n<p>Opta per <strong>il carbone attivo di cocco PURIZE\u00ae per<\/strong> un fumo <strong>pi\u00f9 puro<\/strong> e <strong>morbido<\/strong>, prendendoti cura della tua pipa e dell&#8217;ambiente. Goditi ogni sessione con un prodotto naturale e sostenibile, progettato per offrire un&#8217;esperienza di fumo ottimale. <\/p>\n","protected":false},"excerpt":{"rendered":"<p>Carbone attivo di cocco PURIZE\u00ae \u2013 Filtrazione di alta qualit\u00e0 per un fumo pi\u00f9 morbido Un&#8217;esperienza di fumo liscia grazie al carbone di cocco Il carbone attivo di cocco PURIZE\u00ae \u00e8 la soluzione perfetta per chi cerca un fumo pi\u00f9 morbido e meno tossico. Realizzato con gusci di cocco puro, questo carbone \u00e8 completamente vegano [&hellip;]<\/p>\n","protected":false},"featured_media":25959,"comment_status":"open","ping_status":"closed","template":"","meta":{"_seopress_robots_primary_cat":"none","_seopress_titles_title":"","_seopress_titles_desc":"","_seopress_robots_index":""},"product_brand":[],"product_cat":[713],"product_tag":[],"class_list":{"0":"post-25955","1":"product","2":"type-product","3":"status-publish","4":"has-post-thumbnail","6":"product_cat-filtres-a-charbon-actif-it","9":"instock","10":"taxable","11":"shipping-taxable","12":"purchasable","13":"product-type-simple","14":"product-grid-view"},"_links":{"self":[{"href":"https:\/\/greenkingdom.ch\/it\/wp-json\/wp\/v2\/product\/25955","targetHints":{"allow":["GET"]}}],"collection":[{"href":"https:\/\/greenkingdom.ch\/it\/wp-json\/wp\/v2\/product"}],"about":[{"href":"https:\/\/greenkingdom.ch\/it\/wp-json\/wp\/v2\/types\/product"}],"replies":[{"embeddable":true,"href":"https:\/\/greenkingdom.ch\/it\/wp-json\/wp\/v2\/comments?post=25955"}],"version-history":[{"count":3,"href":"https:\/\/greenkingdom.ch\/it\/wp-json\/wp\/v2\/product\/25955\/revisions"}],"predecessor-version":[{"id":26771,"href":"https:\/\/greenkingdom.ch\/it\/wp-json\/wp\/v2\/product\/25955\/revisions\/26771"}],"wp:featuredmedia":[{"embeddable":true,"href":"https:\/\/greenkingdom.ch\/it\/wp-json\/wp\/v2\/media\/25959"}],"wp:attachment":[{"href":"https:\/\/greenkingdom.ch\/it\/wp-json\/wp\/v2\/media?parent=25955"}],"wp:term":[{"taxonomy":"product_brand","embeddable":true,"href":"https:\/\/greenkingdom.ch\/it\/wp-json\/wp\/v2\/product_brand?post=25955"},{"taxonomy":"product_cat","embeddable":true,"href":"https:\/\/greenkingdom.ch\/it\/wp-json\/wp\/v2\/product_cat?post=25955"},{"taxonomy":"product_tag","embeddable":true,"href":"https:\/\/greenkingdom.ch\/it\/wp-json\/wp\/v2\/product_tag?post=25955"}],"curies":[{"name":"wp","href":"https:\/\/api.w.org\/{rel}","templated":true}]}}