{"id":26184,"date":"2024-12-27T15:02:28","date_gmt":"2024-12-27T14:02:28","guid":{"rendered":"https:\/\/greenkingdom.ch\/?post_type=product&#038;p=26184"},"modified":"2024-12-28T16:44:54","modified_gmt":"2024-12-28T15:44:54","slug":"hybrid-supreme-filters-64mm-250-unites","status":"publish","type":"product","link":"https:\/\/greenkingdom.ch\/it\/prodotto\/hybrid-supreme-filters-64mm-250-unites\/","title":{"rendered":"Filtri Supremi ibridi da 6,4 mm (250 unit\u00e0)"},"content":{"rendered":"<p><strong>Filtri Supremi ibridi da 6,4 mm (250 unit\u00e0)<\/strong><br \/>\nMet\u00e0 cellulosa, met\u00e0 carbone attivo. Due volte pi\u00f9 efficace. (\u00d8 6,4 x 30 mm) Il filtro ideale non \u00e8 fatto solo di cellulosa o carbone attivo. Unisce le due cose. I filtri Hybrid Supreme offrono una combinazione brevettata che rimuove una quantit\u00e0 significativa di tossine dal fumo. Il risultato \u00e8 un fumo pi\u00f9 morbido e piacevole, preservando completamente il sapore delle tue erbe preferite. Questi filtri innovativi combinano i vantaggi dei tradizionali filtri a carbone con quelli a base di cellulosa per trasformare la tua esperienza di fumo! Grazie ai loro quattro segmenti distinti, forniscono una filtrazione particolarmente efficace, evitando al contempo la polvere di carbonio.  <\/p>\n<h3>Perch\u00e9 scegliere HYBRID?<\/h3>\n<p><strong>Perch\u00e9 il carbone attivo?<\/strong><br \/>\nUn filtro riempito con carbone attivo, in particolare derivato dalle noci di cocco, ha un&#8217;ampia superficie che cattura un&#8217;elevata quantit\u00e0 di tossine contenute nel fumo.<\/p>\n<p><strong>Perch\u00e9 la cellulosa?<\/strong><br \/>\nA differenza del carbone attivo, la cellulosa aiuta a bloccare le particelle pi\u00f9 grandi e funge da barriera aggiuntiva contro polvere di carbonio, nicotina e catrame.<\/p>\n<p><strong>Perch\u00e9 entrambi?<\/strong><br \/>\nL&#8217;idea di combinare i vantaggi dei due materiali \u00e8 ovvia, ma difficile da realizzare. Dopo pi\u00f9 di tre anni di ricerca, test e prototipazione, gli Hybrid Supreme Filters stanno entrando nel mercato, pronti a rivoluzionare l&#8217;esperienza del fumo. <\/p>\n<h3>Puro piacere!<\/h3>\n<p>Che tu fumi sigarette, CBD o erbe, con o senza tabacco, ogni consumatore ha le proprie preferenze. Ma con i filtri Hybrid Supreme, hai la garanzia di un&#8217;esperienza di fumo come nessun&#8217;altra. <\/p>\n<h3>Carbone eccezionale<\/h3>\n<p>Utilizziamo solo carbone attivo di alta qualit\u00e0 derivato dalle noci di cocco. Ogni filtro \u00e8 riempito con 100 mg di questo materiale, fornendo una superficie di filtrazione ottimale per risultati ancora migliori. <\/p>\n","protected":false},"excerpt":{"rendered":"<p>Filtri Supremi ibridi da 6,4 mm (250 unit\u00e0) Met\u00e0 cellulosa, met\u00e0 carbone attivo. Due volte pi\u00f9 efficace. (\u00d8 6,4 x 30 mm) Il filtro ideale non \u00e8 fatto solo di cellulosa o carbone attivo. Unisce le due cose. I filtri Hybrid Supreme offrono una combinazione brevettata che rimuove una quantit\u00e0 significativa di tossine dal fumo. [&hellip;]<\/p>\n","protected":false},"featured_media":26188,"comment_status":"open","ping_status":"closed","template":"","meta":{"_seopress_robots_primary_cat":"none","_seopress_titles_title":"","_seopress_titles_desc":"","_seopress_robots_index":""},"product_brand":[],"product_cat":[713],"product_tag":[],"class_list":{"0":"post-26184","1":"product","2":"type-product","3":"status-publish","4":"has-post-thumbnail","6":"product_cat-filtres-a-charbon-actif-it","9":"instock","10":"taxable","11":"shipping-taxable","12":"purchasable","13":"product-type-simple","14":"product-grid-view"},"_links":{"self":[{"href":"https:\/\/greenkingdom.ch\/it\/wp-json\/wp\/v2\/product\/26184","targetHints":{"allow":["GET"]}}],"collection":[{"href":"https:\/\/greenkingdom.ch\/it\/wp-json\/wp\/v2\/product"}],"about":[{"href":"https:\/\/greenkingdom.ch\/it\/wp-json\/wp\/v2\/types\/product"}],"replies":[{"embeddable":true,"href":"https:\/\/greenkingdom.ch\/it\/wp-json\/wp\/v2\/comments?post=26184"}],"version-history":[{"count":2,"href":"https:\/\/greenkingdom.ch\/it\/wp-json\/wp\/v2\/product\/26184\/revisions"}],"predecessor-version":[{"id":26810,"href":"https:\/\/greenkingdom.ch\/it\/wp-json\/wp\/v2\/product\/26184\/revisions\/26810"}],"wp:featuredmedia":[{"embeddable":true,"href":"https:\/\/greenkingdom.ch\/it\/wp-json\/wp\/v2\/media\/26188"}],"wp:attachment":[{"href":"https:\/\/greenkingdom.ch\/it\/wp-json\/wp\/v2\/media?parent=26184"}],"wp:term":[{"taxonomy":"product_brand","embeddable":true,"href":"https:\/\/greenkingdom.ch\/it\/wp-json\/wp\/v2\/product_brand?post=26184"},{"taxonomy":"product_cat","embeddable":true,"href":"https:\/\/greenkingdom.ch\/it\/wp-json\/wp\/v2\/product_cat?post=26184"},{"taxonomy":"product_tag","embeddable":true,"href":"https:\/\/greenkingdom.ch\/it\/wp-json\/wp\/v2\/product_tag?post=26184"}],"curies":[{"name":"wp","href":"https:\/\/api.w.org\/{rel}","templated":true}]}}