{"id":27966,"date":"2025-01-02T17:44:24","date_gmt":"2025-01-02T16:44:24","guid":{"rendered":"https:\/\/greenkingdom.ch\/?post_type=product&#038;p=27966"},"modified":"2025-03-05T18:02:04","modified_gmt":"2025-03-05T17:02:04","slug":"elements-artesano-king-size-slim","status":"publish","type":"product","link":"https:\/\/greenkingdom.ch\/it\/prodotto\/elements-artesano-king-size-slim\/","title":{"rendered":"Elements Artesano King Size Slim"},"content":{"rendered":"<p>Les <strong>Elements Artesano<\/strong> sont con\u00e7us pour les amateurs de sensations authentiques, offrant tout ce dont vous avez besoin pour une exp\u00e9rience de fumer compl\u00e8te et pratique. Ce pack ing\u00e9nieux contient non seulement des <strong>papiers \u00e0 rouler<\/strong> et des <strong>filtres<\/strong>, mais aussi un <strong>plateau \u00e0 \u00e9mietter<\/strong>, le tout dans un emballage compact. Un <strong>aimant<\/strong> maintient l&#8217;emballage ferm\u00e9, emp\u00eachant ainsi les papiers et les filtres de se salir ou de se froisser, pour une exp\u00e9rience soign\u00e9e \u00e0 chaque fois.<\/p>\n<p>Avec <strong>Elements Artesano<\/strong>, vous avez tout sous la main, dans un format pratique et facile \u00e0 transporter. Compar\u00e9 \u00e0 une bo\u00eete traditionnelle de 15 pi\u00e8ces, ce pack est encore plus \u00e9conomique. Fabriqu\u00e9 \u00e0 partir de <strong>100 % papier de riz pur<\/strong>, il br\u00fble de mani\u00e8re exceptionnellement propre, avec presque <strong>0% de cendres<\/strong>, garantissant une fum\u00e9e douce et agr\u00e9able, sans contaminants chimiques. Le papier ne contient ni cellulose, ni chanvre, ce qui le rend enti\u00e8rement naturel.<\/p>\n<p>Pour honorer les traditions du pass\u00e9, <strong>Elements<\/strong> a opt\u00e9 pour une <strong>gomme \u00e0 m\u00e2cher naturelle<\/strong> comme colle, assurant ainsi un produit totalement pur et respectueux de l&#8217;environnement. Le <strong>Elements Artesano<\/strong> est donc le choix parfait pour ceux qui recherchent un papier de qualit\u00e9 sup\u00e9rieure, pratique, naturel et \u00e9conomique, tout en offrant une exp\u00e9rience de fumer incomparable.<\/p>\n","protected":false},"excerpt":{"rendered":"<p>Les Elements Artesano sont con\u00e7us pour les amateurs de sensations authentiques, offrant tout ce dont vous avez besoin pour une exp\u00e9rience de fumer compl\u00e8te et pratique. Ce pack ing\u00e9nieux contient non seulement des papiers \u00e0 rouler et des filtres, mais aussi un plateau \u00e0 \u00e9mietter, le tout dans un emballage compact. Un aimant maintient l&#8217;emballage [&hellip;]<\/p>\n","protected":false},"featured_media":27970,"comment_status":"open","ping_status":"closed","template":"","meta":{"_seopress_robots_primary_cat":"none","_seopress_titles_title":"Elements Artesano King Size Slim - Green Kingdom","_seopress_titles_desc":"Avec Elements Artesano, vous avez tout sous la main, dans un format pratique et facile \u00e0 transporter.","_seopress_robots_index":""},"product_brand":[],"product_cat":[656],"product_tag":[],"class_list":{"0":"post-27966","1":"product","2":"type-product","3":"status-publish","4":"has-post-thumbnail","6":"product_cat-cartine-per-sigarette","9":"instock","10":"taxable","11":"shipping-taxable","12":"purchasable","13":"product-type-simple","14":"product-grid-view"},"_links":{"self":[{"href":"https:\/\/greenkingdom.ch\/it\/wp-json\/wp\/v2\/product\/27966","targetHints":{"allow":["GET"]}}],"collection":[{"href":"https:\/\/greenkingdom.ch\/it\/wp-json\/wp\/v2\/product"}],"about":[{"href":"https:\/\/greenkingdom.ch\/it\/wp-json\/wp\/v2\/types\/product"}],"replies":[{"embeddable":true,"href":"https:\/\/greenkingdom.ch\/it\/wp-json\/wp\/v2\/comments?post=27966"}],"version-history":[{"count":1,"href":"https:\/\/greenkingdom.ch\/it\/wp-json\/wp\/v2\/product\/27966\/revisions"}],"predecessor-version":[{"id":27973,"href":"https:\/\/greenkingdom.ch\/it\/wp-json\/wp\/v2\/product\/27966\/revisions\/27973"}],"wp:featuredmedia":[{"embeddable":true,"href":"https:\/\/greenkingdom.ch\/it\/wp-json\/wp\/v2\/media\/27970"}],"wp:attachment":[{"href":"https:\/\/greenkingdom.ch\/it\/wp-json\/wp\/v2\/media?parent=27966"}],"wp:term":[{"taxonomy":"product_brand","embeddable":true,"href":"https:\/\/greenkingdom.ch\/it\/wp-json\/wp\/v2\/product_brand?post=27966"},{"taxonomy":"product_cat","embeddable":true,"href":"https:\/\/greenkingdom.ch\/it\/wp-json\/wp\/v2\/product_cat?post=27966"},{"taxonomy":"product_tag","embeddable":true,"href":"https:\/\/greenkingdom.ch\/it\/wp-json\/wp\/v2\/product_tag?post=27966"}],"curies":[{"name":"wp","href":"https:\/\/api.w.org\/{rel}","templated":true}]}}