{"id":28140,"date":"2025-01-02T18:47:39","date_gmt":"2025-01-02T17:47:39","guid":{"rendered":"https:\/\/greenkingdom.ch\/?post_type=product&#038;p=28140"},"modified":"2025-03-05T17:53:20","modified_gmt":"2025-03-05T16:53:20","slug":"elements-refill-king-size","status":"publish","type":"product","link":"https:\/\/greenkingdom.ch\/it\/prodotto\/elements-refill-king-size\/","title":{"rendered":"Elements Refill King Size"},"content":{"rendered":"<p>Les <strong>Element Rolls Refill Kingsize<\/strong> se distinguent par leur <strong>finesse<\/strong> et leur <strong>largeur<\/strong> g\u00e9n\u00e9reuse, offrant une exp\u00e9rience de roulage id\u00e9ale pour ceux qui pr\u00e9f\u00e8rent des cigarettes longues et larges. Avec un rouleau de <strong>5 m\u00e8tres de long<\/strong>, ce papier vous permet de personnaliser vos roulages tout en offrant une flexibilit\u00e9 maximale.<\/p>\n<p>Ces recharges sont sp\u00e9cialement con\u00e7ues pour \u00eatre utilis\u00e9es dans les <strong>distributeurs acryliques Element<\/strong> ou dans des <strong>distributeurs m\u00e9talliques traditionnels<\/strong>, rendant leur utilisation tr\u00e8s pratique. De plus, elles sont livr\u00e9es sans emballage inutile, maintenues ensemble par un simple morceau de papier, ce qui permet de r\u00e9duire les d\u00e9chets tout en offrant un produit encore plus \u00e9conomique.<\/p>\n<p>La meilleure caract\u00e9ristique des <strong>Element Rolls Refill<\/strong> est sans doute leur <strong>prix comp\u00e9titif<\/strong>. C\u2019est un des papiers \u00e0 rouler les plus abordables du march\u00e9, sans compromis sur la qualit\u00e9. Ces recharges sont encore plus avantageuses que l&#8217;achat d&#8217;une bo\u00eete compl\u00e8te de 20 rouleaux, ce qui les rend particuli\u00e8rement \u00e9conomiques.<\/p>\n<p>Comme tous les produits <strong>Elements<\/strong>, ces recharges sont fabriqu\u00e9es \u00e0 partir de <strong>100 % papier de riz pur<\/strong>, sans <strong>produits chimiques<\/strong>, <strong>cellulose<\/strong> ni <strong>chanvre<\/strong>, et br\u00fblent avec <strong>presque 0 % de cendres<\/strong>. Pour rendre hommage aux <strong>origines du tabagisme<\/strong>, <strong>Elements<\/strong> utilise une <strong>colle naturelle<\/strong> \u00e0 base de gomme \u00e0 m\u00e2cher, pour un roulage propre et respectueux de l\u2019environnement.<\/p>\n","protected":false},"excerpt":{"rendered":"<p>Les Element Rolls Refill Kingsize se distinguent par leur finesse et leur largeur g\u00e9n\u00e9reuse, offrant une exp\u00e9rience de roulage id\u00e9ale pour ceux qui pr\u00e9f\u00e8rent des cigarettes longues et larges. Avec un rouleau de 5 m\u00e8tres de long, ce papier vous permet de personnaliser vos roulages tout en offrant une flexibilit\u00e9 maximale. Ces recharges sont sp\u00e9cialement [&hellip;]<\/p>\n","protected":false},"featured_media":28168,"comment_status":"open","ping_status":"closed","template":"","meta":{"_seopress_robots_primary_cat":"none","_seopress_titles_title":"Elements Refill King Size - Green Kingdom","_seopress_titles_desc":"Les Element Rolls Refill Kingsize se distinguent par leur finesse et leur largeur g\u00e9n\u00e9reuse, offrant une exp\u00e9rience de roulage id\u00e9ale pour ceux qui pr\u00e9f\u00e8rent des cigarettes longues et larges.","_seopress_robots_index":""},"product_brand":[],"product_cat":[656],"product_tag":[],"class_list":{"0":"post-28140","1":"product","2":"type-product","3":"status-publish","4":"has-post-thumbnail","6":"product_cat-cartine-per-sigarette","9":"instock","10":"taxable","11":"shipping-taxable","12":"purchasable","13":"product-type-simple","14":"product-grid-view"},"_links":{"self":[{"href":"https:\/\/greenkingdom.ch\/it\/wp-json\/wp\/v2\/product\/28140","targetHints":{"allow":["GET"]}}],"collection":[{"href":"https:\/\/greenkingdom.ch\/it\/wp-json\/wp\/v2\/product"}],"about":[{"href":"https:\/\/greenkingdom.ch\/it\/wp-json\/wp\/v2\/types\/product"}],"replies":[{"embeddable":true,"href":"https:\/\/greenkingdom.ch\/it\/wp-json\/wp\/v2\/comments?post=28140"}],"version-history":[{"count":1,"href":"https:\/\/greenkingdom.ch\/it\/wp-json\/wp\/v2\/product\/28140\/revisions"}],"predecessor-version":[{"id":28151,"href":"https:\/\/greenkingdom.ch\/it\/wp-json\/wp\/v2\/product\/28140\/revisions\/28151"}],"wp:featuredmedia":[{"embeddable":true,"href":"https:\/\/greenkingdom.ch\/it\/wp-json\/wp\/v2\/media\/28168"}],"wp:attachment":[{"href":"https:\/\/greenkingdom.ch\/it\/wp-json\/wp\/v2\/media?parent=28140"}],"wp:term":[{"taxonomy":"product_brand","embeddable":true,"href":"https:\/\/greenkingdom.ch\/it\/wp-json\/wp\/v2\/product_brand?post=28140"},{"taxonomy":"product_cat","embeddable":true,"href":"https:\/\/greenkingdom.ch\/it\/wp-json\/wp\/v2\/product_cat?post=28140"},{"taxonomy":"product_tag","embeddable":true,"href":"https:\/\/greenkingdom.ch\/it\/wp-json\/wp\/v2\/product_tag?post=28140"}],"curies":[{"name":"wp","href":"https:\/\/api.w.org\/{rel}","templated":true}]}}