{"id":28156,"date":"2025-01-02T18:49:35","date_gmt":"2025-01-02T17:49:35","guid":{"rendered":"https:\/\/greenkingdom.ch\/?post_type=product&#038;p=28156"},"modified":"2025-03-05T17:53:01","modified_gmt":"2025-03-05T16:53:01","slug":"elements-refill-king-size-slim","status":"publish","type":"product","link":"https:\/\/greenkingdom.ch\/it\/prodotto\/elements-refill-king-size-slim\/","title":{"rendered":"Elements Refill King Size Slim"},"content":{"rendered":"<p>Les <strong>Element Rolls Refill Slim<\/strong> sont con\u00e7us pour ceux qui recherchent un papier \u00e0 la fois <strong>fin<\/strong> et avec une <strong>largeur id\u00e9ale<\/strong>, situ\u00e9e entre le <strong>Kingsize<\/strong> et le <strong>Single Wide<\/strong>. Ce format est parfait pour la majorit\u00e9 des fumeurs, offrant ainsi un compromis id\u00e9al pour un roulage facile et une exp\u00e9rience de fum\u00e9e agr\u00e9able.<\/p>\n<p>Chaque rouleau mesure <strong>5 m\u00e8tres de long<\/strong>, permettant de personnaliser vos roulages selon vos pr\u00e9f\u00e9rences. Ces recharges sont con\u00e7ues pour \u00eatre utilis\u00e9es dans les <strong>distributeurs acryliques Element<\/strong> ou dans des <strong>distributeurs m\u00e9talliques traditionnels<\/strong>, offrant ainsi une solution pratique et \u00e9conomique. De plus, elles sont livr\u00e9es sans emballage superflu, maintenues ensemble simplement par un morceau de papier, ce qui r\u00e9duit le gaspillage.<\/p>\n<p>L\u2019un des plus grands avantages des <strong>Element Rolls Refill Slim<\/strong> est leur <strong>prix imbattable<\/strong>. Ces recharges sont parmi les plus abordables sur le march\u00e9, sans compromis sur la qualit\u00e9, et co\u00fbtent m\u00eame moins cher qu\u2019une bo\u00eete compl\u00e8te de <strong>20 rouleaux<\/strong>.<\/p>\n<p>Comme pour tous les produits <strong>Elements<\/strong>, les <strong>Element Rolls Refill Slim<\/strong> sont fabriqu\u00e9s \u00e0 partir de <strong>100 % de papier de riz pur<\/strong>, sans <strong>produits chimiques<\/strong>, <strong>cellulose<\/strong> ou <strong>chanvre<\/strong>, et br\u00fblent avec <strong>presque 0 % de cendres<\/strong>. Ils utilisent \u00e9galement une <strong>colle naturelle<\/strong> \u00e0 base de gomme \u00e0 m\u00e2cher, rendant chaque roulage \u00e0 la fois propre et respectueux de l&#8217;environnement. <strong>Elements<\/strong> fait revivre les traditions du tabagisme tout en offrant un produit moderne et de haute qualit\u00e9.<\/p>\n","protected":false},"excerpt":{"rendered":"<p>Les Element Rolls Refill Slim sont con\u00e7us pour ceux qui recherchent un papier \u00e0 la fois fin et avec une largeur id\u00e9ale, situ\u00e9e entre le Kingsize et le Single Wide. Ce format est parfait pour la majorit\u00e9 des fumeurs, offrant ainsi un compromis id\u00e9al pour un roulage facile et une exp\u00e9rience de fum\u00e9e agr\u00e9able. Chaque [&hellip;]<\/p>\n","protected":false},"featured_media":28160,"comment_status":"open","ping_status":"closed","template":"","meta":{"_seopress_robots_primary_cat":"none","_seopress_titles_title":"Elements Refill King Size Slim - Green Kingdom","_seopress_titles_desc":"Chaque rouleau mesure 5 m\u00e8tres de long, permettant de personnaliser vos roulages selon vos pr\u00e9f\u00e9rences.","_seopress_robots_index":""},"product_brand":[],"product_cat":[656],"product_tag":[],"class_list":{"0":"post-28156","1":"product","2":"type-product","3":"status-publish","4":"has-post-thumbnail","6":"product_cat-cartine-per-sigarette","9":"instock","10":"taxable","11":"shipping-taxable","12":"purchasable","13":"product-type-simple","14":"product-grid-view"},"_links":{"self":[{"href":"https:\/\/greenkingdom.ch\/it\/wp-json\/wp\/v2\/product\/28156","targetHints":{"allow":["GET"]}}],"collection":[{"href":"https:\/\/greenkingdom.ch\/it\/wp-json\/wp\/v2\/product"}],"about":[{"href":"https:\/\/greenkingdom.ch\/it\/wp-json\/wp\/v2\/types\/product"}],"replies":[{"embeddable":true,"href":"https:\/\/greenkingdom.ch\/it\/wp-json\/wp\/v2\/comments?post=28156"}],"version-history":[{"count":1,"href":"https:\/\/greenkingdom.ch\/it\/wp-json\/wp\/v2\/product\/28156\/revisions"}],"predecessor-version":[{"id":28163,"href":"https:\/\/greenkingdom.ch\/it\/wp-json\/wp\/v2\/product\/28156\/revisions\/28163"}],"wp:featuredmedia":[{"embeddable":true,"href":"https:\/\/greenkingdom.ch\/it\/wp-json\/wp\/v2\/media\/28160"}],"wp:attachment":[{"href":"https:\/\/greenkingdom.ch\/it\/wp-json\/wp\/v2\/media?parent=28156"}],"wp:term":[{"taxonomy":"product_brand","embeddable":true,"href":"https:\/\/greenkingdom.ch\/it\/wp-json\/wp\/v2\/product_brand?post=28156"},{"taxonomy":"product_cat","embeddable":true,"href":"https:\/\/greenkingdom.ch\/it\/wp-json\/wp\/v2\/product_cat?post=28156"},{"taxonomy":"product_tag","embeddable":true,"href":"https:\/\/greenkingdom.ch\/it\/wp-json\/wp\/v2\/product_tag?post=28156"}],"curies":[{"name":"wp","href":"https:\/\/api.w.org\/{rel}","templated":true}]}}