{"id":28431,"date":"2025-01-03T15:09:24","date_gmt":"2025-01-03T14:09:24","guid":{"rendered":"https:\/\/greenkingdom.ch\/?post_type=product&#038;p=28431"},"modified":"2025-01-28T16:58:33","modified_gmt":"2025-01-28T15:58:33","slug":"focus-v-aeris","status":"publish","type":"product","link":"https:\/\/greenkingdom.ch\/it\/prodotto\/focus-v-aeris\/","title":{"rendered":"Focus V Aeris"},"content":{"rendered":"<p><strong>Vaporizzatore intelligente AERIS \u2013 La rivoluzione del dabbing mobile<\/strong><\/p>\n<p>Il <strong>vaporizzatore AERIS Smart \u00e8<\/strong> un dispositivo compatto e potente che trasforma l&#8217;esperienza del dabbing mobile. Progettato per gli appassionati che desiderano combinare prestazioni e praticit\u00e0, l&#8217;AERIS \u00e8 ideale per sessioni di dabbing intense e gustose, sia in occasione di festival, concerti o all&#8217;aria aperta. <\/p>\n<h3><strong>Caratteristiche principali<\/strong> :<\/h3>\n<ul>\n<li><strong>Compatto e potente<\/strong> : l&#8217;AERIS si distingue per le sue dimensioni ridotte, facile da trasportare e da infilare in qualsiasi tasca, offrendo al contempo un&#8217;impressionante potenza del vapore. La sua semplicit\u00e0 d&#8217;uso consente un&#8217;esperienza fluida e senza sforzo. <\/li>\n<li><strong>Controllo del flusso d&#8217;aria regolabile<\/strong> : dotato di due cappucci d&#8217;aria integrati nel bocchino, l&#8217;AERIS ti consente di regolare il flusso d&#8217;aria per personalizzare la tua esperienza. Cambia il sapore o l&#8217;intensit\u00e0 del vapore ruotando i tappi, per ottenere un vapore denso o un sapore pi\u00f9 intenso a seconda delle tue preferenze. <\/li>\n<li><strong>Tecnologia avanzata Intelli-Core\u2122<\/strong> : l&#8217;AERIS utilizza l&#8217;atomizzatore <strong>Intelli-Core\u2122<\/strong>, una tecnologia di riscaldamento a 360 gradi che garantisce che i concentrati vengano riscaldati in modo uniforme ed efficiente. Questo produce un vapore denso e saporito, perfetto per oli ed estratti. <\/li>\n<li><strong>Robusto e portatile<\/strong> : costruito in acciaio inossidabile di alta qualit\u00e0 e protetto da una guaina in silicone, l&#8217;AERIS \u00e8 progettato per resistere alle dure condizioni della vita quotidiana. Il bocchino magnetico con inserto in ceramica \u00e8 facile da pulire e mantenere. <\/li>\n<li><strong>Funzioni intelligenti con l&#8217;app Focus V<\/strong> : collega facilmente il tuo AERIS all&#8217;app Focus V per regolare la temperatura (tra 365 e 600\u00b0F), personalizzare gli effetti di illuminazione a LED e accumulare punti esperienza. Questa funzione offre un&#8217;interazione unica e un&#8217;ampia personalizzazione delle sessioni di dabbing. <\/li>\n<li><strong>Batteria sostituibile e ricarica moderna<\/strong> : l&#8217;AERIS offre una grande flessibilit\u00e0 grazie al suo sistema di batterie sostituibili, garantendo un&#8217;autonomia estesa. Oltre alla ricarica rapida tramite USB-C, hai anche la possibilit\u00e0 di ricarica wireless, per un&#8217;esperienza <strong>senza problemi<\/strong>. <\/li>\n<\/ul>\n<h3><strong>Vantaggi<\/strong> :<\/h3>\n<ul>\n<li><strong>Compatto e mobile<\/strong> : dimensioni ideali per l&#8217;uso in movimento, ma senza compromettere le prestazioni.<\/li>\n<li><strong>Controllo del flusso d&#8217;aria<\/strong> : personalizza l&#8217;intensit\u00e0 del vapore in base alle tue preferenze.<\/li>\n<li><strong>Riscaldamento efficiente<\/strong> : la tecnologia Intelli-Core\u2122 garantisce un riscaldamento uniforme per la migliore esperienza di dabbing.<\/li>\n<li><strong>Robusto e durevole<\/strong> : corpo in acciaio inossidabile e silicone per garantire longevit\u00e0 e resistenza.<\/li>\n<li><strong>Personalizzazione tramite app<\/strong> : utilizzo semplificato e personalizzazione avanzata grazie all&#8217;app Focus V.<\/li>\n<li><strong>Durata flessibile della batteria<\/strong> : batteria sostituibile e moderne opzioni di ricarica (USB-C e wireless).<\/li>\n<\/ul>\n<h3><strong>Dettagli tecnici<\/strong> :<\/h3>\n<ul>\n<li><strong>Tecnologia Intelli-Core\u2122: riscaldamento a 360 gradi<\/strong> , progettato specificamente per oli ed estratti.<\/li>\n<li><strong>Dimensioni<\/strong> : Compatto, progettato per l&#8217;uso mobile.<\/li>\n<li><strong>Batteria<\/strong> : sistema di batterie sostituibili per una durata continua della batteria.<\/li>\n<li><strong>Punta magnetica con inserto in ceramica<\/strong> : facile da pulire e stabile per un uso prolungato.<\/li>\n<li><strong>Trasporto<\/strong> : Borsa a tracolla e cappuccio antipolvere inclusi per un trasporto sicuro.<\/li>\n<li><strong>Accessori inclusi<\/strong> : Strumenti per dabbing e tamponi per la manutenzione.<\/li>\n<li><strong>Connettivit\u00e0<\/strong> : app Focus V per la personalizzazione dei profili di riscaldamento e dei LED.<\/li>\n<li><strong>Opzioni di ricarica<\/strong> : cavo USB-C e ricarica wireless.<\/li>\n<li><strong>Materiali<\/strong> : Acciaio inossidabile e silicone per una maggiore resistenza.<\/li>\n<li><strong>Cappucci dell&#8217;aria<\/strong> : due tappi per regolare il flusso d&#8217;aria in base alle proprie preferenze.<\/li>\n<li>Intervallo di temperatura: da 365\u00b0F a 600\u00b0F per sessioni <strong>su misura<\/strong>.<\/li>\n<\/ul>\n<p>Il <strong>vaporizzatore intelligente AERIS<\/strong> \u00e8 il compagno perfetto per gli appassionati di dabbing in movimento, offrendo potenza, portabilit\u00e0 e personalizzazione. Grazie alle sue caratteristiche avanzate e al design robusto, si distingue come un dispositivo per dabbing ad alte prestazioni, pratico ed elegante. <\/p>\n","protected":false},"excerpt":{"rendered":"<p>Vaporizzatore intelligente AERIS \u2013 La rivoluzione del dabbing mobile Il vaporizzatore AERIS Smart \u00e8 un dispositivo compatto e potente che trasforma l&#8217;esperienza del dabbing mobile. Progettato per gli appassionati che desiderano combinare prestazioni e praticit\u00e0, l&#8217;AERIS \u00e8 ideale per sessioni di dabbing intense e gustose, sia in occasione di festival, concerti o all&#8217;aria aperta. Caratteristiche [&hellip;]<\/p>\n","protected":false},"featured_media":28435,"comment_status":"open","ping_status":"closed","template":"","meta":{"_seopress_robots_primary_cat":"none","_seopress_titles_title":"","_seopress_titles_desc":"","_seopress_robots_index":""},"product_brand":[],"product_cat":[674],"product_tag":[],"class_list":{"0":"post-28431","1":"product","2":"type-product","3":"status-publish","4":"has-post-thumbnail","6":"product_cat-dispositivi","9":"instock","10":"taxable","11":"shipping-taxable","12":"purchasable","13":"product-type-simple","14":"product-grid-view"},"_links":{"self":[{"href":"https:\/\/greenkingdom.ch\/it\/wp-json\/wp\/v2\/product\/28431","targetHints":{"allow":["GET"]}}],"collection":[{"href":"https:\/\/greenkingdom.ch\/it\/wp-json\/wp\/v2\/product"}],"about":[{"href":"https:\/\/greenkingdom.ch\/it\/wp-json\/wp\/v2\/types\/product"}],"replies":[{"embeddable":true,"href":"https:\/\/greenkingdom.ch\/it\/wp-json\/wp\/v2\/comments?post=28431"}],"version-history":[{"count":2,"href":"https:\/\/greenkingdom.ch\/it\/wp-json\/wp\/v2\/product\/28431\/revisions"}],"predecessor-version":[{"id":28685,"href":"https:\/\/greenkingdom.ch\/it\/wp-json\/wp\/v2\/product\/28431\/revisions\/28685"}],"wp:featuredmedia":[{"embeddable":true,"href":"https:\/\/greenkingdom.ch\/it\/wp-json\/wp\/v2\/media\/28435"}],"wp:attachment":[{"href":"https:\/\/greenkingdom.ch\/it\/wp-json\/wp\/v2\/media?parent=28431"}],"wp:term":[{"taxonomy":"product_brand","embeddable":true,"href":"https:\/\/greenkingdom.ch\/it\/wp-json\/wp\/v2\/product_brand?post=28431"},{"taxonomy":"product_cat","embeddable":true,"href":"https:\/\/greenkingdom.ch\/it\/wp-json\/wp\/v2\/product_cat?post=28431"},{"taxonomy":"product_tag","embeddable":true,"href":"https:\/\/greenkingdom.ch\/it\/wp-json\/wp\/v2\/product_tag?post=28431"}],"curies":[{"name":"wp","href":"https:\/\/api.w.org\/{rel}","templated":true}]}}