{"id":28539,"date":"2025-01-03T16:19:41","date_gmt":"2025-01-03T15:19:41","guid":{"rendered":"https:\/\/greenkingdom.ch\/product\/focus-v-iso-wipes-50-unites\/"},"modified":"2025-01-28T16:58:20","modified_gmt":"2025-01-28T15:58:20","slug":"focus-v-iso-wipes-50-unites","status":"publish","type":"product","link":"https:\/\/greenkingdom.ch\/it\/prodotto\/focus-v-iso-wipes-50-unites\/","title":{"rendered":"Focus V ISO Salviette (50 unit\u00e0)"},"content":{"rendered":"<h3><strong>Focus V ISO Salviette 50pz \u2013 Pulizia perfetta in pochissimo tempo<\/strong><\/h3>\n<p><strong>Le salviette Focus V ISO<\/strong> sono salviette detergenti potenti e convenienti, ideali per una pulizia rapida ed efficace dei dispositivi e delle superfici. Confezionati singolarmente, offrono una soluzione di pulizia e disinfezione di alta qualit\u00e0, ovunque ne abbiate bisogno. Queste salviette contengono <strong>il 70% di alcol isopropilico<\/strong>, che le rende particolarmente efficaci nella rimozione di sporco, grasso e germi.  <\/p>\n<h3><strong>Caratteristiche principali<\/strong> :<\/h3>\n<ul>\n<li><strong>Incartato singolarmente<\/strong> : ogni salvietta \u00e8 accuratamente confezionata per garantire che rimanga <strong>fresca<\/strong> e <strong>pronta per l&#8217;uso<\/strong>, a casa, in ufficio o in viaggio. Non c&#8217;\u00e8 bisogno di preoccuparsi dell&#8217;umidit\u00e0 o dello sporco, ogni salvietta \u00e8 totalmente protetta. <\/li>\n<li><strong>Pulizia potente<\/strong> : con <strong>il 70% di alcol isopropilico<\/strong>, <strong>le salviette Focus V ISO<\/strong> forniscono una <strong>disinfezione efficace<\/strong>, rimuovendo rapidamente <strong>sporco, grasso e germi<\/strong> dalle superfici, dall&#8217;elettronica o persino dalle mani. Questo livello di alcol garantisce una pulizia accurata. <\/li>\n<li><strong>Comode e facili da usare<\/strong> : queste salviette non richiedono prodotti per la pulizia o acqua aggiuntivi. Puoi usarli direttamente, ovunque tu sia, rendendoli perfetti per una pulizia veloce, anche in viaggio. La sua <strong>confezione compatta<\/strong> consente di riporli facilmente in borsa o in tasca.  <\/li>\n<li><strong>Bassa formazione di lanugine<\/strong> : <strong>le salviette a due strati<\/strong> sono progettate per ridurre al minimo la <strong>formazione di lanugine<\/strong>, assicurandoti di ottenere un risultato impeccabile senza residui o aloni. Perfetto per superfici pulite e ordinate ad ogni utilizzo. <\/li>\n<\/ul>\n<h3><strong>I vantaggi in sintesi<\/strong> :<\/h3>\n<ul>\n<li><strong>Incartato singolarmente<\/strong> per garantire una salvietta sempre fresca e pronta all&#8217;uso.<\/li>\n<li><strong>Pulizia potente<\/strong> grazie <strong>all&#8217;alcol isopropilico al 70%,<\/strong> per rimuovere facilmente sporco e germi.<\/li>\n<li><strong>Comodo e facile da usare<\/strong>, ideale per una pulizia rapida, a casa, al lavoro o in viaggio.<\/li>\n<li><strong>Bassa formazione di lanugine<\/strong> per un risultato privo di residui.<\/li>\n<li><strong>Due strati<\/strong> per una migliore resistenza e durata.<\/li>\n<\/ul>\n<h3><strong>Dettagli tecnici<\/strong> :<\/h3>\n<ul>\n<li><strong>Prodotto<\/strong> : Focus V ISO Salviette 50ct<\/li>\n<li><strong>Confezione<\/strong> : Ogni salvietta \u00e8 confezionata singolarmente.<\/li>\n<li><strong>Gradazione alcolica<\/strong> : 70% di alcol isopropilico.<\/li>\n<li><strong>Caratteristiche<\/strong> : Bassa formazione di lanugine, due strati per resistenza.<\/li>\n<\/ul>\n<p><strong>Le salviette Focus V ISO sono<\/strong> il compagno perfetto per mantenere i tuoi dispositivi, inclusi E-Rig e altri dispositivi elettronici, puliti e perfettamente funzionanti. La loro efficacia, praticit\u00e0 e facilit\u00e0 d&#8217;uso rendono queste salviette un must nella tua routine di pulizia. <\/p>\n","protected":false},"excerpt":{"rendered":"<p>Focus V ISO Salviette 50pz \u2013 Pulizia perfetta in pochissimo tempo Le salviette Focus V ISO sono salviette detergenti potenti e convenienti, ideali per una pulizia rapida ed efficace dei dispositivi e delle superfici. Confezionati singolarmente, offrono una soluzione di pulizia e disinfezione di alta qualit\u00e0, ovunque ne abbiate bisogno. Queste salviette contengono il 70% [&hellip;]<\/p>\n","protected":false},"featured_media":28535,"comment_status":"open","ping_status":"closed","template":"","meta":{"_seopress_robots_primary_cat":"none","_seopress_titles_title":"","_seopress_titles_desc":"","_seopress_robots_index":""},"product_brand":[],"product_cat":[671],"product_tag":[],"class_list":{"0":"post-28539","1":"product","2":"type-product","3":"status-publish","4":"has-post-thumbnail","6":"product_cat-accessori","9":"instock","10":"taxable","11":"shipping-taxable","12":"purchasable","13":"product-type-simple","14":"product-grid-view"},"_links":{"self":[{"href":"https:\/\/greenkingdom.ch\/it\/wp-json\/wp\/v2\/product\/28539","targetHints":{"allow":["GET"]}}],"collection":[{"href":"https:\/\/greenkingdom.ch\/it\/wp-json\/wp\/v2\/product"}],"about":[{"href":"https:\/\/greenkingdom.ch\/it\/wp-json\/wp\/v2\/types\/product"}],"replies":[{"embeddable":true,"href":"https:\/\/greenkingdom.ch\/it\/wp-json\/wp\/v2\/comments?post=28539"}],"version-history":[{"count":2,"href":"https:\/\/greenkingdom.ch\/it\/wp-json\/wp\/v2\/product\/28539\/revisions"}],"predecessor-version":[{"id":28702,"href":"https:\/\/greenkingdom.ch\/it\/wp-json\/wp\/v2\/product\/28539\/revisions\/28702"}],"wp:featuredmedia":[{"embeddable":true,"href":"https:\/\/greenkingdom.ch\/it\/wp-json\/wp\/v2\/media\/28535"}],"wp:attachment":[{"href":"https:\/\/greenkingdom.ch\/it\/wp-json\/wp\/v2\/media?parent=28539"}],"wp:term":[{"taxonomy":"product_brand","embeddable":true,"href":"https:\/\/greenkingdom.ch\/it\/wp-json\/wp\/v2\/product_brand?post=28539"},{"taxonomy":"product_cat","embeddable":true,"href":"https:\/\/greenkingdom.ch\/it\/wp-json\/wp\/v2\/product_cat?post=28539"},{"taxonomy":"product_tag","embeddable":true,"href":"https:\/\/greenkingdom.ch\/it\/wp-json\/wp\/v2\/product_tag?post=28539"}],"curies":[{"name":"wp","href":"https:\/\/api.w.org\/{rel}","templated":true}]}}