{"id":28564,"date":"2025-01-03T16:58:37","date_gmt":"2025-01-03T15:58:37","guid":{"rendered":"https:\/\/greenkingdom.ch\/?post_type=product&#038;p=28564"},"modified":"2025-01-28T16:59:15","modified_gmt":"2025-01-28T15:59:15","slug":"focus-v-carta-2-verre-de-remplacement","status":"publish","type":"product","link":"https:\/\/greenkingdom.ch\/it\/prodotto\/focus-v-carta-2-verre-de-remplacement\/","title":{"rendered":"Focus V Carta 2 Vetro di Ricambio"},"content":{"rendered":"<h3><strong>Piano in vetro di ricambio CARTA 2 &#8211; per sbuffi pi\u00f9 morbidi e nuvole pi\u00f9 grandi<\/strong><\/h3>\n<p>Migliora la tua esperienza di dabbing con il <strong>piano in vetro di ricambio CARTA 2<\/strong>. Questo <strong>ricambio in vetro<\/strong> \u00e8 progettato per ottimizzare le prestazioni del tuo <strong>CARTA 2<\/strong>, garantendo sbuffi pi\u00f9 fluidi e nuvole pi\u00f9 piene in ogni sessione. <\/p>\n<h3><strong>Caratteristiche principali<\/strong> :<\/h3>\n<ul>\n<li><strong>Ottimizzato per sbuffi morbidi<\/strong> : il <strong>tappo in vetro di ricambio CARTA 2<\/strong> \u00e8 stato appositamente progettato per rendere ogni tiro pi\u00f9 piacevole, anche durante le boccate pi\u00f9 grandi. Grazie al suo design accuratamente sintonizzato, garantisce un&#8217;esperienza di dabbing <strong>liscia<\/strong> e <strong>setosa<\/strong>, massimizzando al contempo la produzione di vapore. <\/li>\n<li><strong>Design semplice ed elegante<\/strong> : questo <strong>piano in vetro<\/strong> mantiene l&#8217;aspetto elegante del tuo dispositivo <strong>CARTA 2<\/strong> migliorando le prestazioni. Lungi dall&#8217;essere solo un pezzo funzionale, completa il look del tuo <strong>E-Rig<\/strong> con un design sobrio e pulito. <\/li>\n<li><strong>Facilit\u00e0 d&#8217;uso<\/strong> : L&#8217;installazione di questo <strong>piano in vetro di ricambio<\/strong> \u00e8 facile e veloce. Si adatta perfettamente al tuo <strong>CARTA 2<\/strong> senza alcuno sforzo aggiuntivo, permettendoti di riprendere rapidamente le tue sessioni di dabbing con un&#8217;esperienza ottimizzata. <\/li>\n<li><strong>Prestazioni superiori<\/strong> : questo <strong>Glass Top<\/strong> migliora la qualit\u00e0 di ogni sessione erogando <strong>nuvole voluminose<\/strong> e <strong>vapore pi\u00f9 fluido<\/strong> anche durante le sessioni pi\u00f9 intense.<\/li>\n<\/ul>\n<h3><strong>I vantaggi in sintesi<\/strong> :<\/h3>\n<ul>\n<li><strong>Ottimizzato per tiri delicati<\/strong> : offre sbuffi piacevoli e fluidi anche per le nuvole pi\u00f9 grandi.<\/li>\n<li><strong>Facilit\u00e0 d&#8217;uso<\/strong> : Installazione semplice, perfetta per sostituire un vecchio <strong>piano in vetro<\/strong>.<\/li>\n<li><strong>Prestazioni migliorate<\/strong> : rende le sessioni pi\u00f9 confortevoli, con un migliore controllo del vapore.<\/li>\n<li><strong>Design elegante<\/strong> : si abbina perfettamente all&#8217;aspetto della tua <strong>CARTA 2<\/strong>.<\/li>\n<\/ul>\n<h3><strong>Dettagli tecnici<\/strong> :<\/h3>\n<ul>\n<li><strong>Compatibilit\u00e0<\/strong> : Compatibile solo con <strong>CARTA 2<\/strong>.<\/li>\n<li><strong>Caratteristiche speciali<\/strong> : Ottimizzato per tiri lisci e facile installazione.<\/li>\n<\/ul>\n<p>Sia che tu stia cercando di sostituire una parte rotta o semplicemente di migliorare la tua esperienza di dabbing, il <strong>piano in vetro di ricambio CARTA 2<\/strong> \u00e8 la soluzione perfetta per goderti un vapore morbido e piacevole, aumentando al contempo la qualit\u00e0 dei tuoi tiri e la produzione di vapore. Un accessorio irrinunciabile per tutti gli utenti <strong>di CARTA 2<\/strong> ! <\/p>\n","protected":false},"excerpt":{"rendered":"<p>Piano in vetro di ricambio CARTA 2 &#8211; per sbuffi pi\u00f9 morbidi e nuvole pi\u00f9 grandi Migliora la tua esperienza di dabbing con il piano in vetro di ricambio CARTA 2. Questo ricambio in vetro \u00e8 progettato per ottimizzare le prestazioni del tuo CARTA 2, garantendo sbuffi pi\u00f9 fluidi e nuvole pi\u00f9 piene in ogni [&hellip;]<\/p>\n","protected":false},"featured_media":28568,"comment_status":"open","ping_status":"closed","template":"","meta":{"_seopress_robots_primary_cat":"none","_seopress_titles_title":"","_seopress_titles_desc":"","_seopress_robots_index":""},"product_brand":[],"product_cat":[671],"product_tag":[],"class_list":{"0":"post-28564","1":"product","2":"type-product","3":"status-publish","4":"has-post-thumbnail","6":"product_cat-accessori","9":"instock","10":"taxable","11":"shipping-taxable","12":"purchasable","13":"product-type-simple","14":"product-grid-view"},"_links":{"self":[{"href":"https:\/\/greenkingdom.ch\/it\/wp-json\/wp\/v2\/product\/28564","targetHints":{"allow":["GET"]}}],"collection":[{"href":"https:\/\/greenkingdom.ch\/it\/wp-json\/wp\/v2\/product"}],"about":[{"href":"https:\/\/greenkingdom.ch\/it\/wp-json\/wp\/v2\/types\/product"}],"replies":[{"embeddable":true,"href":"https:\/\/greenkingdom.ch\/it\/wp-json\/wp\/v2\/comments?post=28564"}],"version-history":[{"count":3,"href":"https:\/\/greenkingdom.ch\/it\/wp-json\/wp\/v2\/product\/28564\/revisions"}],"predecessor-version":[{"id":28704,"href":"https:\/\/greenkingdom.ch\/it\/wp-json\/wp\/v2\/product\/28564\/revisions\/28704"}],"wp:featuredmedia":[{"embeddable":true,"href":"https:\/\/greenkingdom.ch\/it\/wp-json\/wp\/v2\/media\/28568"}],"wp:attachment":[{"href":"https:\/\/greenkingdom.ch\/it\/wp-json\/wp\/v2\/media?parent=28564"}],"wp:term":[{"taxonomy":"product_brand","embeddable":true,"href":"https:\/\/greenkingdom.ch\/it\/wp-json\/wp\/v2\/product_brand?post=28564"},{"taxonomy":"product_cat","embeddable":true,"href":"https:\/\/greenkingdom.ch\/it\/wp-json\/wp\/v2\/product_cat?post=28564"},{"taxonomy":"product_tag","embeddable":true,"href":"https:\/\/greenkingdom.ch\/it\/wp-json\/wp\/v2\/product_tag?post=28564"}],"curies":[{"name":"wp","href":"https:\/\/api.w.org\/{rel}","templated":true}]}}