{"id":28854,"date":"2025-01-04T16:38:06","date_gmt":"2025-01-04T15:38:06","guid":{"rendered":"https:\/\/greenkingdom.ch\/?post_type=product&#038;p=28854"},"modified":"2025-01-28T16:58:40","modified_gmt":"2025-01-28T15:58:40","slug":"real-leaf-damiana","status":"publish","type":"product","link":"https:\/\/greenkingdom.ch\/it\/prodotto\/real-leaf-damiana\/","title":{"rendered":"Foglia Vera Damiana Selvatica 30g"},"content":{"rendered":"<p><strong>Real Leaf<\/strong> ti offre miscele di erbe di alta qualit\u00e0, completamente prive di tabacco e naturali al 100%. Realizzata artigianalmente, ogni miscela si distingue per la sua consistenza fine, il gusto gradevole e l&#8217;eccezionale dolcezza. Grazie ad un trattamento accurato e scorrevole, <strong>Real Leaf<\/strong> \u00e8 perfetto per l&#8217;arrotolamento, offrendo un&#8217;alternativa ideale per chi vuole fare a meno del tabacco. Realizzato con foglie di lampone, marshmallow e candela reale e damiana selvatica, <strong>Real Leaf<\/strong> ti offre un&#8217;esperienza di fumo liscia, pura e piacevole senza nicotina o sostanze chimiche. Che si tratti di sostituire il tabacco nelle canne o di fumare puro, queste miscele sono perfette per chiunque voglia smettere di fumare o ridurre il consumo di tabacco. Fondata nel 2012, <strong>Real Leaf<\/strong> si \u00e8 rapidamente affermata come leader nelle miscele di erbe senza nicotina. Il suo obiettivo \u00e8 sempre stato quello di fornire un&#8217;alternativa pi\u00f9 sana al tabacco, consentendo ai fumatori di liberarsi dagli effetti nocivi del tabacco preservando il piacere del fumo. Con <strong>Real Leaf<\/strong>, scegli un prodotto biologico, naturale e privo di nicotina, per un&#8217;esperienza di fumo pi\u00f9 pulita, liscia e sana. Sia che tu stia cercando di passare all&#8217;assenza di tabacco o semplicemente di una soluzione pi\u00f9 pura e piacevole, <strong>Real Leaf<\/strong> \u00e8 la soluzione intelligente per i fumatori. Smetti di fumare dolcemente e fuma senza nicotina con <strong>Real Leaf<\/strong>.  <\/p>\n","protected":false},"excerpt":{"rendered":"<p>Real Leaf ti offre miscele di erbe di alta qualit\u00e0, completamente prive di tabacco e naturali al 100%. Realizzata artigianalmente, ogni miscela si distingue per la sua consistenza fine, il gusto gradevole e l&#8217;eccezionale dolcezza. Grazie ad un trattamento accurato e scorrevole, Real Leaf \u00e8 perfetto per l&#8217;arrotolamento, offrendo un&#8217;alternativa ideale per chi vuole fare [&hellip;]<\/p>\n","protected":false},"featured_media":28870,"comment_status":"open","ping_status":"closed","template":"","meta":{"_seopress_robots_primary_cat":"none","_seopress_titles_title":"","_seopress_titles_desc":"","_seopress_robots_index":""},"product_brand":[],"product_cat":[721],"product_tag":[],"class_list":{"0":"post-28854","1":"product","2":"type-product","3":"status-publish","4":"has-post-thumbnail","6":"product_cat-sostituto-del-tabacco-it","9":"instock","10":"taxable","11":"shipping-taxable","12":"purchasable","13":"product-type-simple","14":"product-grid-view"},"_links":{"self":[{"href":"https:\/\/greenkingdom.ch\/it\/wp-json\/wp\/v2\/product\/28854","targetHints":{"allow":["GET"]}}],"collection":[{"href":"https:\/\/greenkingdom.ch\/it\/wp-json\/wp\/v2\/product"}],"about":[{"href":"https:\/\/greenkingdom.ch\/it\/wp-json\/wp\/v2\/types\/product"}],"replies":[{"embeddable":true,"href":"https:\/\/greenkingdom.ch\/it\/wp-json\/wp\/v2\/comments?post=28854"}],"version-history":[{"count":4,"href":"https:\/\/greenkingdom.ch\/it\/wp-json\/wp\/v2\/product\/28854\/revisions"}],"predecessor-version":[{"id":31209,"href":"https:\/\/greenkingdom.ch\/it\/wp-json\/wp\/v2\/product\/28854\/revisions\/31209"}],"wp:featuredmedia":[{"embeddable":true,"href":"https:\/\/greenkingdom.ch\/it\/wp-json\/wp\/v2\/media\/28870"}],"wp:attachment":[{"href":"https:\/\/greenkingdom.ch\/it\/wp-json\/wp\/v2\/media?parent=28854"}],"wp:term":[{"taxonomy":"product_brand","embeddable":true,"href":"https:\/\/greenkingdom.ch\/it\/wp-json\/wp\/v2\/product_brand?post=28854"},{"taxonomy":"product_cat","embeddable":true,"href":"https:\/\/greenkingdom.ch\/it\/wp-json\/wp\/v2\/product_cat?post=28854"},{"taxonomy":"product_tag","embeddable":true,"href":"https:\/\/greenkingdom.ch\/it\/wp-json\/wp\/v2\/product_tag?post=28854"}],"curies":[{"name":"wp","href":"https:\/\/api.w.org\/{rel}","templated":true}]}}