{"id":30687,"date":"2025-01-24T14:00:19","date_gmt":"2025-01-24T13:00:19","guid":{"rendered":"https:\/\/greenkingdom.ch\/?post_type=product&#038;p=30687"},"modified":"2025-02-07T17:09:44","modified_gmt":"2025-02-07T16:09:44","slug":"g-rollz-hemp-cone-strawberry-pop","status":"publish","type":"product","link":"https:\/\/greenkingdom.ch\/it\/prodotto\/g-rollz-hemp-cone-strawberry-pop\/","title":{"rendered":"G-Rollz Cono di canapa Strawberry Pop (2 pezzi)"},"content":{"rendered":"<h3>G-Rollz Coni di Canapa Fragola (2 pezzi)<\/h3>\n<p>Goditi l&#8217;esperienza unica dei nostri blunt in fibra di canapa con un delizioso profumo fruttato di fragola. Realizzati con canapa biologica spagnola di alta qualit\u00e0, questi blunt offrono un&#8217;elevata resistenza allo strappo e un&#8217;eccellente ritenzione dell&#8217;umidit\u00e0. Ci\u00f2 consente un riempimento facile e senza preoccupazioni, senza timore di strappi o crepe. Senza tabacco e nicotina, questi G-Rollz sono l&#8217;alternativa ideale per un&#8217;esperienza naturale e gustosa.<\/p>\n","protected":false},"excerpt":{"rendered":"<p>G-Rollz Coni di Canapa Fragola (2 pezzi) Goditi l&#8217;esperienza unica dei nostri blunt in fibra di canapa con un delizioso profumo fruttato di fragola. Realizzati con canapa biologica spagnola di alta qualit\u00e0, questi blunt offrono un&#8217;elevata resistenza allo strappo e un&#8217;eccellente ritenzione dell&#8217;umidit\u00e0. Ci\u00f2 consente un riempimento facile e senza preoccupazioni, senza timore di strappi [&hellip;]<\/p>\n","protected":false},"featured_media":30813,"comment_status":"open","ping_status":"closed","template":"","meta":{"_seopress_robots_primary_cat":"none","_seopress_titles_title":"","_seopress_titles_desc":"","_seopress_robots_index":""},"product_brand":[],"product_cat":[729],"product_tag":[],"class_list":{"0":"post-30687","1":"product","2":"type-product","3":"status-publish","4":"has-post-thumbnail","6":"product_cat-blunts-it","9":"instock","10":"taxable","11":"shipping-taxable","12":"purchasable","13":"product-type-simple","14":"product-grid-view"},"_links":{"self":[{"href":"https:\/\/greenkingdom.ch\/it\/wp-json\/wp\/v2\/product\/30687","targetHints":{"allow":["GET"]}}],"collection":[{"href":"https:\/\/greenkingdom.ch\/it\/wp-json\/wp\/v2\/product"}],"about":[{"href":"https:\/\/greenkingdom.ch\/it\/wp-json\/wp\/v2\/types\/product"}],"replies":[{"embeddable":true,"href":"https:\/\/greenkingdom.ch\/it\/wp-json\/wp\/v2\/comments?post=30687"}],"version-history":[{"count":2,"href":"https:\/\/greenkingdom.ch\/it\/wp-json\/wp\/v2\/product\/30687\/revisions"}],"predecessor-version":[{"id":32105,"href":"https:\/\/greenkingdom.ch\/it\/wp-json\/wp\/v2\/product\/30687\/revisions\/32105"}],"wp:featuredmedia":[{"embeddable":true,"href":"https:\/\/greenkingdom.ch\/it\/wp-json\/wp\/v2\/media\/30813"}],"wp:attachment":[{"href":"https:\/\/greenkingdom.ch\/it\/wp-json\/wp\/v2\/media?parent=30687"}],"wp:term":[{"taxonomy":"product_brand","embeddable":true,"href":"https:\/\/greenkingdom.ch\/it\/wp-json\/wp\/v2\/product_brand?post=30687"},{"taxonomy":"product_cat","embeddable":true,"href":"https:\/\/greenkingdom.ch\/it\/wp-json\/wp\/v2\/product_cat?post=30687"},{"taxonomy":"product_tag","embeddable":true,"href":"https:\/\/greenkingdom.ch\/it\/wp-json\/wp\/v2\/product_tag?post=30687"}],"curies":[{"name":"wp","href":"https:\/\/api.w.org\/{rel}","templated":true}]}}