{"id":30840,"date":"2025-01-24T14:39:07","date_gmt":"2025-01-24T13:39:07","guid":{"rendered":"https:\/\/greenkingdom.ch\/?post_type=product&#038;p=30840"},"modified":"2025-02-07T17:09:43","modified_gmt":"2025-02-07T16:09:43","slug":"g-rollz-hemp-cone-passion-haze","status":"publish","type":"product","link":"https:\/\/greenkingdom.ch\/it\/prodotto\/g-rollz-hemp-cone-passion-haze\/","title":{"rendered":"G-Rollz Cono di canapa Passion Haze (2 pezzi)"},"content":{"rendered":"<h3>G-Rollz Coni di canapa Passion Haze (2 pezzi)<\/h3>\n<p>Lasciati incantare dai nostri blunt in fibra di canapa dal gusto esotico e ammaliante del frutto della passione. Realizzati in canapa biologica spagnola di prima qualit\u00e0, questi blunt offrono un&#8217;eccezionale resistenza allo strappo e ritenzione dell&#8217;umidit\u00e0, permettendoti di ricaricare i tuoi blunt con facilit\u00e0, senza timore di strappi o screpolature. Privi di tabacco e nicotina, questi G-Rollz sono l&#8217;alternativa perfetta per un&#8217;esperienza di fumo naturale e gustosa.<\/p>\n","protected":false},"excerpt":{"rendered":"<p>G-Rollz Coni di canapa Passion Haze (2 pezzi) Lasciati incantare dai nostri blunt in fibra di canapa dal gusto esotico e ammaliante del frutto della passione. Realizzati in canapa biologica spagnola di prima qualit\u00e0, questi blunt offrono un&#8217;eccezionale resistenza allo strappo e ritenzione dell&#8217;umidit\u00e0, permettendoti di ricaricare i tuoi blunt con facilit\u00e0, senza timore di [&hellip;]<\/p>\n","protected":false},"featured_media":30861,"comment_status":"open","ping_status":"closed","template":"","meta":{"_seopress_robots_primary_cat":"none","_seopress_titles_title":"","_seopress_titles_desc":"","_seopress_robots_index":""},"product_brand":[],"product_cat":[729],"product_tag":[],"class_list":{"0":"post-30840","1":"product","2":"type-product","3":"status-publish","4":"has-post-thumbnail","6":"product_cat-blunts-it","9":"instock","10":"taxable","11":"shipping-taxable","12":"purchasable","13":"product-type-simple","14":"product-grid-view"},"_links":{"self":[{"href":"https:\/\/greenkingdom.ch\/it\/wp-json\/wp\/v2\/product\/30840","targetHints":{"allow":["GET"]}}],"collection":[{"href":"https:\/\/greenkingdom.ch\/it\/wp-json\/wp\/v2\/product"}],"about":[{"href":"https:\/\/greenkingdom.ch\/it\/wp-json\/wp\/v2\/types\/product"}],"replies":[{"embeddable":true,"href":"https:\/\/greenkingdom.ch\/it\/wp-json\/wp\/v2\/comments?post=30840"}],"version-history":[{"count":3,"href":"https:\/\/greenkingdom.ch\/it\/wp-json\/wp\/v2\/product\/30840\/revisions"}],"predecessor-version":[{"id":32104,"href":"https:\/\/greenkingdom.ch\/it\/wp-json\/wp\/v2\/product\/30840\/revisions\/32104"}],"wp:featuredmedia":[{"embeddable":true,"href":"https:\/\/greenkingdom.ch\/it\/wp-json\/wp\/v2\/media\/30861"}],"wp:attachment":[{"href":"https:\/\/greenkingdom.ch\/it\/wp-json\/wp\/v2\/media?parent=30840"}],"wp:term":[{"taxonomy":"product_brand","embeddable":true,"href":"https:\/\/greenkingdom.ch\/it\/wp-json\/wp\/v2\/product_brand?post=30840"},{"taxonomy":"product_cat","embeddable":true,"href":"https:\/\/greenkingdom.ch\/it\/wp-json\/wp\/v2\/product_cat?post=30840"},{"taxonomy":"product_tag","embeddable":true,"href":"https:\/\/greenkingdom.ch\/it\/wp-json\/wp\/v2\/product_tag?post=30840"}],"curies":[{"name":"wp","href":"https:\/\/api.w.org\/{rel}","templated":true}]}}