{"id":31437,"date":"2025-01-31T15:45:50","date_gmt":"2025-01-31T14:45:50","guid":{"rendered":"https:\/\/greenkingdom.ch\/?post_type=product&#038;p=31437"},"modified":"2025-01-31T16:02:19","modified_gmt":"2025-01-31T15:02:19","slug":"aquamaster-tools-substrat-ph-temp-s300-pro-2","status":"publish","type":"product","link":"https:\/\/greenkingdom.ch\/it\/prodotto\/aquamaster-tools-substrat-ph-temp-s300-pro-2\/","title":{"rendered":"Aquamaster Tools Substrat pH\/Temp S300 Pro 2"},"content":{"rendered":"<p>Le S300 Pro 2 est l&#8217;instrument de mesure parfait pour d\u00e9terminer le pH et la temp\u00e9rature dans la terre de coco, d&#8217;autres substrats humides et mous, ainsi que dans des liquides.<\/p>\n<p>Son bo\u00eetier moderne et robuste, \u00e9quip\u00e9 de touches faciles \u00e0 utiliser, garantit une exp\u00e9rience utilisateur optimale. De plus, l&#8217;appareil est dot\u00e9 d&#8217;une \u00e9lectrode de pH d&#8217;une qualit\u00e9 exceptionnelle, offrant des mesures pr\u00e9cises et fiables.<\/p>\n<p>Le S300 Pro 2 arrive pr\u00e9-calibr\u00e9 et est livr\u00e9 avec des piles, pr\u00eat \u00e0 l&#8217;emploi d\u00e8s sa r\u00e9ception pour une utilisation imm\u00e9diate.<\/p>\n","protected":false},"excerpt":{"rendered":"<p>Le S300 Pro 2 est l&#8217;instrument de mesure parfait pour d\u00e9terminer le pH et la temp\u00e9rature dans la terre de coco, d&#8217;autres substrats humides et mous, ainsi que dans des liquides. Son bo\u00eetier moderne et robuste, \u00e9quip\u00e9 de touches faciles \u00e0 utiliser, garantit une exp\u00e9rience utilisateur optimale. De plus, l&#8217;appareil est dot\u00e9 d&#8217;une \u00e9lectrode de [&hellip;]<\/p>\n","protected":false},"featured_media":31461,"comment_status":"open","ping_status":"closed","template":"","meta":{"_seopress_robots_primary_cat":"none","_seopress_titles_title":"Aquamaster Tools Substrat pH\/Temp S300 Pro 2 - Green Kingdom","_seopress_titles_desc":"Le S300 Pro 2 est l'instrument de mesure parfait pour d\u00e9terminer le pH et la temp\u00e9rature dans la terre de coco, d'autres substrats humides et mous, ainsi que dans des liquides.","_seopress_robots_index":""},"product_brand":[],"product_cat":[595],"product_tag":[],"class_list":{"0":"post-31437","1":"product","2":"type-product","3":"status-publish","4":"has-post-thumbnail","6":"product_cat-strumenti","9":"instock","10":"taxable","11":"shipping-taxable","12":"purchasable","13":"product-type-simple","14":"product-grid-view"},"_links":{"self":[{"href":"https:\/\/greenkingdom.ch\/it\/wp-json\/wp\/v2\/product\/31437","targetHints":{"allow":["GET"]}}],"collection":[{"href":"https:\/\/greenkingdom.ch\/it\/wp-json\/wp\/v2\/product"}],"about":[{"href":"https:\/\/greenkingdom.ch\/it\/wp-json\/wp\/v2\/types\/product"}],"replies":[{"embeddable":true,"href":"https:\/\/greenkingdom.ch\/it\/wp-json\/wp\/v2\/comments?post=31437"}],"version-history":[{"count":1,"href":"https:\/\/greenkingdom.ch\/it\/wp-json\/wp\/v2\/product\/31437\/revisions"}],"predecessor-version":[{"id":31456,"href":"https:\/\/greenkingdom.ch\/it\/wp-json\/wp\/v2\/product\/31437\/revisions\/31456"}],"wp:featuredmedia":[{"embeddable":true,"href":"https:\/\/greenkingdom.ch\/it\/wp-json\/wp\/v2\/media\/31461"}],"wp:attachment":[{"href":"https:\/\/greenkingdom.ch\/it\/wp-json\/wp\/v2\/media?parent=31437"}],"wp:term":[{"taxonomy":"product_brand","embeddable":true,"href":"https:\/\/greenkingdom.ch\/it\/wp-json\/wp\/v2\/product_brand?post=31437"},{"taxonomy":"product_cat","embeddable":true,"href":"https:\/\/greenkingdom.ch\/it\/wp-json\/wp\/v2\/product_cat?post=31437"},{"taxonomy":"product_tag","embeddable":true,"href":"https:\/\/greenkingdom.ch\/it\/wp-json\/wp\/v2\/product_tag?post=31437"}],"curies":[{"name":"wp","href":"https:\/\/api.w.org\/{rel}","templated":true}]}}