{"id":31542,"date":"2025-01-31T16:26:40","date_gmt":"2025-01-31T15:26:40","guid":{"rendered":"https:\/\/greenkingdom.ch\/?post_type=product&#038;p=31542"},"modified":"2025-02-07T17:10:10","modified_gmt":"2025-02-07T16:10:10","slug":"aquamaster-tools-combo-meter-p700-pro-2-replaceable-electrode","status":"publish","type":"product","link":"https:\/\/greenkingdom.ch\/it\/prodotto\/aquamaster-tools-combo-meter-p700-pro-2-replaceable-electrode\/","title":{"rendered":"Aquamaster Tools Combo Meter P700 Pro 2 Elettrodo EC sostituibile"},"content":{"rendered":"<p>L&#8217;elettrodo intercambiabile EC, CF, PPM di Aqua Master Tools \u00e8 facilmente collegabile grazie al suo comodo connettore, che ne facilita la sostituzione.<\/p>\n<p>A differenza della maggior parte dei conduttimetri in cui l&#8217;elettrodo \u00e8 fisso, pu\u00f2 essere sostituito se necessario. Sebbene gli elettrodi siano generalmente durevoli se ben mantenuti, fattori come l&#8217;invecchiamento, l&#8217;accumulo di calcare, le perdite o i cavi danneggiati possono comprometterne il funzionamento. Ecco perch\u00e9 Aqua Master Tools ha progettato un elettrodo facilmente sostituibile, che garantisce la longevit\u00e0 e le prestazioni costanti del dispositivo. Inoltre, \u00e8 certificato impermeabile secondo lo standard IP67, offrendo una protezione aggiuntiva contro l&#8217;umidit\u00e0 e gli schizzi.   <\/p>\n","protected":false},"excerpt":{"rendered":"<p>L&#8217;elettrodo intercambiabile EC, CF, PPM di Aqua Master Tools \u00e8 facilmente collegabile grazie al suo comodo connettore, che ne facilita la sostituzione. A differenza della maggior parte dei conduttimetri in cui l&#8217;elettrodo \u00e8 fisso, pu\u00f2 essere sostituito se necessario. Sebbene gli elettrodi siano generalmente durevoli se ben mantenuti, fattori come l&#8217;invecchiamento, l&#8217;accumulo di calcare, le [&hellip;]<\/p>\n","protected":false},"featured_media":31546,"comment_status":"open","ping_status":"closed","template":"","meta":{"_seopress_robots_primary_cat":"none","_seopress_titles_title":"Aquamaster Tools Combo Meter P700 Pro 2 elettrodo EC sostituibile - Green Kingdom","_seopress_titles_desc":"L'elettrodo intercambiabile EC, CF, PPM di Aqua Master Tools \u00e8 facilmente collegabile grazie al suo comodo connettore, che ne facilita la sostituzione.","_seopress_robots_index":""},"product_brand":[],"product_cat":[595],"product_tag":[],"class_list":{"0":"post-31542","1":"product","2":"type-product","3":"status-publish","4":"has-post-thumbnail","6":"product_cat-strumenti","9":"instock","10":"taxable","11":"shipping-taxable","12":"purchasable","13":"product-type-simple","14":"product-grid-view"},"_links":{"self":[{"href":"https:\/\/greenkingdom.ch\/it\/wp-json\/wp\/v2\/product\/31542","targetHints":{"allow":["GET"]}}],"collection":[{"href":"https:\/\/greenkingdom.ch\/it\/wp-json\/wp\/v2\/product"}],"about":[{"href":"https:\/\/greenkingdom.ch\/it\/wp-json\/wp\/v2\/types\/product"}],"replies":[{"embeddable":true,"href":"https:\/\/greenkingdom.ch\/it\/wp-json\/wp\/v2\/comments?post=31542"}],"version-history":[{"count":2,"href":"https:\/\/greenkingdom.ch\/it\/wp-json\/wp\/v2\/product\/31542\/revisions"}],"predecessor-version":[{"id":32138,"href":"https:\/\/greenkingdom.ch\/it\/wp-json\/wp\/v2\/product\/31542\/revisions\/32138"}],"wp:featuredmedia":[{"embeddable":true,"href":"https:\/\/greenkingdom.ch\/it\/wp-json\/wp\/v2\/media\/31546"}],"wp:attachment":[{"href":"https:\/\/greenkingdom.ch\/it\/wp-json\/wp\/v2\/media?parent=31542"}],"wp:term":[{"taxonomy":"product_brand","embeddable":true,"href":"https:\/\/greenkingdom.ch\/it\/wp-json\/wp\/v2\/product_brand?post=31542"},{"taxonomy":"product_cat","embeddable":true,"href":"https:\/\/greenkingdom.ch\/it\/wp-json\/wp\/v2\/product_cat?post=31542"},{"taxonomy":"product_tag","embeddable":true,"href":"https:\/\/greenkingdom.ch\/it\/wp-json\/wp\/v2\/product_tag?post=31542"}],"curies":[{"name":"wp","href":"https:\/\/api.w.org\/{rel}","templated":true}]}}