{"id":31554,"date":"2025-01-31T16:31:50","date_gmt":"2025-01-31T15:31:50","guid":{"rendered":"https:\/\/greenkingdom.ch\/?post_type=product&#038;p=31554"},"modified":"2025-01-31T16:34:00","modified_gmt":"2025-01-31T15:34:00","slug":"aquamaster-tools-combo-pen-p110-pro-elettrodo-sostituibile-copie","status":"publish","type":"product","link":"https:\/\/greenkingdom.ch\/it\/prodotto\/aquamaster-tools-combo-pen-p110-pro-elettrodo-sostituibile-copie\/","title":{"rendered":"Aquamaster Tools Combo Pen P110 Pro Elettrodo Sostituibile (Copie)"},"content":{"rendered":"<p>Elettrodo intercambiabile per un utilizzo ottimale con la P110 Pro Combo Pen. Scopri questo prodotto di qualit\u00e0 per prestazioni eccezionali. \ud83d\ude09<\/p>\n","protected":false},"excerpt":{"rendered":"<p>Elettrodo intercambiabile per un utilizzo ottimale con la P110 Pro Combo Pen. Scopri questo prodotto di qualit\u00e0 per prestazioni eccezionali. \ud83d\ude09<\/p>\n","protected":false},"featured_media":31558,"comment_status":"open","ping_status":"closed","template":"","meta":{"_seopress_robots_primary_cat":"none","_seopress_titles_title":"Aquamaster Tools Combo Pen P50 Pro replaceable electrode","_seopress_titles_desc":"Facile \u00e0 remplacer, cette \u00e9lectrode garantit que ton appareil continue de fonctionner avec la m\u00eame pr\u00e9cision, m\u00eame apr\u00e8s une utilisation prolong\u00e9e.","_seopress_robots_index":""},"product_brand":[],"product_cat":[595],"product_tag":[],"class_list":{"0":"post-31554","1":"product","2":"type-product","3":"status-publish","4":"has-post-thumbnail","6":"product_cat-strumenti","9":"instock","10":"taxable","11":"shipping-taxable","12":"purchasable","13":"product-type-simple","14":"product-grid-view"},"_links":{"self":[{"href":"https:\/\/greenkingdom.ch\/it\/wp-json\/wp\/v2\/product\/31554","targetHints":{"allow":["GET"]}}],"collection":[{"href":"https:\/\/greenkingdom.ch\/it\/wp-json\/wp\/v2\/product"}],"about":[{"href":"https:\/\/greenkingdom.ch\/it\/wp-json\/wp\/v2\/types\/product"}],"replies":[{"embeddable":true,"href":"https:\/\/greenkingdom.ch\/it\/wp-json\/wp\/v2\/comments?post=31554"}],"version-history":[{"count":1,"href":"https:\/\/greenkingdom.ch\/it\/wp-json\/wp\/v2\/product\/31554\/revisions"}],"predecessor-version":[{"id":31561,"href":"https:\/\/greenkingdom.ch\/it\/wp-json\/wp\/v2\/product\/31554\/revisions\/31561"}],"wp:featuredmedia":[{"embeddable":true,"href":"https:\/\/greenkingdom.ch\/it\/wp-json\/wp\/v2\/media\/31558"}],"wp:attachment":[{"href":"https:\/\/greenkingdom.ch\/it\/wp-json\/wp\/v2\/media?parent=31554"}],"wp:term":[{"taxonomy":"product_brand","embeddable":true,"href":"https:\/\/greenkingdom.ch\/it\/wp-json\/wp\/v2\/product_brand?post=31554"},{"taxonomy":"product_cat","embeddable":true,"href":"https:\/\/greenkingdom.ch\/it\/wp-json\/wp\/v2\/product_cat?post=31554"},{"taxonomy":"product_tag","embeddable":true,"href":"https:\/\/greenkingdom.ch\/it\/wp-json\/wp\/v2\/product_tag?post=31554"}],"curies":[{"name":"wp","href":"https:\/\/api.w.org\/{rel}","templated":true}]}}