{"id":31652,"date":"2025-02-01T11:39:02","date_gmt":"2025-02-01T10:39:02","guid":{"rendered":"https:\/\/greenkingdom.ch\/?post_type=product&#038;p=31652"},"modified":"2025-02-07T17:10:16","modified_gmt":"2025-02-07T16:10:16","slug":"sanlight-flex-ii-compact-led-10w","status":"publish","type":"product","link":"https:\/\/greenkingdom.ch\/it\/prodotto\/sanlight-flex-ii-compact-led-10w\/","title":{"rendered":"Sanlight FLEX II Compact LED 10W"},"content":{"rendered":"<p>La serie SANlight FLEX II \u00e8 una soluzione di illuminazione a LED compatta e potente, ideale per sistemi multistrato, radicazione delle piante e illuminazione di piante da interno. Il suo ampio ed equilibrato spettro luminoso tra FarRed e Red stimola la radicazione e favorisce una rapida crescita delle piante, oltre ad essere perfetto per applicazioni di illuminazione indoor. <\/p>\n<p>L&#8217;efficiente raffreddamento passivo consente alla lampada di rimanere fresca anche quando \u00e8 in funzione e il grado di protezione IP68 ne consente l&#8217;utilizzo tra le piante, dove normalmente la luce non passa, migliorando la qualit\u00e0 e la quantit\u00e0 del raccolto.<\/p>\n<p>Grazie alla sua distribuzione omogenea della luce, anche a breve distanza dalle piante, e al suo design compatto, la SANlight FLEX II consente di risparmiare spazio. Inoltre, \u00e8 possibile collegare facilmente pi\u00f9 lampade tramite un cavo di collegamento senza attrezzi, semplificando l&#8217;installazione, anche in sistemi pi\u00f9 grandi. <\/p>\n<p>Con una potenza di 10 W e un PPF di 27 \u03bcmol\/s, SANlight FLEX II \u00e8 un&#8217;opzione flessibile ed efficiente per la coltivazione di giovani piante e l&#8217;illuminazione di piante da interno.<\/p>\n","protected":false},"excerpt":{"rendered":"<p>La serie SANlight FLEX II \u00e8 una soluzione di illuminazione a LED compatta e potente, ideale per sistemi multistrato, radicazione delle piante e illuminazione di piante da interno. Il suo ampio ed equilibrato spettro luminoso tra FarRed e Red stimola la radicazione e favorisce una rapida crescita delle piante, oltre ad essere perfetto per applicazioni [&hellip;]<\/p>\n","protected":false},"featured_media":31664,"comment_status":"open","ping_status":"closed","template":"","meta":{"_seopress_robots_primary_cat":"none","_seopress_titles_title":"Sanlight FLEX II Compact LED (10W) - Verde Regno","_seopress_titles_desc":"Con una potenza di 10 W e un PPF di 27 \u03bcmol\/s, SANlight FLEX II \u00e8 un'opzione flessibile ed efficiente per la coltivazione di giovani piante e l'illuminazione di piante da interno.","_seopress_robots_index":""},"product_brand":[],"product_cat":[560],"product_tag":[],"class_list":{"0":"post-31652","1":"product","2":"type-product","3":"status-publish","4":"has-post-thumbnail","6":"product_cat-led-it","9":"instock","10":"taxable","11":"shipping-taxable","12":"purchasable","13":"product-type-simple","14":"product-grid-view"},"_links":{"self":[{"href":"https:\/\/greenkingdom.ch\/it\/wp-json\/wp\/v2\/product\/31652","targetHints":{"allow":["GET"]}}],"collection":[{"href":"https:\/\/greenkingdom.ch\/it\/wp-json\/wp\/v2\/product"}],"about":[{"href":"https:\/\/greenkingdom.ch\/it\/wp-json\/wp\/v2\/types\/product"}],"replies":[{"embeddable":true,"href":"https:\/\/greenkingdom.ch\/it\/wp-json\/wp\/v2\/comments?post=31652"}],"version-history":[{"count":2,"href":"https:\/\/greenkingdom.ch\/it\/wp-json\/wp\/v2\/product\/31652\/revisions"}],"predecessor-version":[{"id":32143,"href":"https:\/\/greenkingdom.ch\/it\/wp-json\/wp\/v2\/product\/31652\/revisions\/32143"}],"wp:featuredmedia":[{"embeddable":true,"href":"https:\/\/greenkingdom.ch\/it\/wp-json\/wp\/v2\/media\/31664"}],"wp:attachment":[{"href":"https:\/\/greenkingdom.ch\/it\/wp-json\/wp\/v2\/media?parent=31652"}],"wp:term":[{"taxonomy":"product_brand","embeddable":true,"href":"https:\/\/greenkingdom.ch\/it\/wp-json\/wp\/v2\/product_brand?post=31652"},{"taxonomy":"product_cat","embeddable":true,"href":"https:\/\/greenkingdom.ch\/it\/wp-json\/wp\/v2\/product_cat?post=31652"},{"taxonomy":"product_tag","embeddable":true,"href":"https:\/\/greenkingdom.ch\/it\/wp-json\/wp\/v2\/product_tag?post=31652"}],"curies":[{"name":"wp","href":"https:\/\/api.w.org\/{rel}","templated":true}]}}