{"id":31692,"date":"2025-02-01T14:08:54","date_gmt":"2025-02-01T13:08:54","guid":{"rendered":"https:\/\/greenkingdom.ch\/?post_type=product&#038;p=31692"},"modified":"2025-02-07T17:09:51","modified_gmt":"2025-02-07T16:09:51","slug":"sanlight-evo-3-60-copie","status":"publish","type":"product","link":"https:\/\/greenkingdom.ch\/it\/prodotto\/sanlight-evo-3-60-copie\/","title":{"rendered":"Sanlight EVO 3-100 1.5"},"content":{"rendered":"<p><strong>EVO 3-100 1.5 \u2013 Illuminazione a LED ad alte prestazioni per colture indoor oltre 1&#215;1 metro<\/strong><\/p>\n<p><strong>Ottimizza i tuoi raccolti indoor con un&#8217;illuminazione all&#8217;avanguardia<\/strong><\/p>\n<p>Il modello EVO 3-100 1.5 di SANlight \u00e8 una moderna lampada a LED, appositamente progettata per le coltivazioni indoor. Con un&#8217;emissione luminosa di 545 \u03bcmol\/s per un consumo di soli 200 W per lampada, garantisce un&#8217;illuminazione potente e omogenea su superfici di coltivazione fino a un metro di profondit\u00e0. Combinando due unit\u00e0, \u00e8 possibile ottenere pi\u00f9 di 1000 \u03bcmol\/s su un&#8217;area di 1&#215;1 metro, fornendo risultati eccezionali. L&#8217;ottica secondaria integrata e la capacit\u00e0 di inclinazione rendono questa lampada flessibile e particolarmente potente.   <\/p>\n<p><strong>Progettato per grow box da 1&#215;1 metro:<\/strong> L&#8217;EVO 3-100 1.5 \u00e8 stato sviluppato specificamente per aree di coltivazione di 1&#215;1 metri, con una profondit\u00e0 di 1 metro. Due luci per metro quadrato assicurano una distribuzione uniforme della luce, creando le condizioni di crescita ideali per le tue piante. Quando si utilizzano due unit\u00e0, si ottiene un&#8217;intensit\u00e0 luminosa totale di oltre 1000 \u03bcmol\/s, il che la rende una scelta perfetta per i coltivatori indoor che vogliono ottimizzare le loro rese.  <\/p>\n<p><strong>Ottiche secondarie per una luce uniformemente distribuita:<\/strong> L&#8217;ottica secondaria dell&#8217;EVO 3-100 consente una distribuzione uniforme della luce e riduce le perdite. Queste ottiche dirigono la luce con precisione verso le piante, massimizzando l&#8217;uso della potenza luminosa. Assicurano inoltre che la lampada rimanga pulita pi\u00f9 a lungo e possa essere facilmente pulita per mantenere prestazioni luminose costanti.  <\/p>\n<p><strong>Inclinazione per un controllo preciso della luce:<\/strong> L&#8217;angolo di inclinazione regolabile consente di dirigere meglio la luce e garantire una distribuzione uniforme su tutte le piante. Questa impostazione \u00e8 particolarmente utile per adattare l&#8217;intensit\u00e0 luminosa alle esigenze specifiche di ogni area di coltivazione, garantendo una crescita ottimale per tutte le piante. <\/p>\n<p><strong>Elevata efficienza energetica e prestazioni:<\/strong> Con un consumo energetico di soli 200 W per lampada, l&#8217;EVO 3-100 1.5 combina prestazioni e basso consumo energetico. Questo aiuta a ridurre i costi energetici fornendo al contempo la quantit\u00e0 di luce necessaria per una rapida crescita, senza generare calore eccessivo. <\/p>\n<p><strong>Compatibilit\u00e0 con un dimmer:<\/strong> Il dimmer opzionale permette di regolare l&#8217;intensit\u00e0 luminosa in base alle diverse fasi di crescita. \u00c8 possibile ridurre la luce durante la fase vegetativa per risparmiare energia e aumentarla durante la fioritura per ottimizzare le rese. <\/p>\n<p><strong>Design robusto e durevole con grado di protezione IP65:<\/strong> Grazie al suo grado di protezione IP65, l&#8217;EVO 3-100 1.5 \u00e8 resistente alla polvere e agli schizzi d&#8217;acqua, il che lo rende perfettamente adatto per gli ambienti di coltivazione indoor. Il suo design solido garantisce un utilizzo affidabile per molti anni. <\/p>\n<p><strong>Installazione flessibile:<\/strong> Con varie opzioni di installazione, puoi personalizzare il tuo sistema di illuminazione in base alle tue esigenze. I cavi e gli accessori sono venduti separatamente, offrendoti molta libert\u00e0 per configurare la tua illuminazione. <\/p>\n<p><strong>Caratteristiche tecniche:<\/strong><\/p>\n<ul>\n<li><strong>Modello:<\/strong> EVO 3-100 1.5<\/li>\n<li><strong>Potenza assorbita:<\/strong> 200 W<\/li>\n<li><strong>PPF:<\/strong> 545 \u03bcmol\/s<\/li>\n<li><strong>Peso:<\/strong> 4,1 kg (lampada), 1,4 kg (con driver)<\/li>\n<li><strong>Dimensioni:<\/strong> 818 mm (lunghezza) x 291 mm (larghezza) x 116 mm (altezza)<\/li>\n<li><strong>Protezione ingresso:<\/strong> IP65 (protetto contro polvere e schizzi d&#8217;acqua)<\/li>\n<li><strong>Gamma di lunghezze d&#8217;onda:<\/strong> 400 \u2013 780 nm (spettro ottimale per la crescita delle piante)<\/li>\n<li><strong>Area consigliata:<\/strong> 1&#215;1 metro (con 2 lampade)<\/li>\n<\/ul>\n<p><strong>Vantaggi principali:<\/strong><\/p>\n<ul>\n<li><strong>Ideale per 1&#215;1 metro:<\/strong> Due lampade per metro quadrato garantiscono una perfetta distribuzione della luce e un alto grado di omogeneit\u00e0.<\/li>\n<li><strong>Elevate prestazioni luminose:<\/strong> 545 \u03bcmol\/s per lampada per una rapida crescita delle piante.<\/li>\n<li><strong>Ottiche secondarie:<\/strong> Massimizza l&#8217;efficienza della luce facilitando la pulizia.<\/li>\n<li><strong>Inclinazione regolabile:<\/strong> Consente di dirigere la luce con precisione per una copertura uniforme.<\/li>\n<li><strong>Dimmer compatibile:<\/strong> Regolare l&#8217;intensit\u00e0 della luce in base alle fasi di crescita.<\/li>\n<li><strong>Design robusto:<\/strong> Protezione IP65 contro polvere e acqua, ideale per ambienti umidi.<\/li>\n<li><strong>Efficienza energetica:<\/strong> Consumo di soli 200 W per lampada.<\/li>\n<\/ul>\n<p>Questo modello \u00e8 la soluzione perfetta per massimizzare i rendimenti in uno spazio limitato, offrendo al contempo un&#8217;eccezionale flessibilit\u00e0 ed efficienza energetica.<\/p>\n","protected":false},"excerpt":{"rendered":"<p>EVO 3-100 1.5 \u2013 Illuminazione a LED ad alte prestazioni per colture indoor oltre 1&#215;1 metro Ottimizza i tuoi raccolti indoor con un&#8217;illuminazione all&#8217;avanguardia Il modello EVO 3-100 1.5 di SANlight \u00e8 una moderna lampada a LED, appositamente progettata per le coltivazioni indoor. Con un&#8217;emissione luminosa di 545 \u03bcmol\/s per un consumo di soli 200 [&hellip;]<\/p>\n","protected":false},"featured_media":31696,"comment_status":"open","ping_status":"closed","template":"","meta":{"_seopress_robots_primary_cat":"none","_seopress_titles_title":"Sanlight EVO 3-100 1.5 - Regno Verde","_seopress_titles_desc":"Questo modello \u00e8 la soluzione perfetta per massimizzare i rendimenti in uno spazio limitato, offrendo al contempo un'eccezionale flessibilit\u00e0 ed efficienza energetica.","_seopress_robots_index":""},"product_brand":[],"product_cat":[560],"product_tag":[],"class_list":{"0":"post-31692","1":"product","2":"type-product","3":"status-publish","4":"has-post-thumbnail","6":"product_cat-led-it","9":"instock","10":"taxable","11":"shipping-taxable","12":"purchasable","13":"product-type-simple","14":"product-grid-view"},"_links":{"self":[{"href":"https:\/\/greenkingdom.ch\/it\/wp-json\/wp\/v2\/product\/31692","targetHints":{"allow":["GET"]}}],"collection":[{"href":"https:\/\/greenkingdom.ch\/it\/wp-json\/wp\/v2\/product"}],"about":[{"href":"https:\/\/greenkingdom.ch\/it\/wp-json\/wp\/v2\/types\/product"}],"replies":[{"embeddable":true,"href":"https:\/\/greenkingdom.ch\/it\/wp-json\/wp\/v2\/comments?post=31692"}],"version-history":[{"count":2,"href":"https:\/\/greenkingdom.ch\/it\/wp-json\/wp\/v2\/product\/31692\/revisions"}],"predecessor-version":[{"id":32114,"href":"https:\/\/greenkingdom.ch\/it\/wp-json\/wp\/v2\/product\/31692\/revisions\/32114"}],"wp:featuredmedia":[{"embeddable":true,"href":"https:\/\/greenkingdom.ch\/it\/wp-json\/wp\/v2\/media\/31696"}],"wp:attachment":[{"href":"https:\/\/greenkingdom.ch\/it\/wp-json\/wp\/v2\/media?parent=31692"}],"wp:term":[{"taxonomy":"product_brand","embeddable":true,"href":"https:\/\/greenkingdom.ch\/it\/wp-json\/wp\/v2\/product_brand?post=31692"},{"taxonomy":"product_cat","embeddable":true,"href":"https:\/\/greenkingdom.ch\/it\/wp-json\/wp\/v2\/product_cat?post=31692"},{"taxonomy":"product_tag","embeddable":true,"href":"https:\/\/greenkingdom.ch\/it\/wp-json\/wp\/v2\/product_tag?post=31692"}],"curies":[{"name":"wp","href":"https:\/\/api.w.org\/{rel}","templated":true}]}}