{"id":31724,"date":"2025-02-01T14:18:02","date_gmt":"2025-02-01T13:18:02","guid":{"rendered":"https:\/\/greenkingdom.ch\/?post_type=product&#038;p=31724"},"modified":"2025-02-07T17:09:52","modified_gmt":"2025-02-07T16:09:52","slug":"sanlight-evo-3-60-copie-copie-copie","status":"publish","type":"product","link":"https:\/\/greenkingdom.ch\/it\/prodotto\/sanlight-evo-3-60-copie-copie-copie\/","title":{"rendered":"Sanlight EVO 4-80 1.5"},"content":{"rendered":"<p><strong>EVO 4-120 1.5 \u2013 Illuminazione a LED di alta qualit\u00e0 per una crescita ottimale delle piante<\/strong><\/p>\n<p><strong>Stimola la crescita delle tue piante con la pi\u00f9 recente tecnologia di illuminazione<\/strong><\/p>\n<p>La EVO 4-120 1.5 \u00e8 una lampada a LED di ultima generazione, sviluppata appositamente per fornire la massima illuminazione su superfici profonde fino a 120 cm. Grazie alla sua avanzata tecnologia di chip, garantisce un&#8217;elevata intensit\u00e0 luminosa senza la necessit\u00e0 di CO\u2082 aggiuntiva, assicurando condizioni di crescita ideali. <\/p>\n<p><strong>Massima efficienza e distribuzione omogenea:<\/strong><br \/>\nCon un consumo di 265 W e un flusso luminoso di 725 \u03bcmol\/s per apparecchio, l&#8217;EVO 4-120 genera un&#8217;illuminazione intensa. Utilizzato in coppia su un&#8217;area di 1,2\u00d71,2 metri, offre una copertura luminosa ottimale. L&#8217;ottica secondaria e l&#8217;angolo di inclinazione regolabile fino a 11\u00b0 consentono una distribuzione uniforme della luce, anche nelle aree pi\u00f9 remote.  <\/p>\n<p><strong>Adattabilit\u00e0 per ogni fase di crescita:<\/strong><br \/>\nL&#8217;EVO 4-120 1.5 \u00e8 dotato di una funzione opzionale di dimmerazione, che consente di modulare l&#8217;intensit\u00e0 luminosa in base alle esigenze specifiche delle piante in ogni fase del loro sviluppo. Questa flessibilit\u00e0 garantisce condizioni di crescita ideali, massimizzando l&#8217;efficienza del raccolto. <\/p>\n<p><strong>Design robusto e versatile:<\/strong><br \/>\nCon il suo grado di protezione IP65, questa lampada \u00e8 completamente resistente alla polvere e agli schizzi, il che la rende adatta ad ambienti di coltivazione umidi. Inoltre, \u00e8 facile da installare, con cavi e accessori disponibili separatamente per soddisfare le tue esigenze specifiche. <\/p>\n<p>L&#8217;EVO 4-120 1.5 \u00e8 la scelta perfetta per i coltivatori pi\u00f9 esigenti che cercano un&#8217;illuminazione potente, flessibile e duratura, utilizzando la pi\u00f9 avanzata tecnologia LED per ottimizzare la crescita delle loro piante.<\/p>\n<p><strong>Indicazioni:<\/strong><\/p>\n<ul>\n<li><strong>Profondit\u00e0 della superficie consigliata:<\/strong> 120 cm<\/li>\n<li><strong>CO\u2082:<\/strong> Non necessario<\/li>\n<li><strong>Potenza assorbita:<\/strong> 265 W<\/li>\n<li><strong>PPF:<\/strong> 725 \u03bcmol\/s<\/li>\n<li><strong>Peso:<\/strong> 5,1 kg<\/li>\n<li><strong>Dimensioni:<\/strong> 1018 mm x 291 mm x 116 mm<\/li>\n<li><strong>Classe di protezione:<\/strong> Grado di protezione IP65<\/li>\n<li><strong>Caratteristiche speciali:<\/strong> Inclinazione regolabile, funzione di dimmerazione opzionale<\/li>\n<\/ul>\n","protected":false},"excerpt":{"rendered":"<p>EVO 4-120 1.5 \u2013 Illuminazione a LED di alta qualit\u00e0 per una crescita ottimale delle piante Stimola la crescita delle tue piante con la pi\u00f9 recente tecnologia di illuminazione La EVO 4-120 1.5 \u00e8 una lampada a LED di ultima generazione, sviluppata appositamente per fornire la massima illuminazione su superfici profonde fino a 120 cm. [&hellip;]<\/p>\n","protected":false},"featured_media":31728,"comment_status":"open","ping_status":"closed","template":"","meta":{"_seopress_robots_primary_cat":"none","_seopress_titles_title":"Sanlight EVO 4-80 1.5 - Regno Verde","_seopress_titles_desc":"Questo modello \u00e8 la soluzione perfetta per massimizzare i rendimenti in uno spazio limitato, offrendo al contempo un'eccezionale flessibilit\u00e0 ed efficienza energetica.","_seopress_robots_index":""},"product_brand":[],"product_cat":[560],"product_tag":[],"class_list":{"0":"post-31724","1":"product","2":"type-product","3":"status-publish","4":"has-post-thumbnail","6":"product_cat-led-it","9":"instock","10":"taxable","11":"shipping-taxable","12":"purchasable","13":"product-type-simple","14":"product-grid-view"},"_links":{"self":[{"href":"https:\/\/greenkingdom.ch\/it\/wp-json\/wp\/v2\/product\/31724","targetHints":{"allow":["GET"]}}],"collection":[{"href":"https:\/\/greenkingdom.ch\/it\/wp-json\/wp\/v2\/product"}],"about":[{"href":"https:\/\/greenkingdom.ch\/it\/wp-json\/wp\/v2\/types\/product"}],"replies":[{"embeddable":true,"href":"https:\/\/greenkingdom.ch\/it\/wp-json\/wp\/v2\/comments?post=31724"}],"version-history":[{"count":2,"href":"https:\/\/greenkingdom.ch\/it\/wp-json\/wp\/v2\/product\/31724\/revisions"}],"predecessor-version":[{"id":32115,"href":"https:\/\/greenkingdom.ch\/it\/wp-json\/wp\/v2\/product\/31724\/revisions\/32115"}],"wp:featuredmedia":[{"embeddable":true,"href":"https:\/\/greenkingdom.ch\/it\/wp-json\/wp\/v2\/media\/31728"}],"wp:attachment":[{"href":"https:\/\/greenkingdom.ch\/it\/wp-json\/wp\/v2\/media?parent=31724"}],"wp:term":[{"taxonomy":"product_brand","embeddable":true,"href":"https:\/\/greenkingdom.ch\/it\/wp-json\/wp\/v2\/product_brand?post=31724"},{"taxonomy":"product_cat","embeddable":true,"href":"https:\/\/greenkingdom.ch\/it\/wp-json\/wp\/v2\/product_cat?post=31724"},{"taxonomy":"product_tag","embeddable":true,"href":"https:\/\/greenkingdom.ch\/it\/wp-json\/wp\/v2\/product_tag?post=31724"}],"curies":[{"name":"wp","href":"https:\/\/api.w.org\/{rel}","templated":true}]}}