{"id":31740,"date":"2025-02-01T14:21:26","date_gmt":"2025-02-01T13:21:26","guid":{"rendered":"https:\/\/greenkingdom.ch\/?post_type=product&#038;p=31740"},"modified":"2025-02-07T17:09:59","modified_gmt":"2025-02-07T16:09:59","slug":"sanlight-evo-3-60-copie-copie-copie-copie","status":"publish","type":"product","link":"https:\/\/greenkingdom.ch\/it\/prodotto\/sanlight-evo-3-60-copie-copie-copie-copie\/","title":{"rendered":"Sanlight EVO 5-150 1.5"},"content":{"rendered":"<p><strong>SANlight EVO-Series \u2013 La rivoluzione dell&#8217;illuminazione a LED per la coltivazione delle piante<\/strong><\/p>\n<p>La serie SANlight EVO incarna l&#8217;ultima innovazione nell&#8217;illuminazione a LED per gli impianti, grazie all&#8217;integrazione della pi\u00f9 recente tecnologia dei chip. Frutto di una ricerca avanzata, questa serie combina flessibilit\u00e0, efficienza e longevit\u00e0 per soddisfare le esigenze dei coltivatori commerciali. <\/p>\n<p><strong>Una soluzione adatta ad ogni esigenza:<\/strong><br \/>\nChe tu stia coltivando su piccole aree, in spazi dedicati alla produzione di CBD indoor o in grandi serre, la serie EVO offre la luce perfetta per ogni applicazione.<\/p>\n<p><strong>Efficienza eccezionale:<\/strong><br \/>\nLa serie EVO \u00e8 caratterizzata da un&#8217;efficienza superiore a 3 \u03bcmol\/J a livello di modulo. Il suo spettro ottimizzato massimizza la produttivit\u00e0 per area e per condizioni atmosferiche, con un&#8217;ampia banda luminosa che va oltre il tradizionale spettro PAR. <\/p>\n<p><strong>Illuminazione uniforme e protezione LED:<\/strong><br \/>\nGrazie all&#8217;ottica secondaria ottimizzata, la serie EVO garantisce una distribuzione omogenea della luce e la massima intensit\u00e0 (PPF). Questa ottica protegge anche i LED dalle influenze esterne e ne semplifica la pulizia. <\/p>\n<p><strong>Tecnologia LED di alta qualit\u00e0:<\/strong><br \/>\nLa serie EVO utilizza LED OSRAM ad alta potenza e la tecnologia WICOP brevettata di Seoul Semiconductor, garantendo prestazioni luminose eccezionali.<\/p>\n<p><strong>Compatibilit\u00e0 e scalabilit\u00e0:<\/strong><br \/>\nLa serie EVO \u00e8 pronta per essere integrata nei moderni sistemi di controllo in serra, con la possibilit\u00e0 di aggiornare gli impianti tramite dimmer magnetici o Bluetooth.<\/p>\n<p><strong>Cablaggio professionale e connettori di qualit\u00e0:<\/strong><br \/>\nI cavi e i connettori impermeabili garantiscono un&#8217;installazione sicura e affidabile, facilitando la configurazione del sistema.<\/p>\n<p><strong>Installazione semplificata:<\/strong><br \/>\nIl design compatto della serie EVO consente un&#8217;installazione discreta, ottimizzando lo spazio tra gli apparecchi e le apparecchiature necessarie.<\/p>\n<p>La <strong>serie SANlight EVO<\/strong> \u00e8 molto pi\u00f9 di una semplice lampada, \u00e8 un vero e proprio balzo in avanti nella tecnologia di illuminazione a LED per la coltivazione delle piante.<\/p>\n<p><strong>Indicazioni:<\/strong><\/p>\n<ul>\n<li><strong>Potenza assorbita:<\/strong> 320 W<\/li>\n<li><strong>Fattore di potenza:<\/strong> &gt; 0,95<\/li>\n<li><strong>Gamma di tensione di ingresso:<\/strong> 100 &#8211; 240\/277 V, 50\/60 Hz<\/li>\n<li><strong>PPF:<\/strong> 870 \u03bcmol\/s<\/li>\n<li><strong>Peso:<\/strong> 5,6 \/ 5,9 \/ 6,4 kg<\/li>\n<li><strong>Gamma di lunghezze d&#8217;onda:<\/strong> 400 &#8211; 780 nm<\/li>\n<li><strong>Classe di protezione:<\/strong> Grado di protezione IP65<\/li>\n<\/ul>\n","protected":false},"excerpt":{"rendered":"<p>SANlight EVO-Series \u2013 La rivoluzione dell&#8217;illuminazione a LED per la coltivazione delle piante La serie SANlight EVO incarna l&#8217;ultima innovazione nell&#8217;illuminazione a LED per gli impianti, grazie all&#8217;integrazione della pi\u00f9 recente tecnologia dei chip. Frutto di una ricerca avanzata, questa serie combina flessibilit\u00e0, efficienza e longevit\u00e0 per soddisfare le esigenze dei coltivatori commerciali. Una soluzione [&hellip;]<\/p>\n","protected":false},"featured_media":31744,"comment_status":"open","ping_status":"closed","template":"","meta":{"_seopress_robots_primary_cat":"none","_seopress_titles_title":"Sanlight EVO 5-150 1.5 - Regno Verde","_seopress_titles_desc":"La serie SANlight EVO \u00e8 molto pi\u00f9 di una semplice lampada, \u00e8 un vero e proprio balzo in avanti nella tecnologia di illuminazione a LED per la coltivazione delle piante.","_seopress_robots_index":""},"product_brand":[],"product_cat":[560],"product_tag":[],"class_list":{"0":"post-31740","1":"product","2":"type-product","3":"status-publish","4":"has-post-thumbnail","6":"product_cat-led-it","9":"instock","10":"taxable","11":"shipping-taxable","12":"purchasable","13":"product-type-simple","14":"product-grid-view"},"_links":{"self":[{"href":"https:\/\/greenkingdom.ch\/it\/wp-json\/wp\/v2\/product\/31740","targetHints":{"allow":["GET"]}}],"collection":[{"href":"https:\/\/greenkingdom.ch\/it\/wp-json\/wp\/v2\/product"}],"about":[{"href":"https:\/\/greenkingdom.ch\/it\/wp-json\/wp\/v2\/types\/product"}],"replies":[{"embeddable":true,"href":"https:\/\/greenkingdom.ch\/it\/wp-json\/wp\/v2\/comments?post=31740"}],"version-history":[{"count":2,"href":"https:\/\/greenkingdom.ch\/it\/wp-json\/wp\/v2\/product\/31740\/revisions"}],"predecessor-version":[{"id":32121,"href":"https:\/\/greenkingdom.ch\/it\/wp-json\/wp\/v2\/product\/31740\/revisions\/32121"}],"wp:featuredmedia":[{"embeddable":true,"href":"https:\/\/greenkingdom.ch\/it\/wp-json\/wp\/v2\/media\/31744"}],"wp:attachment":[{"href":"https:\/\/greenkingdom.ch\/it\/wp-json\/wp\/v2\/media?parent=31740"}],"wp:term":[{"taxonomy":"product_brand","embeddable":true,"href":"https:\/\/greenkingdom.ch\/it\/wp-json\/wp\/v2\/product_brand?post=31740"},{"taxonomy":"product_cat","embeddable":true,"href":"https:\/\/greenkingdom.ch\/it\/wp-json\/wp\/v2\/product_cat?post=31740"},{"taxonomy":"product_tag","embeddable":true,"href":"https:\/\/greenkingdom.ch\/it\/wp-json\/wp\/v2\/product_tag?post=31740"}],"curies":[{"name":"wp","href":"https:\/\/api.w.org\/{rel}","templated":true}]}}