{"id":31772,"date":"2025-02-01T14:29:44","date_gmt":"2025-02-01T13:29:44","guid":{"rendered":"https:\/\/greenkingdom.ch\/?post_type=product&#038;p=31772"},"modified":"2025-02-01T14:38:52","modified_gmt":"2025-02-01T13:38:52","slug":"sanlight-evo-3-60-copie-copie-copie-copie-copie-copie","status":"publish","type":"product","link":"https:\/\/greenkingdom.ch\/it\/prodotto\/sanlight-evo-3-60-copie-copie-copie-copie-copie-copie\/","title":{"rendered":"Sanlight EVO 3-60 (Copie) (Copie) (Copie) (Copie) (Copie) (Copie)"},"content":{"rendered":"<p>Scopri l&#8217;apparecchio pi\u00f9 piccolo della gamma Sanlight EVO, che offre un&#8217;impressionante intensit\u00e0 luminosa di 520\u03bcmol\/s su un&#8217;area di 60&#215;60 cm, con un consumo energetico di soli 190 W. Caratteristiche:<br \/>\n&#8211; L&#8217;apparecchio pi\u00f9 piccolo della serie EVO<br \/>\n&#8211; Soluzione ad alta intensit\u00e0<br \/>\n&#8211; 520\u03bcmol\/s a 190W<br \/>\n&#8211; Illuminazione massima su un ingombro di 60x60cm Non dimenticare di aggiungere un dimmer, venduto separatamente, per regolare perfettamente l&#8217;illuminazione in base alle tue esigenze. I cavi di alimentazione e gli accessori sono disponibili separatamente per personalizzare il sistema di illuminazione. Panoramica tecnica:<br \/>\n&#8211; Potenza assorbita di 190 W<br \/>\n&#8211; PPF* di 520<br \/>\n&#8211; Peso di 3,5 kg<br \/>\n&#8211; Dimensioni compatte: 468 mm x 291 mm x 116 mm<br \/>\n&#8211; Classe di protezione IP65 *PPF = Flusso di fotoni fotosinteticamente attivo (da 400 a 780 nm) EAN: 9120069230703<\/p>\n","protected":false},"excerpt":{"rendered":"<p>Scopri l&#8217;apparecchio pi\u00f9 piccolo della gamma Sanlight EVO, che offre un&#8217;impressionante intensit\u00e0 luminosa di 520\u03bcmol\/s su un&#8217;area di 60&#215;60 cm, con un consumo energetico di soli 190 W. Caratteristiche: &#8211; L&#8217;apparecchio pi\u00f9 piccolo della serie EVO &#8211; Soluzione ad alta intensit\u00e0 &#8211; 520\u03bcmol\/s a 190W &#8211; Illuminazione massima su un ingombro di 60x60cm Non dimenticare [&hellip;]<\/p>\n","protected":false},"featured_media":31776,"comment_status":"open","ping_status":"closed","template":"","meta":{"_seopress_robots_primary_cat":"none","_seopress_titles_title":"Sanlight EVO 5-100 1.5 - Green Kingdom","_seopress_titles_desc":"La Sanlight EVO 5-100 1.5 est la solution parfaite pour ceux qui cherchent \u00e0 combiner puissance, efficacit\u00e9 et flexibilit\u00e9 dans l\u2019\u00e9clairage de leurs cultures. Profite des avantages de la technologie LED de pointe pour des r\u00e9sultats optimis\u00e9s.","_seopress_robots_index":""},"product_brand":[],"product_cat":[560],"product_tag":[],"class_list":{"0":"post-31772","1":"product","2":"type-product","3":"status-publish","4":"has-post-thumbnail","6":"product_cat-led-it","9":"instock","10":"taxable","11":"shipping-taxable","12":"purchasable","13":"product-type-simple","14":"product-grid-view"},"_links":{"self":[{"href":"https:\/\/greenkingdom.ch\/it\/wp-json\/wp\/v2\/product\/31772","targetHints":{"allow":["GET"]}}],"collection":[{"href":"https:\/\/greenkingdom.ch\/it\/wp-json\/wp\/v2\/product"}],"about":[{"href":"https:\/\/greenkingdom.ch\/it\/wp-json\/wp\/v2\/types\/product"}],"replies":[{"embeddable":true,"href":"https:\/\/greenkingdom.ch\/it\/wp-json\/wp\/v2\/comments?post=31772"}],"version-history":[{"count":1,"href":"https:\/\/greenkingdom.ch\/it\/wp-json\/wp\/v2\/product\/31772\/revisions"}],"predecessor-version":[{"id":31783,"href":"https:\/\/greenkingdom.ch\/it\/wp-json\/wp\/v2\/product\/31772\/revisions\/31783"}],"wp:featuredmedia":[{"embeddable":true,"href":"https:\/\/greenkingdom.ch\/it\/wp-json\/wp\/v2\/media\/31776"}],"wp:attachment":[{"href":"https:\/\/greenkingdom.ch\/it\/wp-json\/wp\/v2\/media?parent=31772"}],"wp:term":[{"taxonomy":"product_brand","embeddable":true,"href":"https:\/\/greenkingdom.ch\/it\/wp-json\/wp\/v2\/product_brand?post=31772"},{"taxonomy":"product_cat","embeddable":true,"href":"https:\/\/greenkingdom.ch\/it\/wp-json\/wp\/v2\/product_cat?post=31772"},{"taxonomy":"product_tag","embeddable":true,"href":"https:\/\/greenkingdom.ch\/it\/wp-json\/wp\/v2\/product_tag?post=31772"}],"curies":[{"name":"wp","href":"https:\/\/api.w.org\/{rel}","templated":true}]}}