{"id":31832,"date":"2025-02-05T15:47:49","date_gmt":"2025-02-05T14:47:49","guid":{"rendered":"https:\/\/greenkingdom.ch\/?post_type=product&#038;p=31832"},"modified":"2025-02-07T17:13:53","modified_gmt":"2025-02-07T16:13:53","slug":"pot-carre-18l","status":"publish","type":"product","link":"https:\/\/greenkingdom.ch\/it\/prodotto\/pot-carre-18l\/","title":{"rendered":"Pentola quadrata 1,8L"},"content":{"rendered":"<h2>Vaso per piante 1.8L<\/h2>\n<p>Vaso quadrato da 1,8 litri, noto anche come vaso di rose acquistato in negozio, che pu\u00f2 contenere molto substrato nonostante il suo piccolo diametro.<\/p>\n<p>Con dimensioni di 10,5&#215;10,5x22cm, \u00e8 ideale per piccole piante che avranno solo un breve ciclo di vita.<\/p>\n<p>Grazie al suo diametro ridotto, \u00e8 possibile posizionare fino a 81 vasi per metro quadrato.<\/p>\n<p>Prodotto in Italia in polipropilene nero atossico.<\/p>\n<p>Grazie all&#8217;alta qualit\u00e0 del materiale e alla buona lavorazione europea, queste pentole sono estremamente resistenti e flessibili, il che prolunga notevolmente la durata di queste pentole.<\/p>\n<h3>Specificit\u00e0::<\/h3>\n<ul>\n<li>Dimensioni: 10,5 x 10,5 x 22 cm<\/li>\n<li>Capacit\u00e0: 1,8 l<\/li>\n<\/ul>\n","protected":false},"excerpt":{"rendered":"<p>Vaso per piante 1.8L Vaso quadrato da 1,8 litri, noto anche come vaso di rose acquistato in negozio, che pu\u00f2 contenere molto substrato nonostante il suo piccolo diametro. Con dimensioni di 10,5&#215;10,5x22cm, \u00e8 ideale per piccole piante che avranno solo un breve ciclo di vita. Grazie al suo diametro ridotto, \u00e8 possibile posizionare fino a [&hellip;]<\/p>\n","protected":false},"featured_media":31836,"comment_status":"open","ping_status":"closed","template":"","meta":{"_seopress_robots_primary_cat":"none","_seopress_titles_title":"Vaso Quadrato 1.8L - Regno Verde","_seopress_titles_desc":"Questi vasi sono molto flessibili e difficilmente si rompono. Anche il freddo non intacca questi vasi, quindi sono estremamente resistenti. ","_seopress_robots_index":""},"product_brand":[],"product_cat":[733,599],"product_tag":[],"class_list":{"0":"post-31832","1":"product","2":"type-product","3":"status-publish","4":"has-post-thumbnail","6":"product_cat-vasi-di-plastica","7":"product_cat-vasi-e-contenitori","10":"instock","11":"taxable","12":"shipping-taxable","13":"purchasable","14":"product-type-simple","15":"product-grid-view"},"_links":{"self":[{"href":"https:\/\/greenkingdom.ch\/it\/wp-json\/wp\/v2\/product\/31832","targetHints":{"allow":["GET"]}}],"collection":[{"href":"https:\/\/greenkingdom.ch\/it\/wp-json\/wp\/v2\/product"}],"about":[{"href":"https:\/\/greenkingdom.ch\/it\/wp-json\/wp\/v2\/types\/product"}],"replies":[{"embeddable":true,"href":"https:\/\/greenkingdom.ch\/it\/wp-json\/wp\/v2\/comments?post=31832"}],"version-history":[{"count":2,"href":"https:\/\/greenkingdom.ch\/it\/wp-json\/wp\/v2\/product\/31832\/revisions"}],"predecessor-version":[{"id":32159,"href":"https:\/\/greenkingdom.ch\/it\/wp-json\/wp\/v2\/product\/31832\/revisions\/32159"}],"wp:featuredmedia":[{"embeddable":true,"href":"https:\/\/greenkingdom.ch\/it\/wp-json\/wp\/v2\/media\/31836"}],"wp:attachment":[{"href":"https:\/\/greenkingdom.ch\/it\/wp-json\/wp\/v2\/media?parent=31832"}],"wp:term":[{"taxonomy":"product_brand","embeddable":true,"href":"https:\/\/greenkingdom.ch\/it\/wp-json\/wp\/v2\/product_brand?post=31832"},{"taxonomy":"product_cat","embeddable":true,"href":"https:\/\/greenkingdom.ch\/it\/wp-json\/wp\/v2\/product_cat?post=31832"},{"taxonomy":"product_tag","embeddable":true,"href":"https:\/\/greenkingdom.ch\/it\/wp-json\/wp\/v2\/product_tag?post=31832"}],"curies":[{"name":"wp","href":"https:\/\/api.w.org\/{rel}","templated":true}]}}