{"id":31895,"date":"2025-02-05T16:42:21","date_gmt":"2025-02-05T15:42:21","guid":{"rendered":"https:\/\/greenkingdom.ch\/?post_type=product&#038;p=31895"},"modified":"2025-02-07T17:20:03","modified_gmt":"2025-02-07T16:20:03","slug":"pot-carre-18l-2","status":"publish","type":"product","link":"https:\/\/greenkingdom.ch\/it\/prodotto\/pot-carre-18l-2\/","title":{"rendered":"Vaso quadrato 18L"},"content":{"rendered":"<p><strong>Vaso per piante 18L<\/strong><\/p>\n<p>Questo grande vaso quadrato da 18 litri, realizzato in polietilene nero, \u00e8 robusto e flessibile e offre un eccellente rapporto qualit\u00e0-prezzo per le coltivazioni su larga scala.<\/p>\n<p>Con dimensioni di 30 cm x 30 cm x 31 cm, \u00e8 perfetto per colture con un ciclo di vita inferiore a 4 mesi. La sua generosa capacit\u00e0 di 18 litri fornisce alle radici spazio e substrato sufficienti per uno sviluppo ottimale, mantenendo un equilibrio ideale del substrato. <\/p>\n<p>I nostri vasi sono prodotti in Italia, da plastica atossica e senza plastificanti, garantendo un ambiente salubre per le tue piante. Anche se sono un po&#8217; pi\u00f9 costosi dei barattoli di origine cinese, puoi essere certo che i nostri barattoli non contengono sostanze nocive. <\/p>\n<p><strong>Indicazioni:<\/strong><br \/>\nDimensioni: 30 x 30 x 31 cm<br \/>\nCapacit\u00e0: 18L<\/p>\n","protected":false},"excerpt":{"rendered":"<p>Vaso per piante 18L Questo grande vaso quadrato da 18 litri, realizzato in polietilene nero, \u00e8 robusto e flessibile e offre un eccellente rapporto qualit\u00e0-prezzo per le coltivazioni su larga scala. Con dimensioni di 30 cm x 30 cm x 31 cm, \u00e8 perfetto per colture con un ciclo di vita inferiore a 4 mesi. [&hellip;]<\/p>\n","protected":false},"featured_media":31899,"comment_status":"open","ping_status":"closed","template":"","meta":{"_seopress_robots_primary_cat":"none","_seopress_titles_title":"Vaso Quadrato 18L - Regno Verde","_seopress_titles_desc":"Questi vasi sono molto flessibili e difficilmente si rompono. Anche il freddo non intacca questi vasi, quindi sono estremamente resistenti. ","_seopress_robots_index":""},"product_brand":[],"product_cat":[733,599],"product_tag":[],"class_list":{"0":"post-31895","1":"product","2":"type-product","3":"status-publish","4":"has-post-thumbnail","6":"product_cat-vasi-di-plastica","7":"product_cat-vasi-e-contenitori","10":"instock","11":"taxable","12":"shipping-taxable","13":"purchasable","14":"product-type-simple","15":"product-grid-view"},"_links":{"self":[{"href":"https:\/\/greenkingdom.ch\/it\/wp-json\/wp\/v2\/product\/31895","targetHints":{"allow":["GET"]}}],"collection":[{"href":"https:\/\/greenkingdom.ch\/it\/wp-json\/wp\/v2\/product"}],"about":[{"href":"https:\/\/greenkingdom.ch\/it\/wp-json\/wp\/v2\/types\/product"}],"replies":[{"embeddable":true,"href":"https:\/\/greenkingdom.ch\/it\/wp-json\/wp\/v2\/comments?post=31895"}],"version-history":[{"count":2,"href":"https:\/\/greenkingdom.ch\/it\/wp-json\/wp\/v2\/product\/31895\/revisions"}],"predecessor-version":[{"id":32169,"href":"https:\/\/greenkingdom.ch\/it\/wp-json\/wp\/v2\/product\/31895\/revisions\/32169"}],"wp:featuredmedia":[{"embeddable":true,"href":"https:\/\/greenkingdom.ch\/it\/wp-json\/wp\/v2\/media\/31899"}],"wp:attachment":[{"href":"https:\/\/greenkingdom.ch\/it\/wp-json\/wp\/v2\/media?parent=31895"}],"wp:term":[{"taxonomy":"product_brand","embeddable":true,"href":"https:\/\/greenkingdom.ch\/it\/wp-json\/wp\/v2\/product_brand?post=31895"},{"taxonomy":"product_cat","embeddable":true,"href":"https:\/\/greenkingdom.ch\/it\/wp-json\/wp\/v2\/product_cat?post=31895"},{"taxonomy":"product_tag","embeddable":true,"href":"https:\/\/greenkingdom.ch\/it\/wp-json\/wp\/v2\/product_tag?post=31895"}],"curies":[{"name":"wp","href":"https:\/\/api.w.org\/{rel}","templated":true}]}}