{"id":31907,"date":"2025-02-05T16:46:15","date_gmt":"2025-02-05T15:46:15","guid":{"rendered":"https:\/\/greenkingdom.ch\/?post_type=product&#038;p=31907"},"modified":"2025-02-07T17:20:09","modified_gmt":"2025-02-07T16:20:09","slug":"pot-carre-30l","status":"publish","type":"product","link":"https:\/\/greenkingdom.ch\/it\/prodotto\/pot-carre-30l\/","title":{"rendered":"Pentola quadrata da 30 litri"},"content":{"rendered":"<p><strong>Vaso per piante 30L<\/strong><\/p>\n<p>Questo vaso quadrato da 30 litri, realizzato in polietilene nero, \u00e8 robusto e flessibile ed \u00e8 uno dei modelli pi\u00f9 grandi della nostra collezione.<\/p>\n<p>Con dimensioni di 33 cm x 33 cm x 36 cm, \u00e8 ideale per colture con un ciclo di vita breve, inferiore a 4 mesi. La sua generosa capacit\u00e0 di 30 litri offre ampio spazio per la crescita delle radici, pur mantenendo una quantit\u00e0 ottimale e ben controllata di substrato. <\/p>\n<p>Realizzati in Italia in plastica atossica e senza plastificanti, i nostri vasi garantiscono una coltivazione sana e sicura. Anche se possono essere un po&#8217; pi\u00f9 costosi dei barattoli importati economici, puoi essere certo che sono completamente privi di sostanze nocive. <\/p>\n<p><strong>Indicazioni:<\/strong><br \/>\nDimensioni: 33 x 33 x 36 cm<br \/>\nCapacit\u00e0: 30L<\/p>\n","protected":false},"excerpt":{"rendered":"<p>Vaso per piante 30L Questo vaso quadrato da 30 litri, realizzato in polietilene nero, \u00e8 robusto e flessibile ed \u00e8 uno dei modelli pi\u00f9 grandi della nostra collezione. Con dimensioni di 33 cm x 33 cm x 36 cm, \u00e8 ideale per colture con un ciclo di vita breve, inferiore a 4 mesi. La sua [&hellip;]<\/p>\n","protected":false},"featured_media":31911,"comment_status":"open","ping_status":"closed","template":"","meta":{"_seopress_robots_primary_cat":"none","_seopress_titles_title":"Vaso quadrato da 30 litri - Regno verde","_seopress_titles_desc":"Questi vasi sono molto flessibili e difficilmente si rompono. Anche il freddo non intacca questi vasi, quindi sono estremamente resistenti. ","_seopress_robots_index":""},"product_brand":[],"product_cat":[733,599],"product_tag":[],"class_list":{"0":"post-31907","1":"product","2":"type-product","3":"status-publish","4":"has-post-thumbnail","6":"product_cat-vasi-di-plastica","7":"product_cat-vasi-e-contenitori","10":"instock","11":"taxable","12":"shipping-taxable","13":"purchasable","14":"product-type-simple","15":"product-grid-view"},"_links":{"self":[{"href":"https:\/\/greenkingdom.ch\/it\/wp-json\/wp\/v2\/product\/31907","targetHints":{"allow":["GET"]}}],"collection":[{"href":"https:\/\/greenkingdom.ch\/it\/wp-json\/wp\/v2\/product"}],"about":[{"href":"https:\/\/greenkingdom.ch\/it\/wp-json\/wp\/v2\/types\/product"}],"replies":[{"embeddable":true,"href":"https:\/\/greenkingdom.ch\/it\/wp-json\/wp\/v2\/comments?post=31907"}],"version-history":[{"count":2,"href":"https:\/\/greenkingdom.ch\/it\/wp-json\/wp\/v2\/product\/31907\/revisions"}],"predecessor-version":[{"id":32174,"href":"https:\/\/greenkingdom.ch\/it\/wp-json\/wp\/v2\/product\/31907\/revisions\/32174"}],"wp:featuredmedia":[{"embeddable":true,"href":"https:\/\/greenkingdom.ch\/it\/wp-json\/wp\/v2\/media\/31911"}],"wp:attachment":[{"href":"https:\/\/greenkingdom.ch\/it\/wp-json\/wp\/v2\/media?parent=31907"}],"wp:term":[{"taxonomy":"product_brand","embeddable":true,"href":"https:\/\/greenkingdom.ch\/it\/wp-json\/wp\/v2\/product_brand?post=31907"},{"taxonomy":"product_cat","embeddable":true,"href":"https:\/\/greenkingdom.ch\/it\/wp-json\/wp\/v2\/product_cat?post=31907"},{"taxonomy":"product_tag","embeddable":true,"href":"https:\/\/greenkingdom.ch\/it\/wp-json\/wp\/v2\/product_tag?post=31907"}],"curies":[{"name":"wp","href":"https:\/\/api.w.org\/{rel}","templated":true}]}}