{"id":32323,"date":"2025-02-12T15:12:05","date_gmt":"2025-02-12T14:12:05","guid":{"rendered":"https:\/\/greenkingdom.ch\/?post_type=product&#038;p=32323"},"modified":"2025-02-14T17:49:52","modified_gmt":"2025-02-14T16:49:52","slug":"gaine-combiconnect-3m-diametre-100mm","status":"publish","type":"product","link":"https:\/\/greenkingdom.ch\/it\/prodotto\/gaine-combiconnect-3m-diametre-100mm\/","title":{"rendered":"Guaina CombiConnect 3m Diametro 100mm"},"content":{"rendered":"<p>Il tubo dell&#8217;aria Combiconnect di ATCO International \u00e8 un&#8217;opzione molto flessibile, ideale per tutte le condizioni. A differenza dei tubi in alluminio, offre una migliore resistenza e leggerezza. Questo tubo \u00e8 realizzato in alluminio laminato con uno strato esterno in copolimero nero opaco, appositamente progettato per essere pi\u00f9 resistente grazie alla sua struttura &#8220;sandwich&#8221; in poliestere e alluminio. Il guscio esterno \u00e8 resistente alla chiusura e impermeabile al vapore, il che lo rende pi\u00f9 durevole ed efficiente. Offriamo solo tubi flessibili originali Combiconnect, garantendo una qualit\u00e0 superiore rispetto alle copie economiche.  <\/p>\n","protected":false},"excerpt":{"rendered":"<p>Il tubo dell&#8217;aria Combiconnect di ATCO International \u00e8 un&#8217;opzione molto flessibile, ideale per tutte le condizioni. A differenza dei tubi in alluminio, offre una migliore resistenza e leggerezza. Questo tubo \u00e8 realizzato in alluminio laminato con uno strato esterno in copolimero nero opaco, appositamente progettato per essere pi\u00f9 resistente grazie alla sua struttura &#8220;sandwich&#8221; in [&hellip;]<\/p>\n","protected":false},"featured_media":32312,"comment_status":"open","ping_status":"closed","template":"","meta":{"_seopress_robots_primary_cat":"none","_seopress_titles_title":"Guaina CombiConnect 3m Diametro 100mm - Green Kingdom","_seopress_titles_desc":"A differenza dei tubi in alluminio, offre una migliore resistenza e leggerezza.","_seopress_robots_index":""},"product_brand":[],"product_cat":[752],"product_tag":[],"class_list":{"0":"post-32323","1":"product","2":"type-product","3":"status-publish","4":"has-post-thumbnail","6":"product_cat-gaines-it","9":"instock","10":"taxable","11":"shipping-taxable","12":"purchasable","13":"product-type-simple","14":"product-grid-view"},"_links":{"self":[{"href":"https:\/\/greenkingdom.ch\/it\/wp-json\/wp\/v2\/product\/32323","targetHints":{"allow":["GET"]}}],"collection":[{"href":"https:\/\/greenkingdom.ch\/it\/wp-json\/wp\/v2\/product"}],"about":[{"href":"https:\/\/greenkingdom.ch\/it\/wp-json\/wp\/v2\/types\/product"}],"replies":[{"embeddable":true,"href":"https:\/\/greenkingdom.ch\/it\/wp-json\/wp\/v2\/comments?post=32323"}],"version-history":[{"count":3,"href":"https:\/\/greenkingdom.ch\/it\/wp-json\/wp\/v2\/product\/32323\/revisions"}],"predecessor-version":[{"id":32894,"href":"https:\/\/greenkingdom.ch\/it\/wp-json\/wp\/v2\/product\/32323\/revisions\/32894"}],"wp:featuredmedia":[{"embeddable":true,"href":"https:\/\/greenkingdom.ch\/it\/wp-json\/wp\/v2\/media\/32312"}],"wp:attachment":[{"href":"https:\/\/greenkingdom.ch\/it\/wp-json\/wp\/v2\/media?parent=32323"}],"wp:term":[{"taxonomy":"product_brand","embeddable":true,"href":"https:\/\/greenkingdom.ch\/it\/wp-json\/wp\/v2\/product_brand?post=32323"},{"taxonomy":"product_cat","embeddable":true,"href":"https:\/\/greenkingdom.ch\/it\/wp-json\/wp\/v2\/product_cat?post=32323"},{"taxonomy":"product_tag","embeddable":true,"href":"https:\/\/greenkingdom.ch\/it\/wp-json\/wp\/v2\/product_tag?post=32323"}],"curies":[{"name":"wp","href":"https:\/\/api.w.org\/{rel}","templated":true}]}}