{"id":32637,"date":"2025-02-12T18:01:51","date_gmt":"2025-02-12T17:01:51","guid":{"rendered":"https:\/\/greenkingdom.ch\/?post_type=product&#038;p=32637"},"modified":"2025-02-14T17:32:39","modified_gmt":"2025-02-14T16:32:39","slug":"gaine-insonorisee-sono-connect-5m-diametre-200mm","status":"publish","type":"product","link":"https:\/\/greenkingdom.ch\/it\/prodotto\/gaine-insonorisee-sono-connect-5m-diametre-200mm\/","title":{"rendered":"Insonorizzato Sono Connect 5m diametro 200mm"},"content":{"rendered":"<p>Il tubo flessibile di ventilazione Sonoconnect \u00e8 la soluzione ideale per una ventilazione silenziosa!<\/p>\n<p>Progettato per ridurre il pi\u00f9 possibile il rumore della ventilazione, il Sonoconnect \u00e8 un tubo flessibile fonoassorbente che riduce sia il rumore del motore che quello del flusso d&#8217;aria.<\/p>\n<p>Offriamo solo tubi flessibili Sonoconnect originali di ATCO International (se non diversamente specificato). Sebbene siano un po&#8217; pi\u00f9 costosi, questi modelli sono di gran lunga superiori alle copie economiche, garantendo prestazioni ottimali e una maggiore durata. <\/p>\n<p>La serie SONOCONNECT\u00ae \u00e8 composta da una camera d&#8217;aria in alluminio laminato perforato, uno strato di isolamento acustico e termico in lana e un rivestimento esterno rinforzato con fibra di vetro. Questa combinazione garantisce una maggiore resistenza, un migliore isolamento e una longevit\u00e0 superiore, ben oltre i prodotti imitati. <\/p>\n","protected":false},"excerpt":{"rendered":"<p>Il tubo flessibile di ventilazione Sonoconnect \u00e8 la soluzione ideale per una ventilazione silenziosa! Progettato per ridurre il pi\u00f9 possibile il rumore della ventilazione, il Sonoconnect \u00e8 un tubo flessibile fonoassorbente che riduce sia il rumore del motore che quello del flusso d&#8217;aria. Offriamo solo tubi flessibili Sonoconnect originali di ATCO International (se non diversamente [&hellip;]<\/p>\n","protected":false},"featured_media":32607,"comment_status":"open","ping_status":"closed","template":"","meta":{"_seopress_robots_primary_cat":"none","_seopress_titles_title":"Sono Connect Condotto Insonorizzato 5m diametro 200mm - Green Kingdom","_seopress_titles_desc":"Il tubo flessibile di ventilazione Sonoconnect \u00e8 la soluzione ideale per una ventilazione silenziosa!","_seopress_robots_index":""},"product_brand":[],"product_cat":[752],"product_tag":[],"class_list":{"0":"post-32637","1":"product","2":"type-product","3":"status-publish","4":"has-post-thumbnail","6":"product_cat-gaines-it","9":"instock","10":"taxable","11":"shipping-taxable","12":"purchasable","13":"product-type-simple","14":"product-grid-view"},"_links":{"self":[{"href":"https:\/\/greenkingdom.ch\/it\/wp-json\/wp\/v2\/product\/32637","targetHints":{"allow":["GET"]}}],"collection":[{"href":"https:\/\/greenkingdom.ch\/it\/wp-json\/wp\/v2\/product"}],"about":[{"href":"https:\/\/greenkingdom.ch\/it\/wp-json\/wp\/v2\/types\/product"}],"replies":[{"embeddable":true,"href":"https:\/\/greenkingdom.ch\/it\/wp-json\/wp\/v2\/comments?post=32637"}],"version-history":[{"count":3,"href":"https:\/\/greenkingdom.ch\/it\/wp-json\/wp\/v2\/product\/32637\/revisions"}],"predecessor-version":[{"id":32797,"href":"https:\/\/greenkingdom.ch\/it\/wp-json\/wp\/v2\/product\/32637\/revisions\/32797"}],"wp:featuredmedia":[{"embeddable":true,"href":"https:\/\/greenkingdom.ch\/it\/wp-json\/wp\/v2\/media\/32607"}],"wp:attachment":[{"href":"https:\/\/greenkingdom.ch\/it\/wp-json\/wp\/v2\/media?parent=32637"}],"wp:term":[{"taxonomy":"product_brand","embeddable":true,"href":"https:\/\/greenkingdom.ch\/it\/wp-json\/wp\/v2\/product_brand?post=32637"},{"taxonomy":"product_cat","embeddable":true,"href":"https:\/\/greenkingdom.ch\/it\/wp-json\/wp\/v2\/product_cat?post=32637"},{"taxonomy":"product_tag","embeddable":true,"href":"https:\/\/greenkingdom.ch\/it\/wp-json\/wp\/v2\/product_tag?post=32637"}],"curies":[{"name":"wp","href":"https:\/\/api.w.org\/{rel}","templated":true}]}}