{"id":32704,"date":"2025-02-14T16:37:43","date_gmt":"2025-02-14T15:37:43","guid":{"rendered":"https:\/\/greenkingdom.ch\/product\/humidificateur-8l\/"},"modified":"2025-02-14T17:27:02","modified_gmt":"2025-02-14T16:27:02","slug":"humidificateur-8l","status":"publish","type":"product","link":"https:\/\/greenkingdom.ch\/it\/prodotto\/humidificateur-8l\/","title":{"rendered":"Umidificatore da 8 litri"},"content":{"rendered":"<p>Quando arriva la stagione del riscaldamento, l&#8217;umidit\u00e0 dell&#8217;aria scende spesso al di sotto dell&#8217;intervallo ideale dal 45 al 55 percento, il che pu\u00f2 essere dannoso per il comfort dei residenti, degli animali e delle piante. Questo calo di umidit\u00e0 \u00e8 particolarmente fastidioso durante l&#8217;inverno, ma pu\u00f2 essere facilmente corretto utilizzando un umidificatore. <\/p>\n<p>Un umidificatore a ultrasuoni da 8 litri \u00e8 un ottimo modo per mantenere un&#8217;aria pi\u00f9 equilibrata. Grazie alla sua generosa capacit\u00e0, pu\u00f2 funzionare tra le 23 e le 32 ore con un singolo rifornimento, garantendo una maggiore durata della batteria per periodi di utilizzo pi\u00f9 lunghi. Le sue dimensioni di 255 x 255 x 330 mm e il peso di 1,7 kg lo rendono abbastanza compatto e facile da spostare in base alle proprie esigenze. Il bassissimo livello di rumorosit\u00e0 inferiore a 35 dB ne consente l&#8217;utilizzo senza disagio, anche di notte.   <\/p>\n<p>Al fine di garantire un funzionamento ottimale e prolungare la durata del dispositivo, si consiglia di utilizzare solo acqua distillata per riempire il serbatoio. Con una potenza di 32 W e un consumo di acqua di circa 250-350 ml all&#8217;ora, questo umidificatore \u00e8 efficace ed economico nel mantenere un&#8217;umidit\u00e0 confortevole nel tuo spazio abitativo. <\/p>\n","protected":false},"excerpt":{"rendered":"<p>Quando arriva la stagione del riscaldamento, l&#8217;umidit\u00e0 dell&#8217;aria scende spesso al di sotto dell&#8217;intervallo ideale dal 45 al 55 percento, il che pu\u00f2 essere dannoso per il comfort dei residenti, degli animali e delle piante. Questo calo di umidit\u00e0 \u00e8 particolarmente fastidioso durante l&#8217;inverno, ma pu\u00f2 essere facilmente corretto utilizzando un umidificatore. Un umidificatore a [&hellip;]<\/p>\n","protected":false},"featured_media":32700,"comment_status":"open","ping_status":"closed","template":"","meta":{"_seopress_robots_primary_cat":"none","_seopress_titles_title":"Umidificatore da 8 litri - Green Kingdom","_seopress_titles_desc":"L'umidificatore a ultrasuoni da 8 litri \u00e8 un ottimo modo per mantenere un'aria pi\u00f9 equilibrata. Grazie alla sua generosa capacit\u00e0, pu\u00f2 funzionare tra le 23 e le 32 ore con un solo riempimento. ","_seopress_robots_index":""},"product_brand":[],"product_cat":[756],"product_tag":[],"class_list":{"0":"post-32704","1":"product","2":"type-product","3":"status-publish","4":"has-post-thumbnail","6":"product_cat-umidificatori","9":"instock","10":"taxable","11":"shipping-taxable","12":"purchasable","13":"product-type-simple","14":"product-grid-view"},"_links":{"self":[{"href":"https:\/\/greenkingdom.ch\/it\/wp-json\/wp\/v2\/product\/32704","targetHints":{"allow":["GET"]}}],"collection":[{"href":"https:\/\/greenkingdom.ch\/it\/wp-json\/wp\/v2\/product"}],"about":[{"href":"https:\/\/greenkingdom.ch\/it\/wp-json\/wp\/v2\/types\/product"}],"replies":[{"embeddable":true,"href":"https:\/\/greenkingdom.ch\/it\/wp-json\/wp\/v2\/comments?post=32704"}],"version-history":[{"count":2,"href":"https:\/\/greenkingdom.ch\/it\/wp-json\/wp\/v2\/product\/32704\/revisions"}],"predecessor-version":[{"id":32751,"href":"https:\/\/greenkingdom.ch\/it\/wp-json\/wp\/v2\/product\/32704\/revisions\/32751"}],"wp:featuredmedia":[{"embeddable":true,"href":"https:\/\/greenkingdom.ch\/it\/wp-json\/wp\/v2\/media\/32700"}],"wp:attachment":[{"href":"https:\/\/greenkingdom.ch\/it\/wp-json\/wp\/v2\/media?parent=32704"}],"wp:term":[{"taxonomy":"product_brand","embeddable":true,"href":"https:\/\/greenkingdom.ch\/it\/wp-json\/wp\/v2\/product_brand?post=32704"},{"taxonomy":"product_cat","embeddable":true,"href":"https:\/\/greenkingdom.ch\/it\/wp-json\/wp\/v2\/product_cat?post=32704"},{"taxonomy":"product_tag","embeddable":true,"href":"https:\/\/greenkingdom.ch\/it\/wp-json\/wp\/v2\/product_tag?post=32704"}],"curies":[{"name":"wp","href":"https:\/\/api.w.org\/{rel}","templated":true}]}}