{"id":33303,"date":"2025-02-19T14:45:41","date_gmt":"2025-02-19T13:45:41","guid":{"rendered":"https:\/\/greenkingdom.ch\/?post_type=product&#038;p=33303"},"modified":"2025-02-19T14:48:01","modified_gmt":"2025-02-19T13:48:01","slug":"garland-bac-100x100","status":"publish","type":"product","link":"https:\/\/greenkingdom.ch\/it\/prodotto\/garland-bac-100x100\/","title":{"rendered":"Garland Bac 100&#215;100"},"content":{"rendered":"<p>Ce bac en plastique souple est id\u00e9al pour \u00e9viter les dommages li\u00e9s \u00e0 l&#8217;eau. D&#8217;une largeur de 1 m\u00e8tre, il s&#8217;int\u00e8gre parfaitement dans des espaces tels que le Homebox L, le Dark Room 100, le Grolab 100 ou toute autre tente de culture mesurant au moins 1 x 1 m\u00e8tre. Ces bacs sont g\u00e9n\u00e9ralement utilis\u00e9s comme support pour tr\u00e9pied ou comme plateaux pour syst\u00e8mes de goutte-\u00e0-goutte. Ils servent \u00e9galement pour l&#8217;irrigation des poches profondes ou des pots, permettant de verser facilement la solution nutritive dans le bac. Il est aussi possible d&#8217;utiliser ces bacs pour un syst\u00e8me d&#8217;irrigation avec \u00e9coulement et flux. La capacit\u00e9 maximale de ce bac est de 120L. Dimensions : Garland 1m x 1m x 12 cm, plastique souple noir. Le poids du bac est de 15 kg, poids qui a \u00e9t\u00e9 ajust\u00e9 pour tenir compte de l&#8217;emballage.<\/p>\n","protected":false},"excerpt":{"rendered":"<p>Ce bac en plastique souple est id\u00e9al pour \u00e9viter les dommages li\u00e9s \u00e0 l&#8217;eau. D&#8217;une largeur de 1 m\u00e8tre, il s&#8217;int\u00e8gre parfaitement dans des espaces tels que le Homebox L, le Dark Room 100, le Grolab 100 ou toute autre tente de culture mesurant au moins 1 x 1 m\u00e8tre. Ces bacs sont g\u00e9n\u00e9ralement utilis\u00e9s [&hellip;]<\/p>\n","protected":false},"featured_media":33307,"comment_status":"open","ping_status":"closed","template":"","meta":{"_seopress_robots_primary_cat":"none","_seopress_titles_title":"Garland Plateau de Jardinage 100x100","_seopress_titles_desc":"Ce plateau Garland peut \u00eatre utilis\u00e9 comme plateau de culture ou comme plateau de collecte d'eau pour les petits pots de plantes.","_seopress_robots_index":""},"product_brand":[],"product_cat":[780,599],"product_tag":[],"class_list":{"0":"post-33303","1":"product","2":"type-product","3":"status-publish","4":"has-post-thumbnail","6":"product_cat-bacs-en-plastique-it","7":"product_cat-vasi-e-contenitori","10":"instock","11":"taxable","12":"shipping-taxable","13":"purchasable","14":"product-type-simple","15":"product-grid-view"},"_links":{"self":[{"href":"https:\/\/greenkingdom.ch\/it\/wp-json\/wp\/v2\/product\/33303","targetHints":{"allow":["GET"]}}],"collection":[{"href":"https:\/\/greenkingdom.ch\/it\/wp-json\/wp\/v2\/product"}],"about":[{"href":"https:\/\/greenkingdom.ch\/it\/wp-json\/wp\/v2\/types\/product"}],"replies":[{"embeddable":true,"href":"https:\/\/greenkingdom.ch\/it\/wp-json\/wp\/v2\/comments?post=33303"}],"version-history":[{"count":1,"href":"https:\/\/greenkingdom.ch\/it\/wp-json\/wp\/v2\/product\/33303\/revisions"}],"predecessor-version":[{"id":33310,"href":"https:\/\/greenkingdom.ch\/it\/wp-json\/wp\/v2\/product\/33303\/revisions\/33310"}],"wp:featuredmedia":[{"embeddable":true,"href":"https:\/\/greenkingdom.ch\/it\/wp-json\/wp\/v2\/media\/33307"}],"wp:attachment":[{"href":"https:\/\/greenkingdom.ch\/it\/wp-json\/wp\/v2\/media?parent=33303"}],"wp:term":[{"taxonomy":"product_brand","embeddable":true,"href":"https:\/\/greenkingdom.ch\/it\/wp-json\/wp\/v2\/product_brand?post=33303"},{"taxonomy":"product_cat","embeddable":true,"href":"https:\/\/greenkingdom.ch\/it\/wp-json\/wp\/v2\/product_cat?post=33303"},{"taxonomy":"product_tag","embeddable":true,"href":"https:\/\/greenkingdom.ch\/it\/wp-json\/wp\/v2\/product_tag?post=33303"}],"curies":[{"name":"wp","href":"https:\/\/api.w.org\/{rel}","templated":true}]}}