{"id":33335,"date":"2025-02-19T14:59:01","date_gmt":"2025-02-19T13:59:01","guid":{"rendered":"https:\/\/greenkingdom.ch\/?post_type=product&#038;p=33335"},"modified":"2025-02-19T15:01:07","modified_gmt":"2025-02-19T14:01:07","slug":"nutriculture-plateau-flexible-100x100","status":"publish","type":"product","link":"https:\/\/greenkingdom.ch\/it\/prodotto\/nutriculture-plateau-flexible-100x100\/","title":{"rendered":"Nutriculture Plateau Flexible 100&#215;100"},"content":{"rendered":"<p>Le plateau flexible Nutriculture est un accessoire con\u00e7u pour \u00e9viter les dommages li\u00e9s \u00e0 l&#8217;eau. Ce bac de r\u00e9cup\u00e9ration, tr\u00e8s flexible, s&#8217;adapte facilement l\u00e0 o\u00f9 d&#8217;autres mod\u00e8les ne conviennent pas. Il est parfait pour \u00e9quiper des espaces de culture. Le plateau Nutriculture est compatible avec toute tente de culture d&#8217;une taille minimale de 100&#215;100 cm. Dimensions : 100x100x10 cm.<\/p>\n","protected":false},"excerpt":{"rendered":"<p>Le plateau flexible Nutriculture est un accessoire con\u00e7u pour \u00e9viter les dommages li\u00e9s \u00e0 l&#8217;eau. Ce bac de r\u00e9cup\u00e9ration, tr\u00e8s flexible, s&#8217;adapte facilement l\u00e0 o\u00f9 d&#8217;autres mod\u00e8les ne conviennent pas. Il est parfait pour \u00e9quiper des espaces de culture. Le plateau Nutriculture est compatible avec toute tente de culture d&#8217;une taille minimale de 100&#215;100 cm. [&hellip;]<\/p>\n","protected":false},"featured_media":33327,"comment_status":"open","ping_status":"closed","template":"","meta":{"_seopress_robots_primary_cat":"none","_seopress_titles_title":"Nutriculture Plateau Flexible 100x100","_seopress_titles_desc":"Gr\u00e2ce \u00e0 sa grande flexibilit\u00e9, ce bac de r\u00e9cup\u00e9ration peut s'adapter facilement \u00e0 des espaces o\u00f9 d'autres mod\u00e8les ne conviennent pas.","_seopress_robots_index":""},"product_brand":[],"product_cat":[780,599],"product_tag":[],"class_list":{"0":"post-33335","1":"product","2":"type-product","3":"status-publish","4":"has-post-thumbnail","6":"product_cat-bacs-en-plastique-it","7":"product_cat-vasi-e-contenitori","10":"instock","11":"taxable","12":"shipping-taxable","13":"purchasable","14":"product-type-simple","15":"product-grid-view"},"_links":{"self":[{"href":"https:\/\/greenkingdom.ch\/it\/wp-json\/wp\/v2\/product\/33335","targetHints":{"allow":["GET"]}}],"collection":[{"href":"https:\/\/greenkingdom.ch\/it\/wp-json\/wp\/v2\/product"}],"about":[{"href":"https:\/\/greenkingdom.ch\/it\/wp-json\/wp\/v2\/types\/product"}],"replies":[{"embeddable":true,"href":"https:\/\/greenkingdom.ch\/it\/wp-json\/wp\/v2\/comments?post=33335"}],"version-history":[{"count":2,"href":"https:\/\/greenkingdom.ch\/it\/wp-json\/wp\/v2\/product\/33335\/revisions"}],"predecessor-version":[{"id":33340,"href":"https:\/\/greenkingdom.ch\/it\/wp-json\/wp\/v2\/product\/33335\/revisions\/33340"}],"wp:featuredmedia":[{"embeddable":true,"href":"https:\/\/greenkingdom.ch\/it\/wp-json\/wp\/v2\/media\/33327"}],"wp:attachment":[{"href":"https:\/\/greenkingdom.ch\/it\/wp-json\/wp\/v2\/media?parent=33335"}],"wp:term":[{"taxonomy":"product_brand","embeddable":true,"href":"https:\/\/greenkingdom.ch\/it\/wp-json\/wp\/v2\/product_brand?post=33335"},{"taxonomy":"product_cat","embeddable":true,"href":"https:\/\/greenkingdom.ch\/it\/wp-json\/wp\/v2\/product_cat?post=33335"},{"taxonomy":"product_tag","embeddable":true,"href":"https:\/\/greenkingdom.ch\/it\/wp-json\/wp\/v2\/product_tag?post=33335"}],"curies":[{"name":"wp","href":"https:\/\/api.w.org\/{rel}","templated":true}]}}