{"id":33409,"date":"2025-02-19T15:45:59","date_gmt":"2025-02-19T14:45:59","guid":{"rendered":"https:\/\/greenkingdom.ch\/?post_type=product&#038;p=33409"},"modified":"2025-02-19T17:12:03","modified_gmt":"2025-02-19T16:12:03","slug":"garland-mini-serre-l-complete","status":"publish","type":"product","link":"https:\/\/greenkingdom.ch\/it\/prodotto\/garland-mini-serre-l-complete\/","title":{"rendered":"Garland Mini Serre L Compl\u00e8te"},"content":{"rendered":"<p data-start=\"35\" data-end=\"225\">Cette serre en plastique rigide est id\u00e9ale pour vos semis et boutures. Elle permet de maintenir une humidit\u00e9 \u00e9lev\u00e9e, favorisant ainsi la prise de racines et la culture de vos plantes basses.<\/p>\n<p data-start=\"227\" data-end=\"402\">Con\u00e7ue pour accueillir un tapis chauffant si n\u00e9cessaire, elle peut \u00e9galement \u00eatre utilis\u00e9e avec des billes d&#8217;argile dans le cadre d&#8217;une culture sur plateau de billes d&#8217;argile.<\/p>\n<p data-start=\"404\" data-end=\"716\">Facile \u00e0 entretenir et esth\u00e9tiquement agr\u00e9able, cette mini serre est parfaite pour cr\u00e9er un petit jardin d&#8217;int\u00e9rieur ou sur balcon, en recr\u00e9ant un environnement climatique favorable \u00e0 vos plantes. Tr\u00e8s pratique, elle constitue un espace id\u00e9al pour effectuer des semis ou cultiver vos petites plantes et aromates.<\/p>\n<p data-start=\"718\" data-end=\"978\">Cette mini serre r\u00e9pond parfaitement aux besoins des jardiniers. Elle est \u00e9quip\u00e9e d&#8217;un bac \u00e9tanche et d&#8217;un couvercle avec a\u00e9ration modulable, assurant un environnement optimal pour les plantes n\u00e9cessitant une bonne hygrom\u00e9trie et des temp\u00e9ratures plus \u00e9lev\u00e9es.<\/p>\n<p data-start=\"980\" data-end=\"1027\">Dimensions : L 35 x l 21 x h 19 cm. Contient :<\/p>\n<ul data-start=\"1028\" data-end=\"1098\">\n<li data-start=\"1028\" data-end=\"1066\">un couvercle avec a\u00e9ration r\u00e9glable,<\/li>\n<li data-start=\"1067\" data-end=\"1098\">un fond en plastique \u00e9tanche.<\/li>\n<\/ul>\n","protected":false},"excerpt":{"rendered":"<p>Cette serre en plastique rigide est id\u00e9ale pour vos semis et boutures. Elle permet de maintenir une humidit\u00e9 \u00e9lev\u00e9e, favorisant ainsi la prise de racines et la culture de vos plantes basses. Con\u00e7ue pour accueillir un tapis chauffant si n\u00e9cessaire, elle peut \u00e9galement \u00eatre utilis\u00e9e avec des billes d&#8217;argile dans le cadre d&#8217;une culture sur [&hellip;]<\/p>\n","protected":false},"featured_media":33413,"comment_status":"open","ping_status":"closed","template":"","meta":{"_seopress_robots_primary_cat":"none","_seopress_titles_title":"Garland Mini Serre L Compl\u00e8te - Green Kingdom","_seopress_titles_desc":"Cette serre en plastique rigide est id\u00e9ale pour vos semis et boutures. Elle permet de maintenir une humidit\u00e9 \u00e9lev\u00e9e, favorisant ainsi la prise de racines et la culture de vos plantes basses.","_seopress_robots_index":""},"product_brand":[],"product_cat":[768,772],"product_tag":[],"class_list":{"0":"post-33409","1":"product","2":"type-product","3":"status-publish","4":"has-post-thumbnail","6":"product_cat-germinazione-e-talee","7":"product_cat-serre","10":"instock","11":"taxable","12":"shipping-taxable","13":"purchasable","14":"product-type-simple","15":"product-grid-view"},"_links":{"self":[{"href":"https:\/\/greenkingdom.ch\/it\/wp-json\/wp\/v2\/product\/33409","targetHints":{"allow":["GET"]}}],"collection":[{"href":"https:\/\/greenkingdom.ch\/it\/wp-json\/wp\/v2\/product"}],"about":[{"href":"https:\/\/greenkingdom.ch\/it\/wp-json\/wp\/v2\/types\/product"}],"replies":[{"embeddable":true,"href":"https:\/\/greenkingdom.ch\/it\/wp-json\/wp\/v2\/comments?post=33409"}],"version-history":[{"count":1,"href":"https:\/\/greenkingdom.ch\/it\/wp-json\/wp\/v2\/product\/33409\/revisions"}],"predecessor-version":[{"id":33416,"href":"https:\/\/greenkingdom.ch\/it\/wp-json\/wp\/v2\/product\/33409\/revisions\/33416"}],"wp:featuredmedia":[{"embeddable":true,"href":"https:\/\/greenkingdom.ch\/it\/wp-json\/wp\/v2\/media\/33413"}],"wp:attachment":[{"href":"https:\/\/greenkingdom.ch\/it\/wp-json\/wp\/v2\/media?parent=33409"}],"wp:term":[{"taxonomy":"product_brand","embeddable":true,"href":"https:\/\/greenkingdom.ch\/it\/wp-json\/wp\/v2\/product_brand?post=33409"},{"taxonomy":"product_cat","embeddable":true,"href":"https:\/\/greenkingdom.ch\/it\/wp-json\/wp\/v2\/product_cat?post=33409"},{"taxonomy":"product_tag","embeddable":true,"href":"https:\/\/greenkingdom.ch\/it\/wp-json\/wp\/v2\/product_tag?post=33409"}],"curies":[{"name":"wp","href":"https:\/\/api.w.org\/{rel}","templated":true}]}}