{"id":33697,"date":"2025-03-12T13:58:35","date_gmt":"2025-03-12T12:58:35","guid":{"rendered":"https:\/\/greenkingdom.ch\/?post_type=product&#038;p=33697"},"modified":"2025-03-12T14:02:06","modified_gmt":"2025-03-12T13:02:06","slug":"ona-gel-breeze-fan","status":"publish","type":"product","link":"https:\/\/greenkingdom.ch\/it\/prodotto\/ona-gel-breeze-fan\/","title":{"rendered":"ONA Gel Breeze Fan"},"content":{"rendered":"<p>Offre \u00e0 ton nez une v\u00e9ritable pause ! Plut\u00f4t que de simplement masquer les mauvaises odeurs, opte pour une neutralisation durable avec le gel ONA. Pour faciliter l&#8217;utilisation et la diffusion de ce gel \u00e0 base de produits 100 % v\u00e9g\u00e9taux, le ventilateur Ona Breeze a \u00e9t\u00e9 con\u00e7u. Plus l\u00e9ger, plus silencieux et moins gourmand en \u00e9nergie que son pr\u00e9d\u00e9cesseur, il est compatible avec les pots de gel Ona de 732g et les seaux de 3,8 kg.<\/p>\n<p>Selon la temp\u00e9rature et l&#8217;humidit\u00e9 de la pi\u00e8ce, le ventilateur assure une neutralisation des odeurs sur une surface allant jusqu&#8217;\u00e0 140 m\u00b2 ou 500 m\u00b3. Un contenant de gel Ona peut durer entre 3 et 6 semaines, en fonction de la temp\u00e9rature ambiante, de l&#8217;humidit\u00e9 et de la vitesse du ventilateur. Ce dernier fonctionne avec un adaptateur secteur standard de 240V.<\/p>\n","protected":false},"excerpt":{"rendered":"<p>Offre \u00e0 ton nez une v\u00e9ritable pause ! Plut\u00f4t que de simplement masquer les mauvaises odeurs, opte pour une neutralisation durable avec le gel ONA. Pour faciliter l&#8217;utilisation et la diffusion de ce gel \u00e0 base de produits 100 % v\u00e9g\u00e9taux, le ventilateur Ona Breeze a \u00e9t\u00e9 con\u00e7u. Plus l\u00e9ger, plus silencieux et moins gourmand [&hellip;]<\/p>\n","protected":false},"featured_media":33701,"comment_status":"open","ping_status":"closed","template":"","meta":{"_seopress_robots_primary_cat":"none","_seopress_titles_title":"ONA Gel Breeze Fan - Green Kingdom","_seopress_titles_desc":"Le ventilateur Ona Breeze a \u00e9t\u00e9 con\u00e7u plus l\u00e9ger, plus silencieux et moins gourmand en \u00e9nergie que son pr\u00e9d\u00e9cesseur","_seopress_robots_index":""},"product_brand":[],"product_cat":[788],"product_tag":[],"class_list":{"0":"post-33697","1":"product","2":"type-product","3":"status-publish","4":"has-post-thumbnail","6":"product_cat-traitement-des-odeurs-it","9":"instock","10":"taxable","11":"shipping-taxable","12":"purchasable","13":"product-type-simple","14":"product-grid-view"},"_links":{"self":[{"href":"https:\/\/greenkingdom.ch\/it\/wp-json\/wp\/v2\/product\/33697","targetHints":{"allow":["GET"]}}],"collection":[{"href":"https:\/\/greenkingdom.ch\/it\/wp-json\/wp\/v2\/product"}],"about":[{"href":"https:\/\/greenkingdom.ch\/it\/wp-json\/wp\/v2\/types\/product"}],"replies":[{"embeddable":true,"href":"https:\/\/greenkingdom.ch\/it\/wp-json\/wp\/v2\/comments?post=33697"}],"version-history":[{"count":1,"href":"https:\/\/greenkingdom.ch\/it\/wp-json\/wp\/v2\/product\/33697\/revisions"}],"predecessor-version":[{"id":33708,"href":"https:\/\/greenkingdom.ch\/it\/wp-json\/wp\/v2\/product\/33697\/revisions\/33708"}],"wp:featuredmedia":[{"embeddable":true,"href":"https:\/\/greenkingdom.ch\/it\/wp-json\/wp\/v2\/media\/33701"}],"wp:attachment":[{"href":"https:\/\/greenkingdom.ch\/it\/wp-json\/wp\/v2\/media?parent=33697"}],"wp:term":[{"taxonomy":"product_brand","embeddable":true,"href":"https:\/\/greenkingdom.ch\/it\/wp-json\/wp\/v2\/product_brand?post=33697"},{"taxonomy":"product_cat","embeddable":true,"href":"https:\/\/greenkingdom.ch\/it\/wp-json\/wp\/v2\/product_cat?post=33697"},{"taxonomy":"product_tag","embeddable":true,"href":"https:\/\/greenkingdom.ch\/it\/wp-json\/wp\/v2\/product_tag?post=33697"}],"curies":[{"name":"wp","href":"https:\/\/api.w.org\/{rel}","templated":true}]}}