{"id":33713,"date":"2025-03-12T14:02:27","date_gmt":"2025-03-12T13:02:27","guid":{"rendered":"https:\/\/greenkingdom.ch\/?post_type=product&#038;p=33713"},"modified":"2025-03-12T14:05:16","modified_gmt":"2025-03-12T13:05:16","slug":"ona-mist-dispenser","status":"publish","type":"product","link":"https:\/\/greenkingdom.ch\/it\/prodotto\/ona-mist-dispenser\/","title":{"rendered":"ONA Mist Dispenser"},"content":{"rendered":"<p>Le distributeur de brume ONA est la solution id\u00e9ale pour contr\u00f4ler les odeurs dans les petites pi\u00e8ces ou les zones o\u00f9 les mauvaises odeurs sont fr\u00e9quentes. Parfait pour les salles de bain, les entr\u00e9es, les garde-mangers, les ateliers ou les points de collecte des d\u00e9chets (jusqu\u2019\u00e0 170 m\u00b2), il offre une solution pratique et efficace.<\/p>\n<p>Pour les espaces plus grands, nous recommandons des mod\u00e8les plus puissants comme le ONA Breeze. Le distributeur ONA Mist est \u00e9quip\u00e9 d\u2019un capteur \u00e9lectronique qui d\u00e9tecte la lumi\u00e8re et ajuste la diffusion en cons\u00e9quence. Tu peux choisir de le faire fonctionner uniquement dans l\u2019obscurit\u00e9, pendant la journ\u00e9e, ou en continu 24 heures sur 24.<\/p>\n<p>Le spray se d\u00e9clenche \u00e0 des intervalles r\u00e9glables de 7,5, 15 ou 30 minutes, offrant un contr\u00f4le total sur la diffusion. Il fonctionne avec deux piles AA et, apr\u00e8s l\u2019insertion, il est normal qu\u2019il ne vaporise pas imm\u00e9diatement. Assure-toi que la porte est bien ferm\u00e9e et que l&#8217;appareil est r\u00e9gl\u00e9 sur le bon mode.<\/p>\n<p>Compatible avec la plupart des a\u00e9rosols standards, le distributeur ONA Mist peut \u00e9galement \u00eatre utilis\u00e9 pour la diffusion de pesticides ou d&#8217;autres a\u00e9rosols. Id\u00e9al pour rendre toute petite pi\u00e8ce agr\u00e9able et parfum\u00e9e, il te permet de ma\u00eetriser les odeurs d\u00e9sagr\u00e9ables avec facilit\u00e9.<\/p>\n<p>Commandes d\u00e8s maintenant le distributeur ONA Mist et transforme l\u2019air de tes petites pi\u00e8ces en un espace frais et accueillant.<\/p>\n","protected":false},"excerpt":{"rendered":"<p>Le distributeur de brume ONA est la solution id\u00e9ale pour contr\u00f4ler les odeurs dans les petites pi\u00e8ces ou les zones o\u00f9 les mauvaises odeurs sont fr\u00e9quentes. Parfait pour les salles de bain, les entr\u00e9es, les garde-mangers, les ateliers ou les points de collecte des d\u00e9chets (jusqu\u2019\u00e0 170 m\u00b2), il offre une solution pratique et efficace. [&hellip;]<\/p>\n","protected":false},"featured_media":33717,"comment_status":"open","ping_status":"closed","template":"","meta":{"_seopress_robots_primary_cat":"none","_seopress_titles_title":"ONA Mist Dispenser - Green Kingdom","_seopress_titles_desc":"Le distributeur de brume ONA est la solution id\u00e9ale pour contr\u00f4ler les odeurs dans les petites pi\u00e8ces ou les zones o\u00f9 les mauvaises odeurs sont fr\u00e9quentes.","_seopress_robots_index":""},"product_brand":[],"product_cat":[788],"product_tag":[],"class_list":{"0":"post-33713","1":"product","2":"type-product","3":"status-publish","4":"has-post-thumbnail","6":"product_cat-traitement-des-odeurs-it","9":"instock","10":"taxable","11":"shipping-taxable","12":"purchasable","13":"product-type-simple","14":"product-grid-view"},"_links":{"self":[{"href":"https:\/\/greenkingdom.ch\/it\/wp-json\/wp\/v2\/product\/33713","targetHints":{"allow":["GET"]}}],"collection":[{"href":"https:\/\/greenkingdom.ch\/it\/wp-json\/wp\/v2\/product"}],"about":[{"href":"https:\/\/greenkingdom.ch\/it\/wp-json\/wp\/v2\/types\/product"}],"replies":[{"embeddable":true,"href":"https:\/\/greenkingdom.ch\/it\/wp-json\/wp\/v2\/comments?post=33713"}],"version-history":[{"count":1,"href":"https:\/\/greenkingdom.ch\/it\/wp-json\/wp\/v2\/product\/33713\/revisions"}],"predecessor-version":[{"id":33720,"href":"https:\/\/greenkingdom.ch\/it\/wp-json\/wp\/v2\/product\/33713\/revisions\/33720"}],"wp:featuredmedia":[{"embeddable":true,"href":"https:\/\/greenkingdom.ch\/it\/wp-json\/wp\/v2\/media\/33717"}],"wp:attachment":[{"href":"https:\/\/greenkingdom.ch\/it\/wp-json\/wp\/v2\/media?parent=33713"}],"wp:term":[{"taxonomy":"product_brand","embeddable":true,"href":"https:\/\/greenkingdom.ch\/it\/wp-json\/wp\/v2\/product_brand?post=33713"},{"taxonomy":"product_cat","embeddable":true,"href":"https:\/\/greenkingdom.ch\/it\/wp-json\/wp\/v2\/product_cat?post=33713"},{"taxonomy":"product_tag","embeddable":true,"href":"https:\/\/greenkingdom.ch\/it\/wp-json\/wp\/v2\/product_tag?post=33713"}],"curies":[{"name":"wp","href":"https:\/\/api.w.org\/{rel}","templated":true}]}}