{"id":33816,"date":"2025-03-12T14:35:46","date_gmt":"2025-03-12T13:35:46","guid":{"rendered":"https:\/\/greenkingdom.ch\/?post_type=product&#038;p=33816"},"modified":"2025-03-12T14:39:38","modified_gmt":"2025-03-12T13:39:38","slug":"ona-card-sprayer-fresh-linen","status":"publish","type":"product","link":"https:\/\/greenkingdom.ch\/it\/prodotto\/ona-card-sprayer-fresh-linen\/","title":{"rendered":"ONA Card Sprayer Fresh Linen 12ml"},"content":{"rendered":"<p>La carte ONA Spray est un petit dispositif portable con\u00e7u pour \u00e9liminer rapidement les mauvaises odeurs. Facilement transportable dans une poche ou un sac, elle peut \u00eatre utilis\u00e9e partout, \u00e0 tout moment, pour neutraliser les odeurs ind\u00e9sirables qui surviennent.<\/p>\n<p>Que ce soit \u00e0 la maison, dans la voiture ou ailleurs, la carte ONA Spray est la solution id\u00e9ale pour se d\u00e9barrasser des odeurs de fum\u00e9e, d&#8217;animaux ou d&#8217;ordures. Il suffit d&#8217;un simple spray dans l&#8217;air pour que sa formule \u00e0 base d&#8217;huiles essentielles de qualit\u00e9 neutralise naturellement et efficacement les mauvaises odeurs.<\/p>\n<p>Con\u00e7ue pour offrir une \u00e9limination rapide et durable, la carte ONA Spray est un compagnon pratique qui garantit un environnement frais et agr\u00e9able o\u00f9 que vous soyez. Gr\u00e2ce \u00e0 sa formule exclusive d&#8217;huiles essentielles, elle agit en toute s\u00e9curit\u00e9 pour maintenir un air pur.<\/p>\n<p>Pratique et puissant, le format compact de la carte ONA Spray en fait un outil incontournable pour une atmosph\u00e8re toujours fra\u00eeche.<\/p>\n","protected":false},"excerpt":{"rendered":"<p>La carte ONA Spray est un petit dispositif portable con\u00e7u pour \u00e9liminer rapidement les mauvaises odeurs. Facilement transportable dans une poche ou un sac, elle peut \u00eatre utilis\u00e9e partout, \u00e0 tout moment, pour neutraliser les odeurs ind\u00e9sirables qui surviennent. Que ce soit \u00e0 la maison, dans la voiture ou ailleurs, la carte ONA Spray est [&hellip;]<\/p>\n","protected":false},"featured_media":33824,"comment_status":"open","ping_status":"closed","template":"","meta":{"_seopress_robots_primary_cat":"none","_seopress_titles_title":"ONA Card Sprayer Fresh Linen (12ml) - Green Kingdom","_seopress_titles_desc":"Facilement transportable dans une poche ou un sac, elle peut \u00eatre utilis\u00e9e partout, \u00e0 tout moment, pour neutraliser les odeurs ind\u00e9sirables qui surviennent.","_seopress_robots_index":""},"product_brand":[],"product_cat":[788],"product_tag":[],"class_list":{"0":"post-33816","1":"product","2":"type-product","3":"status-publish","4":"has-post-thumbnail","6":"product_cat-traitement-des-odeurs-it","9":"instock","10":"taxable","11":"shipping-taxable","12":"purchasable","13":"product-type-simple","14":"product-grid-view"},"_links":{"self":[{"href":"https:\/\/greenkingdom.ch\/it\/wp-json\/wp\/v2\/product\/33816","targetHints":{"allow":["GET"]}}],"collection":[{"href":"https:\/\/greenkingdom.ch\/it\/wp-json\/wp\/v2\/product"}],"about":[{"href":"https:\/\/greenkingdom.ch\/it\/wp-json\/wp\/v2\/types\/product"}],"replies":[{"embeddable":true,"href":"https:\/\/greenkingdom.ch\/it\/wp-json\/wp\/v2\/comments?post=33816"}],"version-history":[{"count":1,"href":"https:\/\/greenkingdom.ch\/it\/wp-json\/wp\/v2\/product\/33816\/revisions"}],"predecessor-version":[{"id":33827,"href":"https:\/\/greenkingdom.ch\/it\/wp-json\/wp\/v2\/product\/33816\/revisions\/33827"}],"wp:featuredmedia":[{"embeddable":true,"href":"https:\/\/greenkingdom.ch\/it\/wp-json\/wp\/v2\/media\/33824"}],"wp:attachment":[{"href":"https:\/\/greenkingdom.ch\/it\/wp-json\/wp\/v2\/media?parent=33816"}],"wp:term":[{"taxonomy":"product_brand","embeddable":true,"href":"https:\/\/greenkingdom.ch\/it\/wp-json\/wp\/v2\/product_brand?post=33816"},{"taxonomy":"product_cat","embeddable":true,"href":"https:\/\/greenkingdom.ch\/it\/wp-json\/wp\/v2\/product_cat?post=33816"},{"taxonomy":"product_tag","embeddable":true,"href":"https:\/\/greenkingdom.ch\/it\/wp-json\/wp\/v2\/product_tag?post=33816"}],"curies":[{"name":"wp","href":"https:\/\/api.w.org\/{rel}","templated":true}]}}