{"id":33934,"date":"2025-03-12T15:00:20","date_gmt":"2025-03-12T14:00:20","guid":{"rendered":"https:\/\/greenkingdom.ch\/?post_type=product&#038;p=33934"},"modified":"2025-03-12T15:06:00","modified_gmt":"2025-03-12T14:06:00","slug":"ona-liquid-refill-apple-crumble","status":"publish","type":"product","link":"https:\/\/greenkingdom.ch\/it\/prodotto\/ona-liquid-refill-apple-crumble\/","title":{"rendered":"ONA Liquid Refill Apple Crumble 922ml"},"content":{"rendered":"<p>ONA Liquid est une solution polyvalente et efficace pour neutraliser rapidement les mauvaises odeurs. Que ce soit dans des syst\u00e8mes de pulv\u00e9risation commerciaux, des humidificateurs ou par application directe dans l&#8217;air, ONA Liquid \u00e9limine instantan\u00e9ment les odeurs ind\u00e9sirables. Formul\u00e9 \u00e0 base d&#8217;eau, ce produit est s\u00fbr \u00e0 utiliser et peut \u00eatre dilu\u00e9 pour s&#8217;adapter \u00e0 divers besoins. Il est id\u00e9al pour des applications comme le lavage des v\u00eatements impr\u00e9gn\u00e9s d&#8217;odeurs.<\/p>\n<p>Disponible en bouteille de 922 mL (31 fl oz), ONA Liquid est con\u00e7u pour un usage g\u00e9n\u00e9ral. Il suffit d&#8217;ouvrir le bouchon pour l&#8217;utiliser dans un pulv\u00e9risateur manuel ou pour une diffusion directe dans l&#8217;air. Ce produit garantit une neutralisation imm\u00e9diate des odeurs, tout en \u00e9tant \u00e0 la fois efficace et s\u00fbr, ce qui en fait une solution pratique pour un environnement frais et sans odeurs.<\/p>\n","protected":false},"excerpt":{"rendered":"<p>ONA Liquid est une solution polyvalente et efficace pour neutraliser rapidement les mauvaises odeurs. Que ce soit dans des syst\u00e8mes de pulv\u00e9risation commerciaux, des humidificateurs ou par application directe dans l&#8217;air, ONA Liquid \u00e9limine instantan\u00e9ment les odeurs ind\u00e9sirables. Formul\u00e9 \u00e0 base d&#8217;eau, ce produit est s\u00fbr \u00e0 utiliser et peut \u00eatre dilu\u00e9 pour s&#8217;adapter \u00e0 [&hellip;]<\/p>\n","protected":false},"featured_media":33976,"comment_status":"open","ping_status":"closed","template":"","meta":{"_seopress_robots_primary_cat":"none","_seopress_titles_title":"ONA Liquid Refill Apple Crumble (922ml) - Green Kingdom","_seopress_titles_desc":"Que ce soit dans des syst\u00e8mes de pulv\u00e9risation commerciaux, des humidificateurs ou par application directe dans l'air, ONA Liquid \u00e9limine instantan\u00e9ment les odeurs ind\u00e9sirables.","_seopress_robots_index":""},"product_brand":[],"product_cat":[788],"product_tag":[],"class_list":{"0":"post-33934","1":"product","2":"type-product","3":"status-publish","4":"has-post-thumbnail","6":"product_cat-traitement-des-odeurs-it","9":"instock","10":"taxable","11":"shipping-taxable","12":"purchasable","13":"product-type-simple","14":"product-grid-view"},"_links":{"self":[{"href":"https:\/\/greenkingdom.ch\/it\/wp-json\/wp\/v2\/product\/33934","targetHints":{"allow":["GET"]}}],"collection":[{"href":"https:\/\/greenkingdom.ch\/it\/wp-json\/wp\/v2\/product"}],"about":[{"href":"https:\/\/greenkingdom.ch\/it\/wp-json\/wp\/v2\/types\/product"}],"replies":[{"embeddable":true,"href":"https:\/\/greenkingdom.ch\/it\/wp-json\/wp\/v2\/comments?post=33934"}],"version-history":[{"count":2,"href":"https:\/\/greenkingdom.ch\/it\/wp-json\/wp\/v2\/product\/33934\/revisions"}],"predecessor-version":[{"id":33982,"href":"https:\/\/greenkingdom.ch\/it\/wp-json\/wp\/v2\/product\/33934\/revisions\/33982"}],"wp:featuredmedia":[{"embeddable":true,"href":"https:\/\/greenkingdom.ch\/it\/wp-json\/wp\/v2\/media\/33976"}],"wp:attachment":[{"href":"https:\/\/greenkingdom.ch\/it\/wp-json\/wp\/v2\/media?parent=33934"}],"wp:term":[{"taxonomy":"product_brand","embeddable":true,"href":"https:\/\/greenkingdom.ch\/it\/wp-json\/wp\/v2\/product_brand?post=33934"},{"taxonomy":"product_cat","embeddable":true,"href":"https:\/\/greenkingdom.ch\/it\/wp-json\/wp\/v2\/product_cat?post=33934"},{"taxonomy":"product_tag","embeddable":true,"href":"https:\/\/greenkingdom.ch\/it\/wp-json\/wp\/v2\/product_tag?post=33934"}],"curies":[{"name":"wp","href":"https:\/\/api.w.org\/{rel}","templated":true}]}}