{"id":34419,"date":"2025-03-12T17:40:08","date_gmt":"2025-03-12T16:40:08","guid":{"rendered":"https:\/\/greenkingdom.ch\/product\/sanlight-cable-dalimentation-droit\/"},"modified":"2025-03-12T17:40:44","modified_gmt":"2025-03-12T16:40:44","slug":"sanlight-cable-dalimentation-droit","status":"publish","type":"product","link":"https:\/\/greenkingdom.ch\/it\/prodotto\/sanlight-cable-dalimentation-droit\/","title":{"rendered":"Sanlight C\u00e2ble d&#8217;alimentation droit"},"content":{"rendered":"<p>Le c\u00e2ble d&#8217;alimentation Sanlight droit est essentiel pour mettre en marche les luminaires Sanlight de deuxi\u00e8me g\u00e9n\u00e9ration. Ce c\u00e2ble doit \u00eatre command\u00e9 s\u00e9par\u00e9ment lors de l&#8217;achat des nouveaux luminaires Sanlight LED, car il est indispensable au bon fonctionnement de l&#8217;\u00e9quipement.<\/p>\n","protected":false},"excerpt":{"rendered":"<p>Le c\u00e2ble d&#8217;alimentation Sanlight droit est essentiel pour mettre en marche les luminaires Sanlight de deuxi\u00e8me g\u00e9n\u00e9ration. Ce c\u00e2ble doit \u00eatre command\u00e9 s\u00e9par\u00e9ment lors de l&#8217;achat des nouveaux luminaires Sanlight LED, car il est indispensable au bon fonctionnement de l&#8217;\u00e9quipement.<\/p>\n","protected":false},"featured_media":34415,"comment_status":"open","ping_status":"closed","template":"","meta":{"_seopress_robots_primary_cat":"none","_seopress_titles_title":"Sanlight C\u00e2ble d'alimentation droit - Green Kingdom","_seopress_titles_desc":"Le c\u00e2ble d'alimentation Sanlight droit est essentiel pour mettre en marche les luminaires Sanlight de deuxi\u00e8me g\u00e9n\u00e9ration.","_seopress_robots_index":""},"product_brand":[],"product_cat":[560],"product_tag":[],"class_list":{"0":"post-34419","1":"product","2":"type-product","3":"status-publish","4":"has-post-thumbnail","6":"product_cat-led-it","9":"instock","10":"taxable","11":"shipping-taxable","12":"purchasable","13":"product-type-simple","14":"product-grid-view"},"_links":{"self":[{"href":"https:\/\/greenkingdom.ch\/it\/wp-json\/wp\/v2\/product\/34419","targetHints":{"allow":["GET"]}}],"collection":[{"href":"https:\/\/greenkingdom.ch\/it\/wp-json\/wp\/v2\/product"}],"about":[{"href":"https:\/\/greenkingdom.ch\/it\/wp-json\/wp\/v2\/types\/product"}],"replies":[{"embeddable":true,"href":"https:\/\/greenkingdom.ch\/it\/wp-json\/wp\/v2\/comments?post=34419"}],"version-history":[{"count":1,"href":"https:\/\/greenkingdom.ch\/it\/wp-json\/wp\/v2\/product\/34419\/revisions"}],"predecessor-version":[{"id":34422,"href":"https:\/\/greenkingdom.ch\/it\/wp-json\/wp\/v2\/product\/34419\/revisions\/34422"}],"wp:featuredmedia":[{"embeddable":true,"href":"https:\/\/greenkingdom.ch\/it\/wp-json\/wp\/v2\/media\/34415"}],"wp:attachment":[{"href":"https:\/\/greenkingdom.ch\/it\/wp-json\/wp\/v2\/media?parent=34419"}],"wp:term":[{"taxonomy":"product_brand","embeddable":true,"href":"https:\/\/greenkingdom.ch\/it\/wp-json\/wp\/v2\/product_brand?post=34419"},{"taxonomy":"product_cat","embeddable":true,"href":"https:\/\/greenkingdom.ch\/it\/wp-json\/wp\/v2\/product_cat?post=34419"},{"taxonomy":"product_tag","embeddable":true,"href":"https:\/\/greenkingdom.ch\/it\/wp-json\/wp\/v2\/product_tag?post=34419"}],"curies":[{"name":"wp","href":"https:\/\/api.w.org\/{rel}","templated":true}]}}