{"id":34489,"date":"2025-03-12T17:56:48","date_gmt":"2025-03-12T16:56:48","guid":{"rendered":"https:\/\/greenkingdom.ch\/?post_type=product&#038;p=34489"},"modified":"2025-03-12T18:23:18","modified_gmt":"2025-03-12T17:23:18","slug":"sanlight-cable-de-rallonge-coude","status":"publish","type":"product","link":"https:\/\/greenkingdom.ch\/it\/prodotto\/sanlight-cable-de-rallonge-coude\/","title":{"rendered":"Sanlight c\u00e2ble de rallonge coud\u00e9"},"content":{"rendered":"<p>C\u00e2ble secteur s\u00e9rie EVO &amp; s\u00e9rie Q Gen2 coud\u00e9\/CH<\/p>\n","protected":false},"excerpt":{"rendered":"<p>C\u00e2ble secteur s\u00e9rie EVO &amp; s\u00e9rie Q Gen2 coud\u00e9\/CH<\/p>\n","protected":false},"featured_media":34578,"comment_status":"open","ping_status":"closed","template":"","meta":{"_seopress_robots_primary_cat":"none","_seopress_titles_title":"Sanlight c\u00e2ble de rallonge coud\u00e9 - Green Kingdom","_seopress_titles_desc":"Le c\u00e2ble d'alimentation Sanlight droit est essentiel pour mettre en marche les luminaires Sanlight de deuxi\u00e8me g\u00e9n\u00e9ration.","_seopress_robots_index":""},"product_brand":[],"product_cat":[560],"product_tag":[],"class_list":{"0":"post-34489","1":"product","2":"type-product","3":"status-publish","4":"has-post-thumbnail","6":"product_cat-led-it","9":"instock","10":"taxable","11":"shipping-taxable","12":"purchasable","13":"product-type-simple","14":"product-grid-view"},"_links":{"self":[{"href":"https:\/\/greenkingdom.ch\/it\/wp-json\/wp\/v2\/product\/34489","targetHints":{"allow":["GET"]}}],"collection":[{"href":"https:\/\/greenkingdom.ch\/it\/wp-json\/wp\/v2\/product"}],"about":[{"href":"https:\/\/greenkingdom.ch\/it\/wp-json\/wp\/v2\/types\/product"}],"replies":[{"embeddable":true,"href":"https:\/\/greenkingdom.ch\/it\/wp-json\/wp\/v2\/comments?post=34489"}],"version-history":[{"count":1,"href":"https:\/\/greenkingdom.ch\/it\/wp-json\/wp\/v2\/product\/34489\/revisions"}],"predecessor-version":[{"id":34581,"href":"https:\/\/greenkingdom.ch\/it\/wp-json\/wp\/v2\/product\/34489\/revisions\/34581"}],"wp:featuredmedia":[{"embeddable":true,"href":"https:\/\/greenkingdom.ch\/it\/wp-json\/wp\/v2\/media\/34578"}],"wp:attachment":[{"href":"https:\/\/greenkingdom.ch\/it\/wp-json\/wp\/v2\/media?parent=34489"}],"wp:term":[{"taxonomy":"product_brand","embeddable":true,"href":"https:\/\/greenkingdom.ch\/it\/wp-json\/wp\/v2\/product_brand?post=34489"},{"taxonomy":"product_cat","embeddable":true,"href":"https:\/\/greenkingdom.ch\/it\/wp-json\/wp\/v2\/product_cat?post=34489"},{"taxonomy":"product_tag","embeddable":true,"href":"https:\/\/greenkingdom.ch\/it\/wp-json\/wp\/v2\/product_tag?post=34489"}],"curies":[{"name":"wp","href":"https:\/\/api.w.org\/{rel}","templated":true}]}}