{"id":34554,"date":"2025-03-12T18:15:09","date_gmt":"2025-03-12T17:15:09","guid":{"rendered":"https:\/\/greenkingdom.ch\/?post_type=product&#038;p=34554"},"modified":"2025-03-12T18:18:58","modified_gmt":"2025-03-12T17:18:58","slug":"repartiteur-en-y-sanlight-flex-ii","status":"publish","type":"product","link":"https:\/\/greenkingdom.ch\/it\/prodotto\/repartiteur-en-y-sanlight-flex-ii\/","title":{"rendered":"R\u00e9partiteur En Y SANlight FLEX II"},"content":{"rendered":"<p>Le r\u00e9partiteur en Y Sanlight FLEX II \u00e0 2 voies est l&#8217;accessoire id\u00e9al pour optimiser l&#8217;alimentation de vos \u00e9clairages SANlight FLEX II. Ce r\u00e9partiteur vous permet de connecter deux luminaires FLEX II simultan\u00e9ment \u00e0 un seul driver de 25W ou 60W, offrant ainsi une solution simple et efficace pour r\u00e9partir l&#8217;alimentation \u00e9lectrique.<\/p>\n<p>Avec sa conception pratique, il suffit de connecter la fiche WDC19male du r\u00e9partiteur \u00e0 votre driver, puis de brancher les deux prises WDC19female aux c\u00e2bles de vos lampes FLEX II. Cela vous permet de faire fonctionner deux lampes en m\u00eame temps, tout en maintenant une alimentation stable.<\/p>\n<p>Les c\u00e2bles du r\u00e9partiteur, d&#8217;une longueur de 55 cm et 29 cm, offrent une flexibilit\u00e9 suffisante pour installer vos luminaires selon vos besoins. Que vous souhaitiez rapprocher vos lampes ou les espacer davantage, le r\u00e9partiteur en Y permet une configuration flexible de votre syst\u00e8me d&#8217;\u00e9clairage.<\/p>\n<p>Optez pour ce r\u00e9partiteur en Y \u00e0 2 voies pour simplifier vos installations \u00e9lectriques, \u00e9viter les c\u00e2blages encombrants et maximiser l&#8217;efficacit\u00e9 de votre \u00e9clairage SANlight FLEX II.<\/p>\n","protected":false},"excerpt":{"rendered":"<p>Le r\u00e9partiteur en Y Sanlight FLEX II \u00e0 2 voies est l&#8217;accessoire id\u00e9al pour optimiser l&#8217;alimentation de vos \u00e9clairages SANlight FLEX II. Ce r\u00e9partiteur vous permet de connecter deux luminaires FLEX II simultan\u00e9ment \u00e0 un seul driver de 25W ou 60W, offrant ainsi une solution simple et efficace pour r\u00e9partir l&#8217;alimentation \u00e9lectrique. Avec sa conception [&hellip;]<\/p>\n","protected":false},"featured_media":34558,"comment_status":"open","ping_status":"closed","template":"","meta":{"_seopress_robots_primary_cat":"none","_seopress_titles_title":"R\u00e9partiteur En Y SANlight FLEX II - Green Kingdom","_seopress_titles_desc":"Optez pour ce r\u00e9partiteur en Y \u00e0 2 voies pour simplifier vos installations \u00e9lectriques, \u00e9viter les c\u00e2blages encombrants et maximiser l'efficacit\u00e9 de votre \u00e9clairage SANlight FLEX II.","_seopress_robots_index":""},"product_brand":[],"product_cat":[560],"product_tag":[],"class_list":{"0":"post-34554","1":"product","2":"type-product","3":"status-publish","4":"has-post-thumbnail","6":"product_cat-led-it","9":"instock","10":"taxable","11":"shipping-taxable","12":"purchasable","13":"product-type-simple","14":"product-grid-view"},"_links":{"self":[{"href":"https:\/\/greenkingdom.ch\/it\/wp-json\/wp\/v2\/product\/34554","targetHints":{"allow":["GET"]}}],"collection":[{"href":"https:\/\/greenkingdom.ch\/it\/wp-json\/wp\/v2\/product"}],"about":[{"href":"https:\/\/greenkingdom.ch\/it\/wp-json\/wp\/v2\/types\/product"}],"replies":[{"embeddable":true,"href":"https:\/\/greenkingdom.ch\/it\/wp-json\/wp\/v2\/comments?post=34554"}],"version-history":[{"count":1,"href":"https:\/\/greenkingdom.ch\/it\/wp-json\/wp\/v2\/product\/34554\/revisions"}],"predecessor-version":[{"id":34561,"href":"https:\/\/greenkingdom.ch\/it\/wp-json\/wp\/v2\/product\/34554\/revisions\/34561"}],"wp:featuredmedia":[{"embeddable":true,"href":"https:\/\/greenkingdom.ch\/it\/wp-json\/wp\/v2\/media\/34558"}],"wp:attachment":[{"href":"https:\/\/greenkingdom.ch\/it\/wp-json\/wp\/v2\/media?parent=34554"}],"wp:term":[{"taxonomy":"product_brand","embeddable":true,"href":"https:\/\/greenkingdom.ch\/it\/wp-json\/wp\/v2\/product_brand?post=34554"},{"taxonomy":"product_cat","embeddable":true,"href":"https:\/\/greenkingdom.ch\/it\/wp-json\/wp\/v2\/product_cat?post=34554"},{"taxonomy":"product_tag","embeddable":true,"href":"https:\/\/greenkingdom.ch\/it\/wp-json\/wp\/v2\/product_tag?post=34554"}],"curies":[{"name":"wp","href":"https:\/\/api.w.org\/{rel}","templated":true}]}}