{"id":34586,"date":"2025-03-12T18:31:45","date_gmt":"2025-03-12T17:31:45","guid":{"rendered":"https:\/\/greenkingdom.ch\/?post_type=product&#038;p=34586"},"modified":"2025-03-12T18:34:43","modified_gmt":"2025-03-12T17:34:43","slug":"sanlight-bluetooth-dimmer-evo","status":"publish","type":"product","link":"https:\/\/greenkingdom.ch\/it\/prodotto\/sanlight-bluetooth-dimmer-evo\/","title":{"rendered":"Sanlight Bluetooth Dimmer EVO"},"content":{"rendered":"<p>Les luminaires de la s\u00e9rie EVO, \u00e9quip\u00e9s d&#8217;un variateur, permettent un contr\u00f4le de l&#8217;intensit\u00e9 lumineuse allant de 0 \u00e0 100 % gr\u00e2ce \u00e0 la technologie Bluetooth Mesh. Cette technologie offre une gestion facile et flexible des luminaires, particuli\u00e8rement utile lorsqu&#8217;il s&#8217;agit de contr\u00f4ler plusieurs unit\u00e9s en m\u00eame temps. Gr\u00e2ce \u00e0 l&#8217;application <strong>Sanlight Mesh<\/strong>, disponible gratuitement sur le Google Play Store, vous pouvez cr\u00e9er des groupes de luminaires et ajuster l&#8217;intensit\u00e9 lumineuse simultan\u00e9ment avec un seul curseur, simplifiant ainsi le contr\u00f4le de l&#8217;\u00e9clairage dans votre espace.<\/p>\n<p>L&#8217;application permet de g\u00e9rer un r\u00e9seau de jusqu&#8217;\u00e0 3 200 luminaires, ce qui offre une grande capacit\u00e9 pour des installations de grande envergure. Le <strong>Dim to Off<\/strong> permet de couper compl\u00e8tement l&#8217;alimentation des luminaires en les \u00e9teignant via le variateur, une fonctionnalit\u00e9 exclusive \u00e0 la s\u00e9rie EVO. Vous avez \u00e9galement la possibilit\u00e9 de cr\u00e9er des groupes de luminaires pour contr\u00f4ler l&#8217;\u00e9clairage de mani\u00e8re coordonn\u00e9e, avec une gradation pr\u00e9cise par pas de 1 % pour la s\u00e9rie EVO (et 10 % \u00e0 100 % pour la s\u00e9rie Q).<\/p>\n<p>La port\u00e9e du r\u00e9seau Bluetooth Mesh est quasiment illimit\u00e9e, et l&#8217;\u00e9change de donn\u00e9es et de commandes entre les luminaires est s\u00e9curis\u00e9. De plus, des mises \u00e0 jour logicielles gratuites garantissent que vos luminaires restent compatibles avec les derni\u00e8res avanc\u00e9es technologiques. La protection <strong>IP65<\/strong> assure la robustesse et la fiabilit\u00e9 des appareils dans diverses conditions d&#8217;environnement.<\/p>\n<p>L&#8217;application Sanlight Mesh est uniquement disponible pour les appareils Android.<\/p>\n","protected":false},"excerpt":{"rendered":"<p>Les luminaires de la s\u00e9rie EVO, \u00e9quip\u00e9s d&#8217;un variateur, permettent un contr\u00f4le de l&#8217;intensit\u00e9 lumineuse allant de 0 \u00e0 100 % gr\u00e2ce \u00e0 la technologie Bluetooth Mesh. Cette technologie offre une gestion facile et flexible des luminaires, particuli\u00e8rement utile lorsqu&#8217;il s&#8217;agit de contr\u00f4ler plusieurs unit\u00e9s en m\u00eame temps. Gr\u00e2ce \u00e0 l&#8217;application Sanlight Mesh, disponible gratuitement [&hellip;]<\/p>\n","protected":false},"featured_media":34590,"comment_status":"open","ping_status":"closed","template":"","meta":{"_seopress_robots_primary_cat":"none","_seopress_titles_title":"Sanlight Bluetooth Dimmer EVO- Green Kingdom","_seopress_titles_desc":"La port\u00e9e du r\u00e9seau Bluetooth Mesh est quasiment illimit\u00e9e, et l'\u00e9change de donn\u00e9es et de commandes entre les luminaires est s\u00e9curis\u00e9.","_seopress_robots_index":""},"product_brand":[],"product_cat":[560],"product_tag":[],"class_list":{"0":"post-34586","1":"product","2":"type-product","3":"status-publish","4":"has-post-thumbnail","6":"product_cat-led-it","9":"instock","10":"taxable","11":"shipping-taxable","12":"purchasable","13":"product-type-simple","14":"product-grid-view"},"_links":{"self":[{"href":"https:\/\/greenkingdom.ch\/it\/wp-json\/wp\/v2\/product\/34586","targetHints":{"allow":["GET"]}}],"collection":[{"href":"https:\/\/greenkingdom.ch\/it\/wp-json\/wp\/v2\/product"}],"about":[{"href":"https:\/\/greenkingdom.ch\/it\/wp-json\/wp\/v2\/types\/product"}],"replies":[{"embeddable":true,"href":"https:\/\/greenkingdom.ch\/it\/wp-json\/wp\/v2\/comments?post=34586"}],"version-history":[{"count":1,"href":"https:\/\/greenkingdom.ch\/it\/wp-json\/wp\/v2\/product\/34586\/revisions"}],"predecessor-version":[{"id":34593,"href":"https:\/\/greenkingdom.ch\/it\/wp-json\/wp\/v2\/product\/34586\/revisions\/34593"}],"wp:featuredmedia":[{"embeddable":true,"href":"https:\/\/greenkingdom.ch\/it\/wp-json\/wp\/v2\/media\/34590"}],"wp:attachment":[{"href":"https:\/\/greenkingdom.ch\/it\/wp-json\/wp\/v2\/media?parent=34586"}],"wp:term":[{"taxonomy":"product_brand","embeddable":true,"href":"https:\/\/greenkingdom.ch\/it\/wp-json\/wp\/v2\/product_brand?post=34586"},{"taxonomy":"product_cat","embeddable":true,"href":"https:\/\/greenkingdom.ch\/it\/wp-json\/wp\/v2\/product_cat?post=34586"},{"taxonomy":"product_tag","embeddable":true,"href":"https:\/\/greenkingdom.ch\/it\/wp-json\/wp\/v2\/product_tag?post=34586"}],"curies":[{"name":"wp","href":"https:\/\/api.w.org\/{rel}","templated":true}]}}